{"id":10000,"date":"2025-08-21T14:21:48","date_gmt":"2025-08-21T12:21:48","guid":{"rendered":"https:\/\/wegeblw.pl\/?post_type=product&#038;p=10000"},"modified":"2026-04-10T05:18:48","modified_gmt":"2026-04-10T03:18:48","slug":"boiron-ignatia-amara-200ch-4-g","status":"publish","type":"product","link":"https:\/\/wegeblw.pl\/index.php\/produkt\/boiron-ignatia-amara-200ch-4-g\/","title":{"rendered":"Boiron Ignatia Amara 200CH 4 g"},"content":{"rendered":"<p>Literatura sensacyjna i grozy<\/p>\n<p>chlebowy do picia, barszcz z butelki, sza\u0142wia na b\u00f3l brzucha, mucha w uchu, herbata zielona z mi\u0119t\u0105, przyprawa do ryb, dieta przyk\u0142adowa, makaron duze muszle, pomys\u0142 na makaron ry\u017cowy, czym zast\u0105pi\u0107 skrobi\u0119 ziemniaczan\u0105<\/p>\n<p>yyyyy<\/p>\n","protected":false},"excerpt":{"rendered":"<p>Literatura sensacyjna i grozy chlebowy do picia, barszcz z butelki, sza\u0142wia na b\u00f3l brzucha, mucha w uchu, herbata zielona z&hellip;<\/p>\n","protected":false},"featured_media":10001,"comment_status":"closed","ping_status":"open","template":"","meta":[],"product_cat":[101],"product_tag":[751,679,677,706],"class_list":["post-10000","product","type-product","status-publish","has-post-thumbnail","hentry","product_cat-homeopatia","product_tag-24-organic","product_tag-dynia-hokkaido","product_tag-health-labs","product_tag-soki-wielowarzywne"],"_links":{"self":[{"href":"https:\/\/wegeblw.pl\/index.php\/wp-json\/wp\/v2\/product\/10000","targetHints":{"allow":["GET"]}}],"collection":[{"href":"https:\/\/wegeblw.pl\/index.php\/wp-json\/wp\/v2\/product"}],"about":[{"href":"https:\/\/wegeblw.pl\/index.php\/wp-json\/wp\/v2\/types\/product"}],"replies":[{"embeddable":true,"href":"https:\/\/wegeblw.pl\/index.php\/wp-json\/wp\/v2\/comments?post=10000"}],"wp:featuredmedia":[{"embeddable":true,"href":"https:\/\/wegeblw.pl\/index.php\/wp-json\/wp\/v2\/media\/10001"}],"wp:attachment":[{"href":"https:\/\/wegeblw.pl\/index.php\/wp-json\/wp\/v2\/media?parent=10000"}],"wp:term":[{"taxonomy":"product_cat","embeddable":true,"href":"https:\/\/wegeblw.pl\/index.php\/wp-json\/wp\/v2\/product_cat?post=10000"},{"taxonomy":"product_tag","embeddable":true,"href":"https:\/\/wegeblw.pl\/index.php\/wp-json\/wp\/v2\/product_tag?post=10000"}],"curies":[{"name":"wp","href":"https:\/\/api.w.org\/{rel}","templated":true}]}}