{"id":10012,"date":"2015-06-01T00:34:00","date_gmt":"2015-05-31T22:34:00","guid":{"rendered":"https:\/\/wegeblw.pl\/index.php\/produkt\/pharmovit-kwasy-tluszczowe-omega-3-max-60kaps\/"},"modified":"2026-04-08T07:31:50","modified_gmt":"2026-04-08T05:31:50","slug":"pharmovit-kwasy-tluszczowe-omega-3-max-60kaps","status":"publish","type":"product","link":"https:\/\/wegeblw.pl\/index.php\/produkt\/pharmovit-kwasy-tluszczowe-omega-3-max-60kaps\/","title":{"rendered":"Pharmovit Kwasy T\u0142uszczowe Omega 3 Max 60Kaps"},"content":{"rendered":"<p>Pyszna, zdrowa baranina i jagni\u0119cina to mi\u0119sa cz\u0119sto dobrze tolerowane przez alergik\u00f3w.Suszone paski z mi\u0119sa to przek\u0105ska dla pupila, kt\u00f3r\u0105 zawsze warto mie\u0107 przy sobie. Dost\u0119pne w wielu wariacjach smakowych &#8211; warto przetestowa\u0107 je wszystkie, \u017ceby znale\u017a\u0107 te, kt\u00f3re najbardziej zasmakuj\u0105 twojemu przyjacielowi.Nie s\u0105 twarde, dlatego bez wi\u0119kszego problemu mo\u017cna je dzieli\u0107 na mniejsze kawa\u0142ki i u\u017cywa\u0107 do nagradzania podczas trening\u00f3w.Odpowiednie dla zwierz\u0105t w ka\u017cdym wieku \u2013 szczeni\u0105t, ps\u00f3w doros\u0142ych, psich senior\u00f3w, ale te\u017c dla kot\u00f3w.Sk\u0142ad: 70% baranina, 30% ko\u015bci z baranaSk\u0142ad analityczny: bia\u0142ko surowe 38,2%, t\u0142uszcz surowy 35%, wilgotno\u015b\u0107 5,7%, popi\u00f3\u0142 surowy 19,08%, w\u0142\u00f3kno surowe &lt;1%<\/p>\n<p>Karmy dla ps\u00f3w<\/p>\n<p>chleb proporcje m\u0105ki i wody, neem olej, \u015bwiadome, co to stewia, sanprobi super formula, tabletki z biotyna, maka jaglana, fasola azuki, olej \u017cywokostowy z gojnikiem cena, jak wygl\u0105da amarantus, odzywki wroclaw, \u017curawina suszona, wega\u0144skie cukierki, cissus, ciecierzyca puszka, pesto pomidorowe<\/p>\n<p>yyyyy<\/p>\n","protected":false},"excerpt":{"rendered":"<p>Pyszna, zdrowa baranina i jagni\u0119cina to mi\u0119sa cz\u0119sto dobrze tolerowane przez alergik\u00f3w.Suszone paski z mi\u0119sa to przek\u0105ska dla pupila, kt\u00f3r\u0105&hellip;<\/p>\n","protected":false},"featured_media":10013,"comment_status":"closed","ping_status":"open","template":"","meta":[],"product_cat":[18],"product_tag":[625,628,654,678],"class_list":["post-10012","product","type-product","status-publish","has-post-thumbnail","hentry","product_cat-mineraly-i-witaminy","product_tag-granat-jak-jesc","product_tag-mieso-roslinne","product_tag-plastik-w-oceanach","product_tag-springrolls"],"_links":{"self":[{"href":"https:\/\/wegeblw.pl\/index.php\/wp-json\/wp\/v2\/product\/10012","targetHints":{"allow":["GET"]}}],"collection":[{"href":"https:\/\/wegeblw.pl\/index.php\/wp-json\/wp\/v2\/product"}],"about":[{"href":"https:\/\/wegeblw.pl\/index.php\/wp-json\/wp\/v2\/types\/product"}],"replies":[{"embeddable":true,"href":"https:\/\/wegeblw.pl\/index.php\/wp-json\/wp\/v2\/comments?post=10012"}],"wp:featuredmedia":[{"embeddable":true,"href":"https:\/\/wegeblw.pl\/index.php\/wp-json\/wp\/v2\/media\/10013"}],"wp:attachment":[{"href":"https:\/\/wegeblw.pl\/index.php\/wp-json\/wp\/v2\/media?parent=10012"}],"wp:term":[{"taxonomy":"product_cat","embeddable":true,"href":"https:\/\/wegeblw.pl\/index.php\/wp-json\/wp\/v2\/product_cat?post=10012"},{"taxonomy":"product_tag","embeddable":true,"href":"https:\/\/wegeblw.pl\/index.php\/wp-json\/wp\/v2\/product_tag?post=10012"}],"curies":[{"name":"wp","href":"https:\/\/api.w.org\/{rel}","templated":true}]}}