{"id":10026,"date":"2022-05-03T17:34:19","date_gmt":"2022-05-03T15:34:19","guid":{"rendered":"https:\/\/wegeblw.pl\/index.php\/produkt\/pharmovit-kelp-260mg-120kaps\/"},"modified":"2026-04-07T01:38:08","modified_gmt":"2026-04-06T23:38:08","slug":"pharmovit-kelp-260mg-120kaps","status":"publish","type":"product","link":"https:\/\/wegeblw.pl\/index.php\/produkt\/pharmovit-kelp-260mg-120kaps\/","title":{"rendered":"Pharmovit Kelp 260Mg 120Kaps"},"content":{"rendered":"<p>FoodForce Erytrytol naturalny s\u0142odzik 500gErytrytol jest cz\u0119sto stosowany jako zamiennik bia\u0142ego cukru w codziennej diecie. Perfekcyjnie nadaje si\u0119 do s\u0142odzenia napoi, wypiek\u00f3w, oraz wyrob\u00f3w cukierniczych. Pozyskiwany jest podczas fermentacji owoc\u00f3w.Stosowanie: Tak samo jak tradycyjny cukier. Nie nale\u017cy podawa\u0107 dzieciom poni\u017cej 3 roku \u017cycia.Sk\u0142ad:Warto\u015bci od\u017cywcze: w 100 gWarto\u015bci energetyczne 0 kJ \/ 0 kcalT\u0142uszcze 0 gw tym kwasy t\u0142uszczowe nasycone 0 gW\u0119glowodany 100 gw tym cukry 0 gBia\u0142ko 0 gB\u0142onnik 0 gS\u00f3l 0 gWyprodukowano w Polsce dla:FoodForce.plal. Gen. J. Hallera 140\/1980-416 Gda\u0144sk<\/p>\n<p>Cukier i s\u0142odziki<\/p>\n<p>kurkuma piperyna, pieczywo chrupkie bezglutenowe, mi\u00f3d manuka z lidla, b\u0142onnik dzia\u0142anie, wonny olejek z lawendy, pieczywo chrupkie \u017cytnie, kielki soi, quiz kosmetyki, bio spa szczecin, polskie ekologiczne \u015brodki czysto\u015bci, proszek zasadowy langsteiner opinie, b\u0142yskawiczne, ksylitol produkcja, t\u0119pa strona no\u017ca<\/p>\n<p>yyyyy<\/p>\n","protected":false},"excerpt":{"rendered":"<p>FoodForce Erytrytol naturalny s\u0142odzik 500gErytrytol jest cz\u0119sto stosowany jako zamiennik bia\u0142ego cukru w codziennej diecie. Perfekcyjnie nadaje si\u0119 do s\u0142odzenia&hellip;<\/p>\n","protected":false},"featured_media":10027,"comment_status":"closed","ping_status":"open","template":"","meta":[],"product_cat":[42],"product_tag":[778,744,628,702],"class_list":["post-10026","product","type-product","status-publish","has-post-thumbnail","hentry","product_cat-suplementy-na-odchudzanie","product_tag-burak","product_tag-haagen-dazs","product_tag-mieso-roslinne","product_tag-przepis-na-sekacz"],"_links":{"self":[{"href":"https:\/\/wegeblw.pl\/index.php\/wp-json\/wp\/v2\/product\/10026","targetHints":{"allow":["GET"]}}],"collection":[{"href":"https:\/\/wegeblw.pl\/index.php\/wp-json\/wp\/v2\/product"}],"about":[{"href":"https:\/\/wegeblw.pl\/index.php\/wp-json\/wp\/v2\/types\/product"}],"replies":[{"embeddable":true,"href":"https:\/\/wegeblw.pl\/index.php\/wp-json\/wp\/v2\/comments?post=10026"}],"wp:featuredmedia":[{"embeddable":true,"href":"https:\/\/wegeblw.pl\/index.php\/wp-json\/wp\/v2\/media\/10027"}],"wp:attachment":[{"href":"https:\/\/wegeblw.pl\/index.php\/wp-json\/wp\/v2\/media?parent=10026"}],"wp:term":[{"taxonomy":"product_cat","embeddable":true,"href":"https:\/\/wegeblw.pl\/index.php\/wp-json\/wp\/v2\/product_cat?post=10026"},{"taxonomy":"product_tag","embeddable":true,"href":"https:\/\/wegeblw.pl\/index.php\/wp-json\/wp\/v2\/product_tag?post=10026"}],"curies":[{"name":"wp","href":"https:\/\/api.w.org\/{rel}","templated":true}]}}