{"id":10028,"date":"2016-03-15T23:49:53","date_gmt":"2016-03-15T22:49:53","guid":{"rendered":"https:\/\/wegeblw.pl\/index.php\/produkt\/pharmovit-schisandra-cytyniec-chinski-41-300mg-90-kapsulek-90-tab\/"},"modified":"2026-04-19T10:50:13","modified_gmt":"2026-04-19T08:50:13","slug":"pharmovit-schisandra-cytyniec-chinski-41-300mg-90-kapsulek-90-tab","status":"publish","type":"product","link":"https:\/\/wegeblw.pl\/index.php\/produkt\/pharmovit-schisandra-cytyniec-chinski-41-300mg-90-kapsulek-90-tab\/","title":{"rendered":"Pharmovit Schisandra Cytyniec Chi\u0144ski 4:1 300Mg 90 Kapsu\u0142ek 90 Tab"},"content":{"rendered":"<p>Suplementy na odchudzanie<\/p>\n<p>mleka ro\u015blinne, tortilla pszenna, babalski sklep, zepsuty ocet jab\u0142kowy, chrupki pizza, kostki roso\u0142owe bio<\/p>\n<p>yyyyy<\/p>\n","protected":false},"excerpt":{"rendered":"<p>Suplementy na odchudzanie mleka ro\u015blinne, tortilla pszenna, babalski sklep, zepsuty ocet jab\u0142kowy, chrupki pizza, kostki roso\u0142owe bio yyyyy<\/p>\n","protected":false},"featured_media":10029,"comment_status":"closed","ping_status":"open","template":"","meta":[],"product_cat":[18],"product_tag":[634,768,782,792],"class_list":["post-10028","product","type-product","status-publish","has-post-thumbnail","hentry","product_cat-mineraly-i-witaminy","product_tag-amarantus","product_tag-pasztet-z-soczewicy-z-suszonymi-pomidorami","product_tag-rekawiczki-nitrylowe-l","product_tag-vigo"],"_links":{"self":[{"href":"https:\/\/wegeblw.pl\/index.php\/wp-json\/wp\/v2\/product\/10028","targetHints":{"allow":["GET"]}}],"collection":[{"href":"https:\/\/wegeblw.pl\/index.php\/wp-json\/wp\/v2\/product"}],"about":[{"href":"https:\/\/wegeblw.pl\/index.php\/wp-json\/wp\/v2\/types\/product"}],"replies":[{"embeddable":true,"href":"https:\/\/wegeblw.pl\/index.php\/wp-json\/wp\/v2\/comments?post=10028"}],"wp:featuredmedia":[{"embeddable":true,"href":"https:\/\/wegeblw.pl\/index.php\/wp-json\/wp\/v2\/media\/10029"}],"wp:attachment":[{"href":"https:\/\/wegeblw.pl\/index.php\/wp-json\/wp\/v2\/media?parent=10028"}],"wp:term":[{"taxonomy":"product_cat","embeddable":true,"href":"https:\/\/wegeblw.pl\/index.php\/wp-json\/wp\/v2\/product_cat?post=10028"},{"taxonomy":"product_tag","embeddable":true,"href":"https:\/\/wegeblw.pl\/index.php\/wp-json\/wp\/v2\/product_tag?post=10028"}],"curies":[{"name":"wp","href":"https:\/\/api.w.org\/{rel}","templated":true}]}}