{"id":1013,"date":"2025-07-14T07:34:17","date_gmt":"2025-07-14T05:34:17","guid":{"rendered":"https:\/\/wegeblw.pl\/?post_type=product&#038;p=1013"},"modified":"2026-04-09T15:02:57","modified_gmt":"2026-04-09T13:02:57","slug":"jodyna-10-g-zd-gemi","status":"publish","type":"product","link":"https:\/\/wegeblw.pl\/index.php\/produkt\/jodyna-10-g-zd-gemi\/","title":{"rendered":"JODYNA 10 G zD GEMI"},"content":{"rendered":"<p>Literatura sensacyjna i grozy<\/p>\n<p>chlebowy do picia, barszcz z butelki, sza\u0142wia na b\u00f3l brzucha, mucha w uchu, herbata zielona z mi\u0119t\u0105, przyprawa do ryb, dieta przyk\u0142adowa, makaron duze muszle, pomys\u0142 na makaron ry\u017cowy, czym zast\u0105pi\u0107 skrobi\u0119 ziemniaczan\u0105<\/p>\n<p>yyyyy<\/p>\n","protected":false},"excerpt":{"rendered":"<p>Literatura sensacyjna i grozy chlebowy do picia, barszcz z butelki, sza\u0142wia na b\u00f3l brzucha, mucha w uchu, herbata zielona z&hellip;<\/p>\n","protected":false},"featured_media":1014,"comment_status":"closed","ping_status":"open","template":"","meta":[],"product_cat":[103],"product_tag":[765,815,687,846],"class_list":["post-1013","product","type-product","status-publish","has-post-thumbnail","hentry","product_cat-apteczki-i-materialy-opatrunkowe","product_tag-makaron-bez-kalorii","product_tag-margaryny-bez-oleju-palmowego","product_tag-produkty-bez-bialka","product_tag-sekacz"],"_links":{"self":[{"href":"https:\/\/wegeblw.pl\/index.php\/wp-json\/wp\/v2\/product\/1013","targetHints":{"allow":["GET"]}}],"collection":[{"href":"https:\/\/wegeblw.pl\/index.php\/wp-json\/wp\/v2\/product"}],"about":[{"href":"https:\/\/wegeblw.pl\/index.php\/wp-json\/wp\/v2\/types\/product"}],"replies":[{"embeddable":true,"href":"https:\/\/wegeblw.pl\/index.php\/wp-json\/wp\/v2\/comments?post=1013"}],"wp:featuredmedia":[{"embeddable":true,"href":"https:\/\/wegeblw.pl\/index.php\/wp-json\/wp\/v2\/media\/1014"}],"wp:attachment":[{"href":"https:\/\/wegeblw.pl\/index.php\/wp-json\/wp\/v2\/media?parent=1013"}],"wp:term":[{"taxonomy":"product_cat","embeddable":true,"href":"https:\/\/wegeblw.pl\/index.php\/wp-json\/wp\/v2\/product_cat?post=1013"},{"taxonomy":"product_tag","embeddable":true,"href":"https:\/\/wegeblw.pl\/index.php\/wp-json\/wp\/v2\/product_tag?post=1013"}],"curies":[{"name":"wp","href":"https:\/\/api.w.org\/{rel}","templated":true}]}}