{"id":1029,"date":"2018-08-22T19:33:53","date_gmt":"2018-08-22T17:33:53","guid":{"rendered":"https:\/\/wegeblw.pl\/index.php\/produkt\/bandi-eliksir-mlodosci-40-ultimate-elixir-30ml\/"},"modified":"2026-04-08T08:04:52","modified_gmt":"2026-04-08T06:04:52","slug":"bandi-eliksir-mlodosci-40-ultimate-elixir-30ml","status":"publish","type":"product","link":"https:\/\/wegeblw.pl\/index.php\/produkt\/bandi-eliksir-mlodosci-40-ultimate-elixir-30ml\/","title":{"rendered":"Bandi Eliksir m\u0142odo\u015bci 40+ Ultimate elixir 30ml"},"content":{"rendered":"<p>Suplement diety &#8211; Skrzyp Total Repair, pi\u0119kne w\u0142osy, sk\u00f3ra i paznokcie.<\/p>\n<p>Nutrikosmetyki<\/p>\n<p>w\u0142a\u015bciwo\u015bci kaszy gryczanej, pasta z wanilii, mleko owsiane sklad, citrouille, bezglutenowe pieczywo, zdrowa \u017cywno\u015b\u0107 olsztyn, popcorn w kinie cena, ciasto dro\u017cd\u017cowe bezglutenowe, fru\u017celina z bor\u00f3wek, daktyle a menopauz\u0105, na co mieta, jagoda goji cena, olejek eteryczny do inhalacji, woda utleniona do picia, w\u0119giel aktywny w kapsu\u0142kach, olej z konopii cbd<\/p>\n<p><a href=\"https:\/\/solutconstruction.pl\/szczecin.html\">wiercenie w betonie Szczecin<\/a><\/p>\n","protected":false},"excerpt":{"rendered":"<p>Suplement diety &#8211; Skrzyp Total Repair, pi\u0119kne w\u0142osy, sk\u00f3ra i paznokcie. Nutrikosmetyki w\u0142a\u015bciwo\u015bci kaszy gryczanej, pasta z wanilii, mleko owsiane&hellip;<\/p>\n","protected":false},"featured_media":1030,"comment_status":"closed","ping_status":"open","template":"","meta":[],"product_cat":[39],"product_tag":[834,645,770],"class_list":["post-1029","product","type-product","status-publish","has-post-thumbnail","hentry","product_cat-kremy-do-twarzy","product_tag-biosaurus","product_tag-fioletowe-bataty","product_tag-komosa-ryzowa-gotowanie"],"_links":{"self":[{"href":"https:\/\/wegeblw.pl\/index.php\/wp-json\/wp\/v2\/product\/1029","targetHints":{"allow":["GET"]}}],"collection":[{"href":"https:\/\/wegeblw.pl\/index.php\/wp-json\/wp\/v2\/product"}],"about":[{"href":"https:\/\/wegeblw.pl\/index.php\/wp-json\/wp\/v2\/types\/product"}],"replies":[{"embeddable":true,"href":"https:\/\/wegeblw.pl\/index.php\/wp-json\/wp\/v2\/comments?post=1029"}],"wp:featuredmedia":[{"embeddable":true,"href":"https:\/\/wegeblw.pl\/index.php\/wp-json\/wp\/v2\/media\/1030"}],"wp:attachment":[{"href":"https:\/\/wegeblw.pl\/index.php\/wp-json\/wp\/v2\/media?parent=1029"}],"wp:term":[{"taxonomy":"product_cat","embeddable":true,"href":"https:\/\/wegeblw.pl\/index.php\/wp-json\/wp\/v2\/product_cat?post=1029"},{"taxonomy":"product_tag","embeddable":true,"href":"https:\/\/wegeblw.pl\/index.php\/wp-json\/wp\/v2\/product_tag?post=1029"}],"curies":[{"name":"wp","href":"https:\/\/api.w.org\/{rel}","templated":true}]}}