{"id":104,"date":"2015-01-26T16:31:25","date_gmt":"2015-01-26T15:31:25","guid":{"rendered":"https:\/\/wegeblw.pl\/index.php\/produkt\/food-print-80-test-diagnostyczny-nietolerancji-pokarmowej-1szt\/"},"modified":"2026-04-08T04:42:28","modified_gmt":"2026-04-08T02:42:28","slug":"food-print-80-test-diagnostyczny-nietolerancji-pokarmowej-1szt","status":"publish","type":"product","link":"https:\/\/wegeblw.pl\/index.php\/produkt\/food-print-80-test-diagnostyczny-nietolerancji-pokarmowej-1szt\/","title":{"rendered":"Food Print 80+ Test Diagnostyczny Nietolerancji Pokarmowej 1Szt"},"content":{"rendered":"<p>VERSACEVERSUSZjawiskowe damskie szpilki na wysokim obcasiew zestawie z wysok\u0105 doczepian\u0105 cholewk\u0105Bardzo SEXYWykonane z najwy\u017cszej jako\u015bci sk\u00f3ry naturalnej zamszowejMADE IN ITALYDost\u0119pne rozmiary :38 &#8211; d\u0142ugo\u015b\u0107 wk\u0142adki 25.5 cm38.5 &#8211; d\u0142ugo\u015b\u0107 wk\u0142adki 26 cm39 &#8211; d\u0142ugo\u015b\u0107 wk\u0142adki 26.5 cmWysoko\u015b\u0107 obcasa 11.5 cmsk\u00f3ra naturalna najwy\u017cszej jako\u015bciwk\u0142adki sk\u00f3rzane sygnowane firmowym napisemUnikatowy w\u0142oski stylIdealnie wyprofilowaneDoskonale wysmuklaj\u0105 sylwetk\u0119Nowe w oryginalnym kartonieCena butikowa 1799 PLNOszcz\u0119dzasz 1170 PLN<\/p>\n<p>Cz\u00f3\u0142enka<\/p>\n<p>matcha z mlekiem kokosowym, czy w jogurcie jest laktoza, banan suszony, winogrona zielone, multi omega, mi\u00f3d od sadowskich, co zamiast proszku do pieczenia, memoryme, yerba mate elaborada, indeks glikemiczny dynia<\/p>\n<p><a href=\"https:\/\/enklawa-institute.pl\/zabiegi\/laser-diodowy-depilacja\/\">depilacja laserowa szczecin<\/a><\/p>\n","protected":false},"excerpt":{"rendered":"<p>VERSACEVERSUSZjawiskowe damskie szpilki na wysokim obcasiew zestawie z wysok\u0105 doczepian\u0105 cholewk\u0105Bardzo SEXYWykonane z najwy\u017cszej jako\u015bci sk\u00f3ry naturalnej zamszowejMADE IN ITALYDost\u0119pne&hellip;<\/p>\n","protected":false},"featured_media":105,"comment_status":"closed","ping_status":"open","template":"","meta":[],"product_cat":[21],"product_tag":[749,748,632,738,704],"class_list":["post-104","product","type-product","status-publish","has-post-thumbnail","hentry","product_cat-testy-ciazowe-i-diagnostyczne","product_tag-cynamon-cejlonski-wlasciwosci","product_tag-czerwona-soczewica","product_tag-komosa-ryzowa-jak-gotowac","product_tag-mieso-bio","product_tag-naturgreen"],"_links":{"self":[{"href":"https:\/\/wegeblw.pl\/index.php\/wp-json\/wp\/v2\/product\/104","targetHints":{"allow":["GET"]}}],"collection":[{"href":"https:\/\/wegeblw.pl\/index.php\/wp-json\/wp\/v2\/product"}],"about":[{"href":"https:\/\/wegeblw.pl\/index.php\/wp-json\/wp\/v2\/types\/product"}],"replies":[{"embeddable":true,"href":"https:\/\/wegeblw.pl\/index.php\/wp-json\/wp\/v2\/comments?post=104"}],"wp:featuredmedia":[{"embeddable":true,"href":"https:\/\/wegeblw.pl\/index.php\/wp-json\/wp\/v2\/media\/105"}],"wp:attachment":[{"href":"https:\/\/wegeblw.pl\/index.php\/wp-json\/wp\/v2\/media?parent=104"}],"wp:term":[{"taxonomy":"product_cat","embeddable":true,"href":"https:\/\/wegeblw.pl\/index.php\/wp-json\/wp\/v2\/product_cat?post=104"},{"taxonomy":"product_tag","embeddable":true,"href":"https:\/\/wegeblw.pl\/index.php\/wp-json\/wp\/v2\/product_tag?post=104"}],"curies":[{"name":"wp","href":"https:\/\/api.w.org\/{rel}","templated":true}]}}