{"id":1043,"date":"2022-12-30T14:41:47","date_gmt":"2022-12-30T13:41:47","guid":{"rendered":"https:\/\/wegeblw.pl\/?post_type=product&#038;p=1043"},"modified":"2026-04-09T08:58:17","modified_gmt":"2026-04-09T06:58:17","slug":"vichy-dercos-kera-solutions-maska-regenerujacy-200ml","status":"publish","type":"product","link":"https:\/\/wegeblw.pl\/index.php\/produkt\/vichy-dercos-kera-solutions-maska-regenerujacy-200ml\/","title":{"rendered":"VICHY DERCOS Kera Solutions Maska regeneruj\u0105cy 200ml"},"content":{"rendered":"<p>Opis szczeg\u00f3\u0142owyProdukt jest \u017ar\u00f3d\u0142em cynku, w postaci wysoko przyswajalnego chelatu aminokwasowego.W\u0142a\u015bciwo\u015bci: pomaga w utrzymaniu prawid\u0142owej p\u0142odno\u015bci, prawid\u0142owych funkcji rozrodczych oraz pomaga w prawid\u0142owej syntezie DNA. bierze udzia\u0142 w utrzymaniu prawid\u0142owego poziomu testosteronu we krwi. przyczynia si\u0119 do utrzymania prawid\u0142owego metabolizmu makrosk\u0142adnik\u00f3w od\u017cywczych, w tym kwas\u00f3w t\u0142uszczowych, w\u0119glowodan\u00f3w oraz jest niezb\u0119dnny w prawid\u0142owej syntezie bia\u0142ka, co przyczynia si\u0119 do utrzymania zdrowych ko\u015bci, w\u0142os\u00f3w, paznokci i sk\u00f3ry. pomaga w utrzymaniu prawid\u0142owego metabolizmu witaminy A, a to zwi\u0105zane jest z utrzymaniem prawid\u0142owego widzenia. wzmacnia uk\u0142ad odporno\u015bciowy oraz chroni kom\u00f3rki przed stresem oksydacyjnym.Spos\u00f3b u\u017cycia: 1 kapsu\u0142kaParametry produktuDawkowanieDzienna porcja &#8211; 1 kapsu\u0142ka.Wydawanie suplementuBez receptyTyp pakowaniaButelkiZastosowanieOd\u017cywczeSpos\u00f3b przyjmowania lekuDoustniePrzechowywanieW oryginalnym opakowaniu, chroni\u0107 przed \u015bwiat\u0142em, W miejscu niedost\u0119pnym dla zwierz\u0105t, W temperaturze pokojowej, W miejscu niedost\u0119pnym dla dzieciPrzeznaczenieDla kobiet, Dla m\u0119\u017cczyznSk\u0142adSubstancja wype\u0142niaj\u0105ca &#8211; celuloza, diglicynian cynku, substancja przeciwzbrylaj\u0105ca &#8211; sole magnezowe kwas\u00f3w t\u0142uszczowych, kapsu\u0142ka (\u017celatyna, barwnik &#8211; dwutlenek tytanu).Posta\u0107 lekuKapsu\u0142kiKod CN2106 90 92WskazaniaZastosowanie od\u017cywczeKr\u00f3tki opis marketingowyProdukt jest \u017ar\u00f3d\u0142em cynku, w postaci wysoko przyswajalnego chelatu aminokwasowego.Waga jednostkowa brutto0,04 kg<\/p>\n<p>Minera\u0142y i witaminy<\/p>\n<p>wanilia przyprawa, olej z omega 3, golabki wegetarianskie, szampon z rokitnikiem<\/p>\n<p>yyyyy<\/p>\n","protected":false},"excerpt":{"rendered":"<p>Opis szczeg\u00f3\u0142owyProdukt jest \u017ar\u00f3d\u0142em cynku, w postaci wysoko przyswajalnego chelatu aminokwasowego.W\u0142a\u015bciwo\u015bci: pomaga w utrzymaniu prawid\u0142owej p\u0142odno\u015bci, prawid\u0142owych funkcji rozrodczych oraz&hellip;<\/p>\n","protected":false},"featured_media":1044,"comment_status":"closed","ping_status":"open","template":"","meta":[],"product_cat":[36],"product_tag":[712,726,703,641],"class_list":["post-1043","product","type-product","status-publish","has-post-thumbnail","hentry","product_cat-dermokosmetyki","product_tag-dynia-pieczona","product_tag-organic","product_tag-por","product_tag-smieci-w-oceanach"],"_links":{"self":[{"href":"https:\/\/wegeblw.pl\/index.php\/wp-json\/wp\/v2\/product\/1043","targetHints":{"allow":["GET"]}}],"collection":[{"href":"https:\/\/wegeblw.pl\/index.php\/wp-json\/wp\/v2\/product"}],"about":[{"href":"https:\/\/wegeblw.pl\/index.php\/wp-json\/wp\/v2\/types\/product"}],"replies":[{"embeddable":true,"href":"https:\/\/wegeblw.pl\/index.php\/wp-json\/wp\/v2\/comments?post=1043"}],"wp:featuredmedia":[{"embeddable":true,"href":"https:\/\/wegeblw.pl\/index.php\/wp-json\/wp\/v2\/media\/1044"}],"wp:attachment":[{"href":"https:\/\/wegeblw.pl\/index.php\/wp-json\/wp\/v2\/media?parent=1043"}],"wp:term":[{"taxonomy":"product_cat","embeddable":true,"href":"https:\/\/wegeblw.pl\/index.php\/wp-json\/wp\/v2\/product_cat?post=1043"},{"taxonomy":"product_tag","embeddable":true,"href":"https:\/\/wegeblw.pl\/index.php\/wp-json\/wp\/v2\/product_tag?post=1043"}],"curies":[{"name":"wp","href":"https:\/\/api.w.org\/{rel}","templated":true}]}}