{"id":1071,"date":"2023-11-12T09:49:53","date_gmt":"2023-11-12T08:49:53","guid":{"rendered":"https:\/\/wegeblw.pl\/?post_type=product&#038;p=1071"},"modified":"2026-04-10T04:38:58","modified_gmt":"2026-04-10T02:38:58","slug":"dumel-discovery-interaktywna-mapa-swiata-60853","status":"publish","type":"product","link":"https:\/\/wegeblw.pl\/index.php\/produkt\/dumel-discovery-interaktywna-mapa-swiata-60853\/","title":{"rendered":"Dumel Discovery Interaktywna Mapa \u015awiata 60853"},"content":{"rendered":"<p>Ci\u015bnieniomierze i akcesoria<\/p>\n<p>kasza jaglana ca\u0142y dzie\u0144, chrupki bezglutenowe, czy cukier trzcinowy jest zdrowszy od bia\u0142ego, vitamin c, rodzaje ser\u00f3w 96<\/p>\n<p>yyyyy<\/p>\n","protected":false},"excerpt":{"rendered":"<p>Ci\u015bnieniomierze i akcesoria kasza jaglana ca\u0142y dzie\u0144, chrupki bezglutenowe, czy cukier trzcinowy jest zdrowszy od bia\u0142ego, vitamin c, rodzaje ser\u00f3w&hellip;<\/p>\n","protected":false},"featured_media":1072,"comment_status":"closed","ping_status":"open","template":"","meta":[],"product_cat":[124],"product_tag":[808,714,739,845],"class_list":["post-1071","product","type-product","status-publish","has-post-thumbnail","hentry","product_cat-zabawki-interaktywne","product_tag-ciasto-sekacz","product_tag-cytryna-ekologiczna","product_tag-makaron-sojowy-indeks-glikemiczny","product_tag-syrop-klonowy"],"_links":{"self":[{"href":"https:\/\/wegeblw.pl\/index.php\/wp-json\/wp\/v2\/product\/1071","targetHints":{"allow":["GET"]}}],"collection":[{"href":"https:\/\/wegeblw.pl\/index.php\/wp-json\/wp\/v2\/product"}],"about":[{"href":"https:\/\/wegeblw.pl\/index.php\/wp-json\/wp\/v2\/types\/product"}],"replies":[{"embeddable":true,"href":"https:\/\/wegeblw.pl\/index.php\/wp-json\/wp\/v2\/comments?post=1071"}],"wp:featuredmedia":[{"embeddable":true,"href":"https:\/\/wegeblw.pl\/index.php\/wp-json\/wp\/v2\/media\/1072"}],"wp:attachment":[{"href":"https:\/\/wegeblw.pl\/index.php\/wp-json\/wp\/v2\/media?parent=1071"}],"wp:term":[{"taxonomy":"product_cat","embeddable":true,"href":"https:\/\/wegeblw.pl\/index.php\/wp-json\/wp\/v2\/product_cat?post=1071"},{"taxonomy":"product_tag","embeddable":true,"href":"https:\/\/wegeblw.pl\/index.php\/wp-json\/wp\/v2\/product_tag?post=1071"}],"curies":[{"name":"wp","href":"https:\/\/api.w.org\/{rel}","templated":true}]}}