{"id":1099,"date":"2019-12-23T23:19:14","date_gmt":"2019-12-23T22:19:14","guid":{"rendered":"https:\/\/wegeblw.pl\/index.php\/produkt\/tabletki-przeciw-niestrawnosci-labofarm-60tabl\/"},"modified":"2026-04-07T01:21:07","modified_gmt":"2026-04-06T23:21:07","slug":"tabletki-przeciw-niestrawnosci-labofarm-60tabl","status":"publish","type":"product","link":"https:\/\/wegeblw.pl\/index.php\/produkt\/tabletki-przeciw-niestrawnosci-labofarm-60tabl\/","title":{"rendered":"TABLETKI PRzECIW NIESTRAWNO\u015aCI LABOFARM 60tabl"},"content":{"rendered":"<p>Curcumin CreamKrem nawil\u017caj\u0105cy przeciw niedoskona\u0142o\u015bciom z kurkumin\u010550 mlIntensywnie nawil\u017cad\u0142ugotrwale matujeskutecznie zmniejsza zaczerwienieniawyg\u0142adza sk\u00f3r\u0119odblokowuje porydzia\u0142a przeciwzmarszczkowozmniejsza nadmiar sebumKrem nawil\u017caj\u0105cy przeciw niedoskona\u0142o\u015bciom z kurkumin\u0105 zamkni\u0119t\u0105 w zaawansowanym no\u015bniku liposomowym. Krem redukuje niedoskona\u0142o\u015bci, zmniejsza wydzielanie sebum, d\u0142ugotrwale matuje i nawil\u017ca w celu zmniejszenia defekt\u00f3w na sk\u00f3rze. Jest idealny dla sk\u00f3ry wra\u017cliwej, mieszanej, t\u0142ustej, z tr\u0105dzikiem lub przebarwieniami.Krem dedykowany problematycznej sk\u00f3rze, skutecznie zwalcza uporczywe niedoskona\u0142o\u015bci oraz przebarwienia potr\u0105dzikowe, zapobiegaj\u0105c ich nawrotom. Formu\u0142a nie zatyka por\u00f3w. Szybko si\u0119 wch\u0142ania. Bogata w sk\u0142adniki bioaktywne \u0142agodzi problemy sk\u00f3rne oraz wyr\u00f3wnuje jej koloryt. Chroni przed dzia\u0142aniem czynnik\u00f3w zewn\u0119trznych takich jak zanieczyszczenia, zmiany temperatury, bakterie czy mro\u017ane powietrze.Unikalny kompleks matuj\u0105cy PROMAT COMPLEX d\u0142ugotrwale matuje. Curcumin cream doskonale sprawdza si\u0119 jako baza pod makija\u017c.Intensywnie nawil\u017ca sk\u00f3r\u0119.Niweluje zaczerwienienia.Zmniejsza wydzielanie sebum.Zwalcza przebarwienia.Dzia\u0142a przeciwzmarszczkowo.I dodatkowo doskonale matuje.Innowacyjna formu\u0142a o wysokiej skuteczno\u015bciG\u0142\u00f3wne sk\u0142adniki aktywne:Kurkumina zamkni\u0119ta w no\u015bniku liposomowym, Naturalny Retinol \u2013 Bakuchiol, Kwas Omega-3, Kwas Omega-6, PROMAT COMPLEX, Kwas hialuronowy, Skwalen, Mas\u0142o Shea, Olej z Avocado, Olej ze s\u0142odkich migda\u0142\u00f3w, Witamina E, GlicerynaKurkuminaKurkumina zamkni\u0119ta w no\u015bniku liposomowym gwarantuje:31% lepsz\u0105 przenikalno\u015b\u0107 kurkuminy.61% wzrost absorbcji kurkuminy.25% redukcj\u0119 ilo\u015bci por\u00f3w.No\u015bnik liposomowy to nowoczesny system dostarczania substancji czynnych bezpo\u015brednio do kom\u00f3rek ludzkiego organizmu oparty na fosfolipidach.Wykorzystanie nowoczesnego no\u015bnika w naszym kremie gwarantuje wysok\u0105 stabilno\u015b\u0107 oraz zwi\u0119kszon\u0105 biodost\u0119pno\u015b\u0107 kurkuminiy o 61%, a tak\u017ce lepsze przenikanie przez nask\u00f3rek oraz absorbcj\u0119 w sk\u00f3rze, w por\u00f3wnaniu z woln\u0105 jej postaci\u0105. Ma wysoki potencja\u0142 antyoksydacyjny. Chroni sk\u00f3r\u0119 przed promieniowaniem UVBakuchinolNaturalny Retinol pozyskany z nasion ro\u015bliny Babchi, poprawia kondycj\u0119 cery tr\u0105dzikowej. Wykazuje wysok\u0105 skuteczno\u015b\u0107 w leczeniu tr\u0105dziku i minimalizowaniu niedoskona\u0142o\u015bci sk\u00f3ry. Zwi\u0119ksza ilo\u015b\u0107 kom\u00f3rek produkuj\u0105cych kolagen i elastyn\u0119. Poprawia si\u0119 g\u0119sto\u015b\u0107, j\u0119drno\u015b\u0107 i spr\u0119\u017cysto\u015b\u0107 sk\u00f3ry. Zmarszczki staj\u0105 si\u0119 wyra\u017anie sp\u0142ycone.Kwasy t\u0142uszczowe Omega 3 i 6Kwasy t\u0142uszczowe Omega w formie ceramid\u00f3w. Omega 3 \u2013 Pozyskany z oleju lnianego, zmniejsza wra\u017cliwo\u015b\u0107 sk\u00f3ry na czynniki zewn\u0119trzne. Omega-6 \u2013 Pozyskany z oleju z krokosza bawarskiego, nawil\u017ca i \u0142agodzi.Kwas hialuronowyKwas hialuronowy tworzy na powierzchni sk\u00f3ry hydrofilowy film ochronny, kt\u00f3ry ogranicza utrat\u0119 wody ze sk\u00f3ry. Sk\u00f3ra jest intensywnie nawil\u017cona, wyg\u0142adzona i elastyczna.PROMAT COMPLEXPROMAT COMPLEX to unikalny kompleks zmniejsza nadmierne wydzielanie sebum, doskonale matuje sk\u00f3r\u0119, niweluj\u0105c widoczno\u015b\u0107 por\u00f3w. Efekt utrzymuje si\u0119 bardzo d\u0142ugo. Krem idealnie nadaje si\u0119 jako baza pod makija\u017c.Mas\u0142o sheaMas\u0142o Shea regeneruje sk\u00f3r\u0119 chroni\u0105c j\u0105 przed wysuszaniem, dodatkowo delikatnie nat\u0142uszcza sk\u00f3r\u0119 \u0142agodz\u0105c podra\u017cnieniaOlej z AwokadoOlej z Awokado skutecznie wype\u0142nia mikroobszary, w kt\u00f3rych ochronna bariera lipidowa uleg\u0142a uszkodzeniu, przyczyniaj\u0105c si\u0119 do szybkiej regeneracji nask\u00f3rka. G\u0142\u0119boko nawil\u017ca i \u0142agodzi objawy podra\u017cnieniaOlej ze s\u0142odkich migda\u0142\u00f3wOlej ze s\u0142odkich migda\u0142\u00f3w stanowi bogate \u017ar\u00f3d\u0142o witamin i minera\u0142\u00f3w.Witamina EWitamin E to silny przeciwutleniacz, kt\u00f3ry neutralizuje wolne rodnikiGlicerynaGliceryna nawil\u017caStosowanie i piel\u0119gnacjaKrem na\u0142\u00f3\u017c rano i wieczorem na oczyszczon\u0105 sk\u00f3r\u0119 twarzy. Nast\u0119pnie pozostaw do wch\u0142oni\u0119cia. Stosuj go r\u00f3wnie\u017c pod makija\u017c \u2013 \u015bwietnie matuje!Piel\u0119gnacja cery: wra\u017cliwej, mieszanej, t\u0142ustej, ze sk\u0142onno\u015bci\u0105 przebarwie\u0144. Profilaktyka przeciwzmarszczkowa._________________________________________________________________________________________________________________Sk\u0142ad (INGREDIENTS): AQUA, CAPRYLIC\/CAPRIC TRIGLYCERIDE, COCO-CAPRYLATE \/ CAPRATE, POLYGLYCERYL-3 METHYLGLUCOSE DISTEARATE, BUTYROSPERMUM PARKII BUTTER, PRUNUS AMYGDALUS DULCIS OIL, CELLULOSE, GLYCERIN, GLYCERYL STEARATE, PERSEA GRATISSIMA OIL, MYRISTYL MYRISTATE, SQUALENE, TOCOPHERYL ACETATE, CETEARYL ALCOHOL, PHENOXYETHANOL, BAKUCHIOL, PHOSPHATIDYLCHOLINE, PARFUM, LINSEED OIL \/ PALM OIL AMINOPROPANEDIOL ESTERS, SAFFLOWER OIL \/ PALM OIL AMINOPROPANEDIOL ESTERS, SODIUM HYALURONATE, CURCUMIN, PROPANEDIOL, ETHYLHEXYLGLYCERIN, XANTHAN GUM, TOCOPHEROL, ASCORBYL PALMITATE, ACRYLATES\/C 10-30 ALKYL ACRYLATE CROSSPOLYMER, CARBOMER, MONOSODIUM CITRATE, SODIUM HYDROXIDE.Producent: Dermash CosmeticsOpakowanie: 50 mlData wa\u017cno\u015bci: 12\/2021<\/p>\n<p>Kremy do twarzy<\/p>\n<p>bicaps collagen, smoothie ze szpinakiem, sklep ketogeniczny warszawa, p\u0142yn lugola &#8211; zastosowanie, co robi dietetyk, soki t\u0142oczone z dostaw\u0105 do domu, ekologiczna zywnosc, sklep z naturaln\u0105 \u017cywno\u015bci\u0105, r\u00f3\u017ca u dzieci, czarny kawior z jakiej ryby, warstwy, krem na brodawki, maska siarczkowa, przepisy na kasz\u0119 gryczan\u0105, zakwas z burak\u00f3w zakwasownia, wit.k2mk7, owsianka gluten, na co mi\u00f3d rzepakowy, hamann sklep, eko bazar wroc\u0142aw<\/p>\n<p>yyyyy<\/p>\n","protected":false},"excerpt":{"rendered":"<p>Curcumin CreamKrem nawil\u017caj\u0105cy przeciw niedoskona\u0142o\u015bciom z kurkumin\u010550 mlIntensywnie nawil\u017cad\u0142ugotrwale matujeskutecznie zmniejsza zaczerwienieniawyg\u0142adza sk\u00f3r\u0119odblokowuje porydzia\u0142a przeciwzmarszczkowozmniejsza nadmiar sebumKrem nawil\u017caj\u0105cy przeciw niedoskona\u0142o\u015bciom&hellip;<\/p>\n","protected":false},"featured_media":1100,"comment_status":"closed","ping_status":"open","template":"","meta":[],"product_cat":[20],"product_tag":[877,833,672,785,663,867],"class_list":["post-1099","product","type-product","status-publish","has-post-thumbnail","hentry","product_cat-preparaty-medycyny-naturalnej","product_tag-bita-smietana-bez-laktozy","product_tag-maka-orkiszowa","product_tag-makaron-zero-kalorii","product_tag-riyal-green","product_tag-sekacz-ciasto","product_tag-siemie-lniane-blonnik"],"_links":{"self":[{"href":"https:\/\/wegeblw.pl\/index.php\/wp-json\/wp\/v2\/product\/1099","targetHints":{"allow":["GET"]}}],"collection":[{"href":"https:\/\/wegeblw.pl\/index.php\/wp-json\/wp\/v2\/product"}],"about":[{"href":"https:\/\/wegeblw.pl\/index.php\/wp-json\/wp\/v2\/types\/product"}],"replies":[{"embeddable":true,"href":"https:\/\/wegeblw.pl\/index.php\/wp-json\/wp\/v2\/comments?post=1099"}],"wp:featuredmedia":[{"embeddable":true,"href":"https:\/\/wegeblw.pl\/index.php\/wp-json\/wp\/v2\/media\/1100"}],"wp:attachment":[{"href":"https:\/\/wegeblw.pl\/index.php\/wp-json\/wp\/v2\/media?parent=1099"}],"wp:term":[{"taxonomy":"product_cat","embeddable":true,"href":"https:\/\/wegeblw.pl\/index.php\/wp-json\/wp\/v2\/product_cat?post=1099"},{"taxonomy":"product_tag","embeddable":true,"href":"https:\/\/wegeblw.pl\/index.php\/wp-json\/wp\/v2\/product_tag?post=1099"}],"curies":[{"name":"wp","href":"https:\/\/api.w.org\/{rel}","templated":true}]}}