{"id":111,"date":"2015-09-01T02:31:43","date_gmt":"2015-09-01T00:31:43","guid":{"rendered":"https:\/\/wegeblw.pl\/index.php\/produkt\/solherbs-rubia-profemina-60kaps\/"},"modified":"2026-04-10T01:23:30","modified_gmt":"2026-04-09T23:23:30","slug":"solherbs-rubia-profemina-60kaps","status":"publish","type":"product","link":"https:\/\/wegeblw.pl\/index.php\/produkt\/solherbs-rubia-profemina-60kaps\/","title":{"rendered":"SOLHERBS Rubia proFemina 60Kaps"},"content":{"rendered":"<p>Zegarek Lorus RM395FX9 czarny na pasku<\/p>\n<p>Zegarki<\/p>\n<p>kwa\u015bna odmiana jab\u0142ek, soda oczyszczona a zdrowie, stanlab chlorek magnezu, menty, bio planet sa, mleko kokosowe konsystencja, beyond meat warszawa, domowy s\u0119kacz, asparagus racemosus, szpinakowe tagliatelle, w legutko, falefel, buraczki cena za kg, kie\u0142kownica bio natura, suszone owoce i warzywa, oliwka po angielsku, pasta kokosowa, zupa miso w\u0142a\u015bciwo\u015bci, zio\u0142o kozieradka, co to jest czosnek nied\u017awiedzi, jako\u015b\u0107 \u017cywno\u015bci<\/p>\n<p>yyyyy<\/p>\n","protected":false},"excerpt":{"rendered":"<p>Zegarek Lorus RM395FX9 czarny na pasku Zegarki kwa\u015bna odmiana jab\u0142ek, soda oczyszczona a zdrowie, stanlab chlorek magnezu, menty, bio planet&hellip;<\/p>\n","protected":false},"featured_media":112,"comment_status":"closed","ping_status":"open","template":"","meta":[],"product_cat":[18],"product_tag":[705,744,730,756,727],"class_list":["post-111","product","type-product","status-publish","has-post-thumbnail","hentry","product_cat-mineraly-i-witaminy","product_tag-guma-guar-szkodliwosc","product_tag-haagen-dazs","product_tag-jogody","product_tag-sklep-ekologiczny-warszawa","product_tag-sok-plus"],"_links":{"self":[{"href":"https:\/\/wegeblw.pl\/index.php\/wp-json\/wp\/v2\/product\/111","targetHints":{"allow":["GET"]}}],"collection":[{"href":"https:\/\/wegeblw.pl\/index.php\/wp-json\/wp\/v2\/product"}],"about":[{"href":"https:\/\/wegeblw.pl\/index.php\/wp-json\/wp\/v2\/types\/product"}],"replies":[{"embeddable":true,"href":"https:\/\/wegeblw.pl\/index.php\/wp-json\/wp\/v2\/comments?post=111"}],"wp:featuredmedia":[{"embeddable":true,"href":"https:\/\/wegeblw.pl\/index.php\/wp-json\/wp\/v2\/media\/112"}],"wp:attachment":[{"href":"https:\/\/wegeblw.pl\/index.php\/wp-json\/wp\/v2\/media?parent=111"}],"wp:term":[{"taxonomy":"product_cat","embeddable":true,"href":"https:\/\/wegeblw.pl\/index.php\/wp-json\/wp\/v2\/product_cat?post=111"},{"taxonomy":"product_tag","embeddable":true,"href":"https:\/\/wegeblw.pl\/index.php\/wp-json\/wp\/v2\/product_tag?post=111"}],"curies":[{"name":"wp","href":"https:\/\/api.w.org\/{rel}","templated":true}]}}