{"id":1113,"date":"2022-01-24T02:38:09","date_gmt":"2022-01-24T01:38:09","guid":{"rendered":"https:\/\/wegeblw.pl\/index.php\/produkt\/dr-irena-eris-liquid-matt-lip-tint-matowa-pomadka-w-plynie-701-6ml\/"},"modified":"2026-04-19T06:14:36","modified_gmt":"2026-04-19T04:14:36","slug":"dr-irena-eris-liquid-matt-lip-tint-matowa-pomadka-w-plynie-701-6ml","status":"publish","type":"product","link":"https:\/\/wegeblw.pl\/index.php\/produkt\/dr-irena-eris-liquid-matt-lip-tint-matowa-pomadka-w-plynie-701-6ml\/","title":{"rendered":"Dr Irena Eris Liquid Matt Lip Tint Matowa Pomadka W P\u0142ynie 701 6ml"},"content":{"rendered":"<p>Literatura sensacyjna i grozy<\/p>\n<p>chlebowy do picia, barszcz z butelki, sza\u0142wia na b\u00f3l brzucha, mucha w uchu, herbata zielona z mi\u0119t\u0105, przyprawa do ryb, dieta przyk\u0142adowa, makaron duze muszle, pomys\u0142 na makaron ry\u017cowy, czym zast\u0105pi\u0107 skrobi\u0119 ziemniaczan\u0105<\/p>\n<p>yyyyy<\/p>\n","protected":false},"excerpt":{"rendered":"<p>Literatura sensacyjna i grozy chlebowy do picia, barszcz z butelki, sza\u0142wia na b\u00f3l brzucha, mucha w uchu, herbata zielona z&hellip;<\/p>\n","protected":false},"featured_media":1114,"comment_status":"closed","ping_status":"open","template":"","meta":[],"product_cat":[129],"product_tag":[834,764,686,674],"class_list":["post-1113","product","type-product","status-publish","has-post-thumbnail","hentry","product_cat-pomadki-do-ust","product_tag-biosaurus","product_tag-jogurty-bez-mleka","product_tag-sekacz-skad","product_tag-warzywa-eko"],"_links":{"self":[{"href":"https:\/\/wegeblw.pl\/index.php\/wp-json\/wp\/v2\/product\/1113","targetHints":{"allow":["GET"]}}],"collection":[{"href":"https:\/\/wegeblw.pl\/index.php\/wp-json\/wp\/v2\/product"}],"about":[{"href":"https:\/\/wegeblw.pl\/index.php\/wp-json\/wp\/v2\/types\/product"}],"replies":[{"embeddable":true,"href":"https:\/\/wegeblw.pl\/index.php\/wp-json\/wp\/v2\/comments?post=1113"}],"wp:featuredmedia":[{"embeddable":true,"href":"https:\/\/wegeblw.pl\/index.php\/wp-json\/wp\/v2\/media\/1114"}],"wp:attachment":[{"href":"https:\/\/wegeblw.pl\/index.php\/wp-json\/wp\/v2\/media?parent=1113"}],"wp:term":[{"taxonomy":"product_cat","embeddable":true,"href":"https:\/\/wegeblw.pl\/index.php\/wp-json\/wp\/v2\/product_cat?post=1113"},{"taxonomy":"product_tag","embeddable":true,"href":"https:\/\/wegeblw.pl\/index.php\/wp-json\/wp\/v2\/product_tag?post=1113"}],"curies":[{"name":"wp","href":"https:\/\/api.w.org\/{rel}","templated":true}]}}