{"id":1119,"date":"2025-05-10T21:34:09","date_gmt":"2025-05-10T19:34:09","guid":{"rendered":"https:\/\/wegeblw.pl\/?post_type=product&#038;p=1119"},"modified":"2026-04-30T11:07:20","modified_gmt":"2026-04-30T09:07:20","slug":"delpos-anti-hair-loss-shampoo-szampon-na-wypadanie-wlosow-200ml","status":"publish","type":"product","link":"https:\/\/wegeblw.pl\/index.php\/produkt\/delpos-anti-hair-loss-shampoo-szampon-na-wypadanie-wlosow-200ml\/","title":{"rendered":"Delpos Anti Hair Loss Shampoo Szampon na wypadanie w\u0142os\u00f3w 200ml"},"content":{"rendered":"<p>Suplementy na odchudzanie<\/p>\n<p>mleka ro\u015blinne, tortilla pszenna, babalski sklep, zepsuty ocet jab\u0142kowy, chrupki pizza, kostki roso\u0142owe bio<\/p>\n<p>yyyyy<\/p>\n","protected":false},"excerpt":{"rendered":"<p>Suplementy na odchudzanie mleka ro\u015blinne, tortilla pszenna, babalski sklep, zepsuty ocet jab\u0142kowy, chrupki pizza, kostki roso\u0142owe bio yyyyy<\/p>\n","protected":false},"featured_media":1120,"comment_status":"closed","ping_status":"open","template":"","meta":[],"product_cat":[48],"product_tag":[834,744,771,675,703],"class_list":["post-1119","product","type-product","status-publish","has-post-thumbnail","hentry","product_cat-szampony-do-wlosow","product_tag-biosaurus","product_tag-haagen-dazs","product_tag-jak-jesc-granat","product_tag-limonki","product_tag-por"],"_links":{"self":[{"href":"https:\/\/wegeblw.pl\/index.php\/wp-json\/wp\/v2\/product\/1119","targetHints":{"allow":["GET"]}}],"collection":[{"href":"https:\/\/wegeblw.pl\/index.php\/wp-json\/wp\/v2\/product"}],"about":[{"href":"https:\/\/wegeblw.pl\/index.php\/wp-json\/wp\/v2\/types\/product"}],"replies":[{"embeddable":true,"href":"https:\/\/wegeblw.pl\/index.php\/wp-json\/wp\/v2\/comments?post=1119"}],"wp:featuredmedia":[{"embeddable":true,"href":"https:\/\/wegeblw.pl\/index.php\/wp-json\/wp\/v2\/media\/1120"}],"wp:attachment":[{"href":"https:\/\/wegeblw.pl\/index.php\/wp-json\/wp\/v2\/media?parent=1119"}],"wp:term":[{"taxonomy":"product_cat","embeddable":true,"href":"https:\/\/wegeblw.pl\/index.php\/wp-json\/wp\/v2\/product_cat?post=1119"},{"taxonomy":"product_tag","embeddable":true,"href":"https:\/\/wegeblw.pl\/index.php\/wp-json\/wp\/v2\/product_tag?post=1119"}],"curies":[{"name":"wp","href":"https:\/\/api.w.org\/{rel}","templated":true}]}}