{"id":1129,"date":"2021-08-10T14:27:20","date_gmt":"2021-08-10T12:27:20","guid":{"rendered":"https:\/\/wegeblw.pl\/index.php\/produkt\/duolife-collagen-body-butter-maslo-do-ciala-200-ml\/"},"modified":"2026-04-07T01:16:32","modified_gmt":"2026-04-06T23:16:32","slug":"duolife-collagen-body-butter-maslo-do-ciala-200-ml","status":"publish","type":"product","link":"https:\/\/wegeblw.pl\/index.php\/produkt\/duolife-collagen-body-butter-maslo-do-ciala-200-ml\/","title":{"rendered":"Duolife Collagen Body Butter Mas\u0142o Do Cia\u0142a 200 Ml"},"content":{"rendered":"<p>System opakowa\u0144 BioProtect1500 mg glukozaminyWegetaria\u0144skiBez skorupiak\u00f3wSuplement diety pe\u0142nowarto\u015bciowyWzmocnienie nadzwyczajnego zdrowiaMisj\u0105 Garden of Life jest wzmacnianie niezwyk\u0142ego zdrowia. Aby wype\u0142ni\u0107 t\u0119 misj\u0119, tworzymy naturalne i skuteczne pe\u0142nowarto\u015bciowe produkty spo\u017cywcze, kt\u00f3re promuj\u0105 zdrowie.Ochrona szerokiego spektrumFYI ULTRA to formu\u0142a o szerokim spektrum dzia\u0142ania na stawy i chrz\u0105stki, wykonana z glukozaminy i silnych sk\u0142adnik\u00f3w przeciwutleniaj\u0105cych, kt\u00f3re wspieraj\u0105 zdrowie staw\u00f3w i tkanki \u0142\u0105cznej.1500 mg glukozaminy wolnej od skorupiak\u00f3w w dziennej porcjiKurkumina w kurkumie wspiera prawid\u0142ow\u0105 obj\u0119to\u015b\u0107 staw\u00f3w i otaczaj\u0105cych tkanek oraz pomaga zoptymalizowa\u0107 poziom enzym\u00f3w, kt\u00f3re normalnie uczestnicz\u0105 w ochronnej odpowiedzi tkanekGranat ma wyj\u0105tkowy profil antyoksydacyjny, kt\u00f3ry wspiera odporno\u015b\u0107 organizmu na uszkodzenia przez wolne rodniki w r\u00f3\u017cnych tkankach, w tym w tkance chrz\u0119stnejAstaksantyna z czerwonych mikroalg wraz z selenem i Boswellia serrata zapewniaj\u0105 wsparcie antyoksydacyjne dla zdrowia tkanek staw\u00f3w<\/p>\n<p>Stawy mi\u0119\u015bnie i ko\u015bci<\/p>\n<p>p\u0142yn do k\u0105pieli od 1 dnia \u017cycia, miod dla babci, bio olej konopny, sawex foods, siarczan magnezu do picia, popping z amarantusa lidl, slodkie mleko<\/p>\n<p><a href=\"https:\/\/www.digitent.pl\/parasole-reklamowe\">digitent.pl\/parasole-reklamowe<\/a><\/p>\n","protected":false},"excerpt":{"rendered":"<p>System opakowa\u0144 BioProtect1500 mg glukozaminyWegetaria\u0144skiBez skorupiak\u00f3wSuplement diety pe\u0142nowarto\u015bciowyWzmocnienie nadzwyczajnego zdrowiaMisj\u0105 Garden of Life jest wzmacnianie niezwyk\u0142ego zdrowia. Aby wype\u0142ni\u0107 t\u0119&hellip;<\/p>\n","protected":false},"featured_media":1130,"comment_status":"closed","ping_status":"open","template":"","meta":[],"product_cat":[130],"product_tag":[780,662,747,775,702],"class_list":["post-1129","product","type-product","status-publish","has-post-thumbnail","hentry","product_cat-kremy-i-masla-do-ciala","product_tag-b12","product_tag-co-mozna-zrobic-z-kokosa","product_tag-guma-guar-co-to","product_tag-kwasna-smietana","product_tag-przepis-na-sekacz"],"_links":{"self":[{"href":"https:\/\/wegeblw.pl\/index.php\/wp-json\/wp\/v2\/product\/1129","targetHints":{"allow":["GET"]}}],"collection":[{"href":"https:\/\/wegeblw.pl\/index.php\/wp-json\/wp\/v2\/product"}],"about":[{"href":"https:\/\/wegeblw.pl\/index.php\/wp-json\/wp\/v2\/types\/product"}],"replies":[{"embeddable":true,"href":"https:\/\/wegeblw.pl\/index.php\/wp-json\/wp\/v2\/comments?post=1129"}],"wp:featuredmedia":[{"embeddable":true,"href":"https:\/\/wegeblw.pl\/index.php\/wp-json\/wp\/v2\/media\/1130"}],"wp:attachment":[{"href":"https:\/\/wegeblw.pl\/index.php\/wp-json\/wp\/v2\/media?parent=1129"}],"wp:term":[{"taxonomy":"product_cat","embeddable":true,"href":"https:\/\/wegeblw.pl\/index.php\/wp-json\/wp\/v2\/product_cat?post=1129"},{"taxonomy":"product_tag","embeddable":true,"href":"https:\/\/wegeblw.pl\/index.php\/wp-json\/wp\/v2\/product_tag?post=1129"}],"curies":[{"name":"wp","href":"https:\/\/api.w.org\/{rel}","templated":true}]}}