{"id":1139,"date":"2023-09-26T16:01:49","date_gmt":"2023-09-26T14:01:49","guid":{"rendered":"https:\/\/wegeblw.pl\/?post_type=product&#038;p=1139"},"modified":"2026-04-08T19:15:31","modified_gmt":"2026-04-08T17:15:31","slug":"hugo-boss-woman-woda-perfumowana-90ml","status":"publish","type":"product","link":"https:\/\/wegeblw.pl\/index.php\/produkt\/hugo-boss-woman-woda-perfumowana-90ml\/","title":{"rendered":"Hugo Boss Woman Woda Perfumowana 90ml"},"content":{"rendered":"<p>Suplementy na odchudzanie<\/p>\n<p>mleka ro\u015blinne, tortilla pszenna, babalski sklep, zepsuty ocet jab\u0142kowy, chrupki pizza, kostki roso\u0142owe bio<\/p>\n<p>yyyyy<\/p>\n","protected":false},"excerpt":{"rendered":"<p>Suplementy na odchudzanie mleka ro\u015blinne, tortilla pszenna, babalski sklep, zepsuty ocet jab\u0142kowy, chrupki pizza, kostki roso\u0142owe bio yyyyy<\/p>\n","protected":false},"featured_media":1140,"comment_status":"closed","ping_status":"open","template":"","meta":[],"product_cat":[34],"product_tag":[712,856,728],"class_list":["post-1139","product","type-product","status-publish","has-post-thumbnail","hentry","product_cat-perfumy-i-wody-damskie","product_tag-dynia-pieczona","product_tag-profilaktyka-cukrzycy","product_tag-roslinne-mieso"],"_links":{"self":[{"href":"https:\/\/wegeblw.pl\/index.php\/wp-json\/wp\/v2\/product\/1139","targetHints":{"allow":["GET"]}}],"collection":[{"href":"https:\/\/wegeblw.pl\/index.php\/wp-json\/wp\/v2\/product"}],"about":[{"href":"https:\/\/wegeblw.pl\/index.php\/wp-json\/wp\/v2\/types\/product"}],"replies":[{"embeddable":true,"href":"https:\/\/wegeblw.pl\/index.php\/wp-json\/wp\/v2\/comments?post=1139"}],"wp:featuredmedia":[{"embeddable":true,"href":"https:\/\/wegeblw.pl\/index.php\/wp-json\/wp\/v2\/media\/1140"}],"wp:attachment":[{"href":"https:\/\/wegeblw.pl\/index.php\/wp-json\/wp\/v2\/media?parent=1139"}],"wp:term":[{"taxonomy":"product_cat","embeddable":true,"href":"https:\/\/wegeblw.pl\/index.php\/wp-json\/wp\/v2\/product_cat?post=1139"},{"taxonomy":"product_tag","embeddable":true,"href":"https:\/\/wegeblw.pl\/index.php\/wp-json\/wp\/v2\/product_tag?post=1139"}],"curies":[{"name":"wp","href":"https:\/\/api.w.org\/{rel}","templated":true}]}}