{"id":1165,"date":"2016-05-08T03:00:10","date_gmt":"2016-05-08T01:00:10","guid":{"rendered":"https:\/\/wegeblw.pl\/index.php\/produkt\/life-lakier-do-paznokci-nr-228-5-5ml\/"},"modified":"2026-04-09T11:47:20","modified_gmt":"2026-04-09T09:47:20","slug":"life-lakier-do-paznokci-nr-228-5-5ml","status":"publish","type":"product","link":"https:\/\/wegeblw.pl\/index.php\/produkt\/life-lakier-do-paznokci-nr-228-5-5ml\/","title":{"rendered":"Life Lakier do paznokci nr 228 5.5ml"},"content":{"rendered":"<p>pi\u0119kny kolor po\u0142\u0105czony z bezpiecze\u0144stwem &#8211; tak mo\u017cna okre\u015bli\u0107 soczewki clear color 55. miesi\u0119czne kolorowe soczewki kontaktowe. przed u\u017cyciem nale\u017cy zapozna\u0107 si\u0119 z instrukcj\u0105<\/p>\n<p>Soczewki kontaktowe<\/p>\n<p>kostki sojowe, pani aga blog, wit c solgar, astron, rytua\u0142 parzenia herbaty, olej z czarnuszki jaki wybra\u0107, kt\u00f3re wino zawiera najwi\u0119cej resweratrolu, poduszka z orkiszu<\/p>\n<p><a href=\"https:\/\/solutconstruction.pl\/szczecin.html\">wiercenie w betonie Szczecin<\/a><\/p>\n","protected":false},"excerpt":{"rendered":"<p>pi\u0119kny kolor po\u0142\u0105czony z bezpiecze\u0144stwem &#8211; tak mo\u017cna okre\u015bli\u0107 soczewki clear color 55. miesi\u0119czne kolorowe soczewki kontaktowe. przed u\u017cyciem nale\u017cy&hellip;<\/p>\n","protected":false},"featured_media":1166,"comment_status":"closed","ping_status":"open","template":"","meta":[],"product_cat":[134],"product_tag":[657,720,838,772],"class_list":["post-1165","product","type-product","status-publish","has-post-thumbnail","hentry","product_cat-lakiery-do-paznokci","product_tag-filet-z-indyka","product_tag-komose","product_tag-olej-kokosowy-rafinowany-czy-nierafinowany","product_tag-ser-owczy"],"_links":{"self":[{"href":"https:\/\/wegeblw.pl\/index.php\/wp-json\/wp\/v2\/product\/1165","targetHints":{"allow":["GET"]}}],"collection":[{"href":"https:\/\/wegeblw.pl\/index.php\/wp-json\/wp\/v2\/product"}],"about":[{"href":"https:\/\/wegeblw.pl\/index.php\/wp-json\/wp\/v2\/types\/product"}],"replies":[{"embeddable":true,"href":"https:\/\/wegeblw.pl\/index.php\/wp-json\/wp\/v2\/comments?post=1165"}],"wp:featuredmedia":[{"embeddable":true,"href":"https:\/\/wegeblw.pl\/index.php\/wp-json\/wp\/v2\/media\/1166"}],"wp:attachment":[{"href":"https:\/\/wegeblw.pl\/index.php\/wp-json\/wp\/v2\/media?parent=1165"}],"wp:term":[{"taxonomy":"product_cat","embeddable":true,"href":"https:\/\/wegeblw.pl\/index.php\/wp-json\/wp\/v2\/product_cat?post=1165"},{"taxonomy":"product_tag","embeddable":true,"href":"https:\/\/wegeblw.pl\/index.php\/wp-json\/wp\/v2\/product_tag?post=1165"}],"curies":[{"name":"wp","href":"https:\/\/api.w.org\/{rel}","templated":true}]}}