{"id":1167,"date":"2018-10-11T00:59:17","date_gmt":"2018-10-10T22:59:17","guid":{"rendered":"https:\/\/wegeblw.pl\/index.php\/produkt\/life-kwadratowe-50szt\/"},"modified":"2026-04-08T04:03:29","modified_gmt":"2026-04-08T02:03:29","slug":"life-kwadratowe-50szt","status":"publish","type":"product","link":"https:\/\/wegeblw.pl\/index.php\/produkt\/life-kwadratowe-50szt\/","title":{"rendered":"Life Kwadratowe 50szt."},"content":{"rendered":"<p>Suunto &#8211; marka dla ka\u017cdego sportowcaZegarki Suunto od lat znane s\u0105 jako idealne propozycje dla os\u00f3b, kt\u00f3re poszukuj\u0105 niezawodnych i wysoce funkcjonalnych modeli sportowych, znakomicie sprawdzaj\u0105cych si\u0119 nawet przy najbardziej wymagaj\u0105cych aktywno\u015bciach. Szereg przydatnych funkcji, w kt\u00f3re wyposa\u017cone s\u0105 te czasomierze, w znaczny spos\u00f3b u\u0142atwi\u0105 ka\u017cdy trening. Firma Suunto powsta\u0142a w 1936 roku i od tego czasu promuje aktywno\u015b\u0107 tworz\u0105c sprz\u0119t da sportowc\u00f3w i podr\u00f3\u017cnik\u00f3w. Od lat niezmiennie zajmuje pozycj\u0119 lidera w\u015br\u00f3d producent\u00f3w zegark\u00f3w sportowych tworz\u0105c urz\u0105dzenia niezwykle trwa\u0142e, precyzyjne i niezawodne.                            <\/p>\n<p>Suunto CoreZegarek Suunto Core to model przydatny szczeg\u00f3lnie podczas g\u00f3rskich w\u0119dr\u00f3wek i dalekich podr\u00f3\u017cy. Sk\u0142ada si\u0119 z okr\u0105g\u0142ej koperty wykonanej z kompozytu, materia\u0142owego paska oraz cyfrowego wy\u015bwietlacza, kt\u00f3ry przed uszkodzeniem zabezpiecza szkie\u0142ko mineralne. Ca\u0142o\u015b\u0107 ma kolor czarny i zosta\u0142a wzbogacona \u017c\u00f3\u0142tymi akcentami widocznymi na kopercie. Urz\u0105dzenie wyposa\u017cono w kompas, termometr i wiele innych funkcji. Za jego niezak\u0142\u00f3con\u0105 prac\u0119 odpowiada wbudowana bateria.                            <\/p>\n<p>Smartwatch na wyprawy i na co dzie\u0144Dzi\u0119ki rozbudowanym funkcjom barometru zegarek umo\u017cliwia wy\u015bwietlenie wykresu ci\u015bnienia na poziomie morza. W modelu nie zabrak\u0142o r\u00f3wnie\u017c podstawowych funkcji, najcz\u0119\u015bciej u\u017cywanych przez posiadaczy zegark\u00f3w multifunkcyjnych. Suunto CORE posiada kalendarz, alarm, stoper, timer oraz wska\u017anik drugiej strefy czasowej. Zegarek wyposa\u017cono ponadto w menu w j\u0119zykach angielskim, niemieckim, hiszpa\u0144skim i francuskim.<\/p>\n<p>Monitory pracy serca pulsometry<\/p>\n<p>olejek z drzewa herbacianego zastosowanie, wege produkty, dynia w\u0142a\u015bciwo\u015bci od\u017cywcze, kupie orzechy, kostka soli<\/p>\n<p>yyyyy<\/p>\n","protected":false},"excerpt":{"rendered":"<p>Suunto &#8211; marka dla ka\u017cdego sportowcaZegarki Suunto od lat znane s\u0105 jako idealne propozycje dla os\u00f3b, kt\u00f3re poszukuj\u0105 niezawodnych i&hellip;<\/p>\n","protected":false},"featured_media":1168,"comment_status":"closed","ping_status":"open","template":"","meta":[],"product_cat":[135],"product_tag":[794,841,657,746,690,646],"class_list":["post-1167","product","type-product","status-publish","has-post-thumbnail","hentry","product_cat-platki-kosmetyczne","product_tag-awokado-hass","product_tag-biolab-shop","product_tag-filet-z-indyka","product_tag-majonez-byodo","product_tag-maka-z-cieciorki","product_tag-slodycze-weganskie"],"_links":{"self":[{"href":"https:\/\/wegeblw.pl\/index.php\/wp-json\/wp\/v2\/product\/1167","targetHints":{"allow":["GET"]}}],"collection":[{"href":"https:\/\/wegeblw.pl\/index.php\/wp-json\/wp\/v2\/product"}],"about":[{"href":"https:\/\/wegeblw.pl\/index.php\/wp-json\/wp\/v2\/types\/product"}],"replies":[{"embeddable":true,"href":"https:\/\/wegeblw.pl\/index.php\/wp-json\/wp\/v2\/comments?post=1167"}],"wp:featuredmedia":[{"embeddable":true,"href":"https:\/\/wegeblw.pl\/index.php\/wp-json\/wp\/v2\/media\/1168"}],"wp:attachment":[{"href":"https:\/\/wegeblw.pl\/index.php\/wp-json\/wp\/v2\/media?parent=1167"}],"wp:term":[{"taxonomy":"product_cat","embeddable":true,"href":"https:\/\/wegeblw.pl\/index.php\/wp-json\/wp\/v2\/product_cat?post=1167"},{"taxonomy":"product_tag","embeddable":true,"href":"https:\/\/wegeblw.pl\/index.php\/wp-json\/wp\/v2\/product_tag?post=1167"}],"curies":[{"name":"wp","href":"https:\/\/api.w.org\/{rel}","templated":true}]}}