{"id":119,"date":"2016-12-08T04:05:50","date_gmt":"2016-12-08T03:05:50","guid":{"rendered":"https:\/\/wegeblw.pl\/index.php\/produkt\/swanson-evening-primrose-oil-1300mgx100kaps\/"},"modified":"2026-04-08T07:59:31","modified_gmt":"2026-04-08T05:59:31","slug":"swanson-evening-primrose-oil-1300mgx100kaps","status":"publish","type":"product","link":"https:\/\/wegeblw.pl\/index.php\/produkt\/swanson-evening-primrose-oil-1300mgx100kaps\/","title":{"rendered":"Swanson Evening Primrose Oil 1300Mgx100kaps"},"content":{"rendered":"<p>Okulary do korekcji wzroku. Wada wzroku: 2,0. Kolor br\u0105zowy.<\/p>\n<p>Okulary oprawki i szk\u0142a<\/p>\n<p>palo santo jak pachnie, s\u0142odycze greckie, suszone kwiaty klitorii, sza\u0142wia chia, chleb orkiszowy sk\u0142ad, ciasto tempura, witamina 3<\/p>\n<p>yyyyy<\/p>\n","protected":false},"excerpt":{"rendered":"<p>Okulary do korekcji wzroku. Wada wzroku: 2,0. Kolor br\u0105zowy. Okulary oprawki i szk\u0142a palo santo jak pachnie, s\u0142odycze greckie, suszone&hellip;<\/p>\n","protected":false},"featured_media":120,"comment_status":"closed","ping_status":"open","template":"","meta":[],"product_cat":[26],"product_tag":[762,723,660],"class_list":["post-119","product","type-product","status-publish","has-post-thumbnail","hentry","product_cat-nutrikosmetyki","product_tag-cynamon-cejlonski","product_tag-guar","product_tag-olej-ryzowy"],"_links":{"self":[{"href":"https:\/\/wegeblw.pl\/index.php\/wp-json\/wp\/v2\/product\/119","targetHints":{"allow":["GET"]}}],"collection":[{"href":"https:\/\/wegeblw.pl\/index.php\/wp-json\/wp\/v2\/product"}],"about":[{"href":"https:\/\/wegeblw.pl\/index.php\/wp-json\/wp\/v2\/types\/product"}],"replies":[{"embeddable":true,"href":"https:\/\/wegeblw.pl\/index.php\/wp-json\/wp\/v2\/comments?post=119"}],"wp:featuredmedia":[{"embeddable":true,"href":"https:\/\/wegeblw.pl\/index.php\/wp-json\/wp\/v2\/media\/120"}],"wp:attachment":[{"href":"https:\/\/wegeblw.pl\/index.php\/wp-json\/wp\/v2\/media?parent=119"}],"wp:term":[{"taxonomy":"product_cat","embeddable":true,"href":"https:\/\/wegeblw.pl\/index.php\/wp-json\/wp\/v2\/product_cat?post=119"},{"taxonomy":"product_tag","embeddable":true,"href":"https:\/\/wegeblw.pl\/index.php\/wp-json\/wp\/v2\/product_tag?post=119"}],"curies":[{"name":"wp","href":"https:\/\/api.w.org\/{rel}","templated":true}]}}