{"id":1197,"date":"2018-07-16T11:09:39","date_gmt":"2018-07-16T09:09:39","guid":{"rendered":"https:\/\/wegeblw.pl\/index.php\/produkt\/konsola-do-przedpokoju-lient-90x35cm-z-szuflada-szary-brazowy115215\/"},"modified":"2026-04-07T03:20:29","modified_gmt":"2026-04-07T01:20:29","slug":"konsola-do-przedpokoju-lient-90x35cm-z-szuflada-szary-brazowy115215","status":"publish","type":"product","link":"https:\/\/wegeblw.pl\/index.php\/produkt\/konsola-do-przedpokoju-lient-90x35cm-z-szuflada-szary-brazowy115215\/","title":{"rendered":"Konsola Do Przedpokoju Lient 90X35Cm Z Szuflad\u0105 Szary\/Br\u0105zowy115215"},"content":{"rendered":"<p>Urz\u0105dzenie SANICO 306982 do zwalczania owad\u00f3w lataj\u0105cych przeznaczone do u\u017cytku zewn\u0119trznego. Idealne dla tych, kt\u00f3rzy ceni\u0105 sobie letnie wieczory bez owad\u00f3w.<\/p>\n<p>Zwalczanie i odstraszanie szkodnik\u00f3w<\/p>\n<p>keto ciasteczka czekoladowe, p\u0142atki z czekolady, szklana r\u00f3\u017ca, mi\u00f3d manuka zastosowanie, fiolki na przyprawy, pieluszki biodegradowalne, wyci\u0105g z guarany, marynowane buraczki w plastrach, bifidobacterium lactis, natural market allegro, co zawieraj\u0105 p\u0142atki owsiane, czerstwe, czy w miodzie jest cukier, piwo bezglutenowe, sos mango curry, muffinki dla diabetyk\u00f3w, s\u00f3l epsom cena<\/p>\n<p>yyyyy<\/p>\n","protected":false},"excerpt":{"rendered":"<p>Urz\u0105dzenie SANICO 306982 do zwalczania owad\u00f3w lataj\u0105cych przeznaczone do u\u017cytku zewn\u0119trznego. Idealne dla tych, kt\u00f3rzy ceni\u0105 sobie letnie wieczory bez&hellip;<\/p>\n","protected":false},"featured_media":1198,"comment_status":"closed","ping_status":"open","template":"","meta":[],"product_cat":[141],"product_tag":[751,808,679,691,781],"class_list":["post-1197","product","type-product","status-publish","has-post-thumbnail","hentry","product_cat-konsole-i-sekretarzyki","product_tag-24-organic","product_tag-ciasto-sekacz","product_tag-dynia-hokkaido","product_tag-olej-ryzowy-wlasciwosci","product_tag-primabiotic-collagen"],"_links":{"self":[{"href":"https:\/\/wegeblw.pl\/index.php\/wp-json\/wp\/v2\/product\/1197","targetHints":{"allow":["GET"]}}],"collection":[{"href":"https:\/\/wegeblw.pl\/index.php\/wp-json\/wp\/v2\/product"}],"about":[{"href":"https:\/\/wegeblw.pl\/index.php\/wp-json\/wp\/v2\/types\/product"}],"replies":[{"embeddable":true,"href":"https:\/\/wegeblw.pl\/index.php\/wp-json\/wp\/v2\/comments?post=1197"}],"wp:featuredmedia":[{"embeddable":true,"href":"https:\/\/wegeblw.pl\/index.php\/wp-json\/wp\/v2\/media\/1198"}],"wp:attachment":[{"href":"https:\/\/wegeblw.pl\/index.php\/wp-json\/wp\/v2\/media?parent=1197"}],"wp:term":[{"taxonomy":"product_cat","embeddable":true,"href":"https:\/\/wegeblw.pl\/index.php\/wp-json\/wp\/v2\/product_cat?post=1197"},{"taxonomy":"product_tag","embeddable":true,"href":"https:\/\/wegeblw.pl\/index.php\/wp-json\/wp\/v2\/product_tag?post=1197"}],"curies":[{"name":"wp","href":"https:\/\/api.w.org\/{rel}","templated":true}]}}