{"id":1207,"date":"2020-06-24T11:26:08","date_gmt":"2020-06-24T09:26:08","guid":{"rendered":"https:\/\/wegeblw.pl\/index.php\/produkt\/linomag-krem-dla-noworodkow-aquastop-50-ml\/"},"modified":"2026-04-07T01:15:30","modified_gmt":"2026-04-06T23:15:30","slug":"linomag-krem-dla-noworodkow-aquastop-50-ml","status":"publish","type":"product","link":"https:\/\/wegeblw.pl\/index.php\/produkt\/linomag-krem-dla-noworodkow-aquastop-50-ml\/","title":{"rendered":"Linomag Krem Dla Noworodk\u00f3w Aquastop 50 Ml"},"content":{"rendered":"<p>Koniec z podjadaniem niezdrowych s\u0142odyczy! Koniec z dopadaj\u0105cym i m\u0119cz\u0105cym g\u0142odem! Olimp Protein Snack to pe\u0142nowarto\u015bciowa, zdrowa bia\u0142kowa przek\u0105ska, kt\u00f3ra urozmaici codzienn\u0105 diet\u0119, dostarczaj\u0105c cennych sk\u0142adnik\u00f3w od\u017cywczych. Trenujesz? Dbasz o zdrowe od\u017cywianie? Olimp Protein Snack jest w\u0142a\u015bnie dla Ciebie! Chrupi\u0105cy wafelek stanowi znakomite \u017ar\u00f3d\u0142o zdrowych kalorii, wysokiej jako\u015bci bia\u0142ka i b\u0142onnika. Zawiera te\u017c niewielk\u0105 ilo\u015bci\u0105 cukr\u00f3w, a zawarto\u015b\u0107 polioli wynosi 7,5g.Unikatowy na rynku produkt idealnie sprawdzi si\u0119 zar\u00f3wno przed, jak i po treningu. To wymarzony cheat meal, za spraw\u0105 kt\u00f3rego dostarczysz swoim mi\u0119\u015bniom konkretnej porcji bia\u0142ka \u2013 ich kluczowego budulca!To jeszcze nie wszystko! Smak to co\u015b, co nie pozwoli przej\u015b\u0107 oboj\u0119tnie obok proteinowej przek\u0105ski marki Olimp Sport Nutrition. Z ka\u017cdym k\u0119sem chrupi\u0105cego, oblanego czekoladow\u0105 polew\u0105 wafelka, poczujesz rewelacyjny smak orzech\u00f3w laskowych lub przepysznej czekolady! Nie wierzysz? Si\u0119gnij po Olimp Protein Snack! To prawdziwa uczta dla Twojego podniebienia i zarazem nagroda po wyczerpuj\u0105cym treningu!Pierwszy taki produkt na rynku!19g bia\u0142ka na przek\u0105sk\u0119Niewielka ilo\u015b\u0107 cukru \u2013 1g na przek\u0105sk\u0119Dwa rewelacyjne smakiWymarzony Cheat Meal!Ka\u017cda z rewelacyjnych w smaku przek\u0105sek Olimp Protein Snack (60g) zawiera a\u017c 19g bia\u0142ka, kt\u00f3re przyczynia si\u0119 do wzrostu masy mi\u0119\u015bniowej i pomaga w jej utrzymaniu. Po\u0142\u0105czenie wspomnianego hydrolizatu kolagenu z koncentratem bia\u0142ka serwatki pozwala zatem na dostarczenie konkretnej porcji wysokiej jako\u015bci protein o zr\u00f3\u017cnicowanym czasie absorpcji, u\u0142atwiaj\u0105c tym samym uzupe\u0142nienie diety w podstawowy budulec mi\u0119\u015bni.Bia\u0142kowa przek\u0105ska stanowi r\u00f3wnie\u017c \u017ar\u00f3d\u0142o b\u0142onnika. Spo\u017cywanie tego sk\u0142adnika wp\u0142ywa korzystnie na prac\u0119 uk\u0142adu pokarmowego, w tym jelit. W dodatku, b\u0142onnik sprzyja zjadaniu mniejszych porcji posi\u0142k\u00f3w, zachowaniu odpowiedniego poziomu cukru we krwi oraz pozytywnie wp\u0142ywa na poziom cholesterolu we krwi.Olimp Protein Snack stanowi doskona\u0142e uzupe\u0142nienie diety u os\u00f3b d\u0105\u017c\u0105cych do rozwoju masy mi\u0119\u015bniowej, jak i tych, kt\u00f3rzy poprzez aktywno\u015b\u0107 fizyczn\u0105 odchudzaj\u0105 si\u0119 i chc\u0105 w ten spos\u00f3b pozby\u0107 si\u0119 nadmiaru nadprogramowych kilogram\u00f3w. To r\u00f3wnie\u017c \u015bwietne urozmaicenie menu i przepyszny cheat meal dla cukrzyk\u00f3w, o czym \u015bwiadczy, wspomniana niska zawarto\u015b\u0107 cukr\u00f3w w ka\u017cdej z chrupi\u0105cych przek\u0105sek Olimp.Decyduj\u0105c si\u0119 na Olimp Protein Snack mo\u017cesz oczekiwa\u0107 zatem:konkretnej porcji wysokiej jako\u015bci bia\u0142ka i zdrowych kaloriiuzupe\u0142nienia diety w proteiny i b\u0142onnikwsparcia w budowaniu lub utrzymaniu masy mi\u0119\u015bniowej (dzi\u0119ki bia\u0142ku)wygodnej w u\u017cyciu, niewielkiej, zdrowej przek\u0105ski, kt\u00f3ra urozmaici codzienn\u0105 diet\u0119Bia\u0142kowa przek\u0105ska Olimp Protein Snack stworzona zosta\u0142a z my\u015bl\u0105 o osobach aktywnych fizycznie, dbaj\u0105cych o zdrowe od\u017cywanie. Przepyszne proteinowe ciasteczko z powodzeniem mo\u017cesz zabra\u0107 na weekendowy wypad w g\u00f3ry, poranny jogging lub wieczorn\u0105 przeja\u017cd\u017ck\u0119 rowerem. Bia\u0142kowy wafelek \u015bwietnie sprawdzi si\u0119 r\u00f3wnie\u017c:w przypadku os\u00f3b uprawiaj\u0105cych dyscypliny si\u0142owo-wytrzyma\u0142o\u015bciowe (np. crossfit)jako przek\u0105ska przed lub po treningujako alternatywa dla s\u0142odyczy, szczeg\u00f3lnie u cukrzyk\u00f3wjako wymarzony, rewelacyjny w smaku cheat meal<\/p>\n<p>Batony<\/p>\n<p>suplement diety na stawy, sok z czarnej porzeczki, aloe vera, smoothie detox, guarani yerba, balance, panaceum z\u0142ot\u00f3w, haut balsam diabelski pazur opinie<\/p>\n<p>yyyyy<\/p>\n","protected":false},"excerpt":{"rendered":"<p>Koniec z podjadaniem niezdrowych s\u0142odyczy! Koniec z dopadaj\u0105cym i m\u0119cz\u0105cym g\u0142odem! Olimp Protein Snack to pe\u0142nowarto\u015bciowa, zdrowa bia\u0142kowa przek\u0105ska, kt\u00f3ra&hellip;<\/p>\n","protected":false},"featured_media":1208,"comment_status":"closed","ping_status":"open","template":"","meta":[],"product_cat":[123],"product_tag":[627,730,694,738,838,750],"class_list":["post-1207","product","type-product","status-publish","has-post-thumbnail","hentry","product_cat-kosmetyki-dla-dzieci-i-niemowlat","product_tag-agnieszka-cegielska-blog","product_tag-jogody","product_tag-makaron-0kcal","product_tag-mieso-bio","product_tag-olej-kokosowy-rafinowany-czy-nierafinowany","product_tag-pasta-tahini-do-czego"],"_links":{"self":[{"href":"https:\/\/wegeblw.pl\/index.php\/wp-json\/wp\/v2\/product\/1207","targetHints":{"allow":["GET"]}}],"collection":[{"href":"https:\/\/wegeblw.pl\/index.php\/wp-json\/wp\/v2\/product"}],"about":[{"href":"https:\/\/wegeblw.pl\/index.php\/wp-json\/wp\/v2\/types\/product"}],"replies":[{"embeddable":true,"href":"https:\/\/wegeblw.pl\/index.php\/wp-json\/wp\/v2\/comments?post=1207"}],"wp:featuredmedia":[{"embeddable":true,"href":"https:\/\/wegeblw.pl\/index.php\/wp-json\/wp\/v2\/media\/1208"}],"wp:attachment":[{"href":"https:\/\/wegeblw.pl\/index.php\/wp-json\/wp\/v2\/media?parent=1207"}],"wp:term":[{"taxonomy":"product_cat","embeddable":true,"href":"https:\/\/wegeblw.pl\/index.php\/wp-json\/wp\/v2\/product_cat?post=1207"},{"taxonomy":"product_tag","embeddable":true,"href":"https:\/\/wegeblw.pl\/index.php\/wp-json\/wp\/v2\/product_tag?post=1207"}],"curies":[{"name":"wp","href":"https:\/\/api.w.org\/{rel}","templated":true}]}}