{"id":1239,"date":"2022-11-21T08:37:30","date_gmt":"2022-11-21T07:37:30","guid":{"rendered":"https:\/\/wegeblw.pl\/?post_type=product&#038;p=1239"},"modified":"2026-04-08T07:56:03","modified_gmt":"2026-04-08T05:56:03","slug":"alpen-camping-kuchenka-gazowa-podwojna-turystyczna-przenosna-texasa-4-kartusze-na-kemping","status":"publish","type":"product","link":"https:\/\/wegeblw.pl\/index.php\/produkt\/alpen-camping-kuchenka-gazowa-podwojna-turystyczna-przenosna-texasa-4-kartusze-na-kemping\/","title":{"rendered":"Alpen Camping Kuchenka Gazowa Podw\u00f3jna Turystyczna Przeno\u015bna Texasa + 4 Kartusze Na Kemping"},"content":{"rendered":"<p>Wyci\u0105g ostropestu 190mg karczoch 100 kaps. Aliness<\/p>\n<p>Pozosta\u0142e preparaty dla sportowc\u00f3w<\/p>\n<p>zinc forte, bajgiel, zamiennik jajka, zupa tajska ostra, macerat z marchwi, jod krystaliczny, olejki relaksacyjne, mleko na keto, fasola czerwona puszka, bataty czy ziemniaki<\/p>\n<p>yyyyy<\/p>\n","protected":false},"excerpt":{"rendered":"<p>Wyci\u0105g ostropestu 190mg karczoch 100 kaps. Aliness Pozosta\u0142e preparaty dla sportowc\u00f3w zinc forte, bajgiel, zamiennik jajka, zupa tajska ostra, macerat&hellip;<\/p>\n","protected":false},"featured_media":1240,"comment_status":"closed","ping_status":"open","template":"","meta":[],"product_cat":[155],"product_tag":[635,843,806,839,804,860,882],"class_list":["post-1239","product","type-product","status-publish","has-post-thumbnail","hentry","product_cat-naczynia-i-sztucce-turystyczne","product_tag-4-her","product_tag-jak-gotowac-komose-ryzowa","product_tag-mieso-ekologiczne","product_tag-mleko-niepasteryzowane","product_tag-quinoa-jak-gotowac","product_tag-syrop-klonowy-cena","product_tag-veegs"],"_links":{"self":[{"href":"https:\/\/wegeblw.pl\/index.php\/wp-json\/wp\/v2\/product\/1239","targetHints":{"allow":["GET"]}}],"collection":[{"href":"https:\/\/wegeblw.pl\/index.php\/wp-json\/wp\/v2\/product"}],"about":[{"href":"https:\/\/wegeblw.pl\/index.php\/wp-json\/wp\/v2\/types\/product"}],"replies":[{"embeddable":true,"href":"https:\/\/wegeblw.pl\/index.php\/wp-json\/wp\/v2\/comments?post=1239"}],"wp:featuredmedia":[{"embeddable":true,"href":"https:\/\/wegeblw.pl\/index.php\/wp-json\/wp\/v2\/media\/1240"}],"wp:attachment":[{"href":"https:\/\/wegeblw.pl\/index.php\/wp-json\/wp\/v2\/media?parent=1239"}],"wp:term":[{"taxonomy":"product_cat","embeddable":true,"href":"https:\/\/wegeblw.pl\/index.php\/wp-json\/wp\/v2\/product_cat?post=1239"},{"taxonomy":"product_tag","embeddable":true,"href":"https:\/\/wegeblw.pl\/index.php\/wp-json\/wp\/v2\/product_tag?post=1239"}],"curies":[{"name":"wp","href":"https:\/\/api.w.org\/{rel}","templated":true}]}}