{"id":127,"date":"2013-12-04T16:07:00","date_gmt":"2013-12-04T15:07:00","guid":{"rendered":"https:\/\/wegeblw.pl\/index.php\/produkt\/swanson-wlosy-skora-i-paznokcie-60szt\/"},"modified":"2026-04-07T02:50:48","modified_gmt":"2026-04-07T00:50:48","slug":"swanson-wlosy-skora-i-paznokcie-60szt","status":"publish","type":"product","link":"https:\/\/wegeblw.pl\/index.php\/produkt\/swanson-wlosy-skora-i-paznokcie-60szt\/","title":{"rendered":"Swanson W\u0142osy Sk\u00f3ra I Paznokcie 60Szt"},"content":{"rendered":"<p>SVR Topialyse Baume Protect +  regeneruj\u0105cy balsam do sk\u00f3ry suchej i atopowej<\/p>\n<p>Kosmetyki dla dzieci i niemowl\u0105t<\/p>\n<p>ciasteczka kokosowe, kulki miodowe, zapalenie pecherza leczenie, jogurt sojowy, bu\u0142ki bezglutenowe<\/p>\n<p>yyyyy<\/p>\n","protected":false},"excerpt":{"rendered":"<p>SVR Topialyse Baume Protect + regeneruj\u0105cy balsam do sk\u00f3ry suchej i atopowej Kosmetyki dla dzieci i niemowl\u0105t ciasteczka kokosowe, kulki&hellip;<\/p>\n","protected":false},"featured_media":128,"comment_status":"closed","ping_status":"open","template":"","meta":[],"product_cat":[26],"product_tag":[771,770,769,735],"class_list":["post-127","product","type-product","status-publish","has-post-thumbnail","hentry","product_cat-nutrikosmetyki","product_tag-jak-jesc-granat","product_tag-komosa-ryzowa-gotowanie","product_tag-mieso-mielone-wege","product_tag-na-dobranoc"],"_links":{"self":[{"href":"https:\/\/wegeblw.pl\/index.php\/wp-json\/wp\/v2\/product\/127","targetHints":{"allow":["GET"]}}],"collection":[{"href":"https:\/\/wegeblw.pl\/index.php\/wp-json\/wp\/v2\/product"}],"about":[{"href":"https:\/\/wegeblw.pl\/index.php\/wp-json\/wp\/v2\/types\/product"}],"replies":[{"embeddable":true,"href":"https:\/\/wegeblw.pl\/index.php\/wp-json\/wp\/v2\/comments?post=127"}],"wp:featuredmedia":[{"embeddable":true,"href":"https:\/\/wegeblw.pl\/index.php\/wp-json\/wp\/v2\/media\/128"}],"wp:attachment":[{"href":"https:\/\/wegeblw.pl\/index.php\/wp-json\/wp\/v2\/media?parent=127"}],"wp:term":[{"taxonomy":"product_cat","embeddable":true,"href":"https:\/\/wegeblw.pl\/index.php\/wp-json\/wp\/v2\/product_cat?post=127"},{"taxonomy":"product_tag","embeddable":true,"href":"https:\/\/wegeblw.pl\/index.php\/wp-json\/wp\/v2\/product_tag?post=127"}],"curies":[{"name":"wp","href":"https:\/\/api.w.org\/{rel}","templated":true}]}}