{"id":1281,"date":"2023-04-22T13:33:04","date_gmt":"2023-04-22T11:33:04","guid":{"rendered":"https:\/\/wegeblw.pl\/?post_type=product&#038;p=1281"},"modified":"2026-04-09T21:24:38","modified_gmt":"2026-04-09T19:24:38","slug":"jowae-woda-micelarna-do-demakijazu-400ml","status":"publish","type":"product","link":"https:\/\/wegeblw.pl\/index.php\/produkt\/jowae-woda-micelarna-do-demakijazu-400ml\/","title":{"rendered":"JOWAE Woda micelarna do demakija\u017cu 400ml"},"content":{"rendered":"<p>Zestaw zawiera:Le Soir des Possibles ( woda perfumowana ) 50 ml \u015awieca zapachowa Le Soir des Possibles 140 g.<\/p>\n<p>Dermokosmetyki<\/p>\n<p>sosy do sushi rodzaje, patelnie z pow\u0142ok\u0105 granitow\u0105, dynia przeciwwskazania, m\u0105ka 00 indeks glikemiczny, obiad z falafelem, naczynia na grilla, cynk kapsu\u0142ki, urbanek pl, plastik odpady, konjac sponge company, kozieradka skutki uboczne<\/p>\n<p>yyyyy<\/p>\n","protected":false},"excerpt":{"rendered":"<p>Zestaw zawiera:Le Soir des Possibles ( woda perfumowana ) 50 ml \u015awieca zapachowa Le Soir des Possibles 140 g. Dermokosmetyki&hellip;<\/p>\n","protected":false},"featured_media":1282,"comment_status":"closed","ping_status":"open","template":"","meta":[],"product_cat":[33],"product_tag":[864,742,833,623,735,772],"class_list":["post-1281","product","type-product","status-publish","has-post-thumbnail","hentry","product_cat-oczyszczanie-i-demakijaz-twarzy","product_tag-benjamissimo-happy-edition-curcuma-ginger-lemon","product_tag-beyond-meat-warszawa","product_tag-maka-orkiszowa","product_tag-mleko-roslinne","product_tag-na-dobranoc","product_tag-ser-owczy"],"_links":{"self":[{"href":"https:\/\/wegeblw.pl\/index.php\/wp-json\/wp\/v2\/product\/1281","targetHints":{"allow":["GET"]}}],"collection":[{"href":"https:\/\/wegeblw.pl\/index.php\/wp-json\/wp\/v2\/product"}],"about":[{"href":"https:\/\/wegeblw.pl\/index.php\/wp-json\/wp\/v2\/types\/product"}],"replies":[{"embeddable":true,"href":"https:\/\/wegeblw.pl\/index.php\/wp-json\/wp\/v2\/comments?post=1281"}],"wp:featuredmedia":[{"embeddable":true,"href":"https:\/\/wegeblw.pl\/index.php\/wp-json\/wp\/v2\/media\/1282"}],"wp:attachment":[{"href":"https:\/\/wegeblw.pl\/index.php\/wp-json\/wp\/v2\/media?parent=1281"}],"wp:term":[{"taxonomy":"product_cat","embeddable":true,"href":"https:\/\/wegeblw.pl\/index.php\/wp-json\/wp\/v2\/product_cat?post=1281"},{"taxonomy":"product_tag","embeddable":true,"href":"https:\/\/wegeblw.pl\/index.php\/wp-json\/wp\/v2\/product_tag?post=1281"}],"curies":[{"name":"wp","href":"https:\/\/api.w.org\/{rel}","templated":true}]}}