{"id":1285,"date":"2013-04-19T14:21:52","date_gmt":"2013-04-19T12:21:52","guid":{"rendered":"https:\/\/wegeblw.pl\/index.php\/produkt\/lierac-rosilogie-krem-do-twarzy-40ml\/"},"modified":"2026-04-07T01:13:19","modified_gmt":"2026-04-06T23:13:19","slug":"lierac-rosilogie-krem-do-twarzy-40ml","status":"publish","type":"product","link":"https:\/\/wegeblw.pl\/index.php\/produkt\/lierac-rosilogie-krem-do-twarzy-40ml\/","title":{"rendered":"Lierac Rosilogie krem do twarzy 40ml"},"content":{"rendered":"<p>Dzia\u0142anie: Biotyna wp\u0142ywa korzystnie na stan sk\u00f3ry i w\u0142os\u00f3w, pomaga zachowa\u0107 zdrow\u0105 sk\u00f3r\u0119 i w\u0142osy. Preparat uzupe\u0142nia diet\u0119 w biotyn\u0119.Zalecane dawkowanie: 1 tabletk\u0119 1 raz dziennie.Sk\u0142ad: Biotyna &#8211; 5000 ug (10 000% RSW) w 1 tabletce.Producent:Natur Produkt ZdrovitPKWIU 10.89.17.0Rodzaj Suplement dietyEAN 5906204018245BLOZ_07 3473521<\/p>\n<p>Nutrikosmetyki<\/p>\n<p>bor\u00f3wki rakotw\u00f3rcze, orzechy nerkowca 1 kg, szklanka ciep\u0142ej wody na czczo, owoce noni, co to daktyle, sol epson, acerola aliness, jak zneutralizowa\u0107 promieniowanie elektromagnetyczne, kier<\/p>\n<p><a href=\"https:\/\/www.dom-lazienka.pl\/kabiny-zestawy-cat-25\">brodzik z kabin\u0105 dom-lazienka.pl\/kabiny-zestawy-cat-25<\/a><\/p>\n","protected":false},"excerpt":{"rendered":"<p>Dzia\u0142anie: Biotyna wp\u0142ywa korzystnie na stan sk\u00f3ry i w\u0142os\u00f3w, pomaga zachowa\u0107 zdrow\u0105 sk\u00f3r\u0119 i w\u0142osy. Preparat uzupe\u0142nia diet\u0119 w biotyn\u0119.Zalecane&hellip;<\/p>\n","protected":false},"featured_media":1286,"comment_status":"closed","ping_status":"open","template":"","meta":[],"product_cat":[36],"product_tag":[806,623,697],"class_list":["post-1285","product","type-product","status-publish","has-post-thumbnail","hentry","product_cat-dermokosmetyki","product_tag-mieso-ekologiczne","product_tag-mleko-roslinne","product_tag-osteoporoza-a-banany"],"_links":{"self":[{"href":"https:\/\/wegeblw.pl\/index.php\/wp-json\/wp\/v2\/product\/1285","targetHints":{"allow":["GET"]}}],"collection":[{"href":"https:\/\/wegeblw.pl\/index.php\/wp-json\/wp\/v2\/product"}],"about":[{"href":"https:\/\/wegeblw.pl\/index.php\/wp-json\/wp\/v2\/types\/product"}],"replies":[{"embeddable":true,"href":"https:\/\/wegeblw.pl\/index.php\/wp-json\/wp\/v2\/comments?post=1285"}],"wp:featuredmedia":[{"embeddable":true,"href":"https:\/\/wegeblw.pl\/index.php\/wp-json\/wp\/v2\/media\/1286"}],"wp:attachment":[{"href":"https:\/\/wegeblw.pl\/index.php\/wp-json\/wp\/v2\/media?parent=1285"}],"wp:term":[{"taxonomy":"product_cat","embeddable":true,"href":"https:\/\/wegeblw.pl\/index.php\/wp-json\/wp\/v2\/product_cat?post=1285"},{"taxonomy":"product_tag","embeddable":true,"href":"https:\/\/wegeblw.pl\/index.php\/wp-json\/wp\/v2\/product_tag?post=1285"}],"curies":[{"name":"wp","href":"https:\/\/api.w.org\/{rel}","templated":true}]}}