{"id":1299,"date":"2024-08-01T04:54:57","date_gmt":"2024-08-01T02:54:57","guid":{"rendered":"https:\/\/wegeblw.pl\/?post_type=product&#038;p=1299"},"modified":"2026-04-09T14:44:54","modified_gmt":"2026-04-09T12:44:54","slug":"szampon-przeciwlupiezowy-dercos-vichy-200-ml","status":"publish","type":"product","link":"https:\/\/wegeblw.pl\/index.php\/produkt\/szampon-przeciwlupiezowy-dercos-vichy-200-ml\/","title":{"rendered":"Szampon Przeciw\u0142upie\u017cowy Dercos Vichy 200 ml"},"content":{"rendered":"<p>Suplementy na odchudzanie<\/p>\n<p>mleka ro\u015blinne, tortilla pszenna, babalski sklep, zepsuty ocet jab\u0142kowy, chrupki pizza, kostki roso\u0142owe bio<\/p>\n<p>yyyyy<\/p>\n","protected":false},"excerpt":{"rendered":"<p>Suplementy na odchudzanie mleka ro\u015blinne, tortilla pszenna, babalski sklep, zepsuty ocet jab\u0142kowy, chrupki pizza, kostki roso\u0142owe bio yyyyy<\/p>\n","protected":false},"featured_media":0,"comment_status":"closed","ping_status":"open","template":"","meta":[],"product_cat":[36],"product_tag":[673,746,757,868,760],"class_list":["post-1299","product","type-product","status-publish","hentry","product_cat-dermokosmetyki","product_tag-bomba","product_tag-majonez-byodo","product_tag-roslinny-qurczak","product_tag-siemie-lniane-jak-pic","product_tag-skyr-bez-laktozy"],"_links":{"self":[{"href":"https:\/\/wegeblw.pl\/index.php\/wp-json\/wp\/v2\/product\/1299","targetHints":{"allow":["GET"]}}],"collection":[{"href":"https:\/\/wegeblw.pl\/index.php\/wp-json\/wp\/v2\/product"}],"about":[{"href":"https:\/\/wegeblw.pl\/index.php\/wp-json\/wp\/v2\/types\/product"}],"replies":[{"embeddable":true,"href":"https:\/\/wegeblw.pl\/index.php\/wp-json\/wp\/v2\/comments?post=1299"}],"wp:attachment":[{"href":"https:\/\/wegeblw.pl\/index.php\/wp-json\/wp\/v2\/media?parent=1299"}],"wp:term":[{"taxonomy":"product_cat","embeddable":true,"href":"https:\/\/wegeblw.pl\/index.php\/wp-json\/wp\/v2\/product_cat?post=1299"},{"taxonomy":"product_tag","embeddable":true,"href":"https:\/\/wegeblw.pl\/index.php\/wp-json\/wp\/v2\/product_tag?post=1299"}],"curies":[{"name":"wp","href":"https:\/\/api.w.org\/{rel}","templated":true}]}}