{"id":1300,"date":"2022-08-30T14:33:31","date_gmt":"2022-08-30T12:33:31","guid":{"rendered":"https:\/\/wegeblw.pl\/index.php\/produkt\/vichy-naturalblend-normaderm-balsam-do-ust-odcien-pink-45-g\/"},"modified":"2026-04-10T08:27:29","modified_gmt":"2026-04-10T06:27:29","slug":"vichy-naturalblend-normaderm-balsam-do-ust-odcien-pink-45-g","status":"publish","type":"product","link":"https:\/\/wegeblw.pl\/index.php\/produkt\/vichy-naturalblend-normaderm-balsam-do-ust-odcien-pink-45-g\/","title":{"rendered":"Vichy Naturalblend Normaderm balsam do ust odcie\u0144 Pink 4,5 g"},"content":{"rendered":"<p>Okulary S\u0142oneczne Burberry<\/p>\n<p>Okulary przeciws\u0142oneczne damskie<\/p>\n<p>r\u00f3\u017cd\u017cka smaku, pacceri, brak jodu w organizmie, farby be\u017cowy blond, soda oczyszczona jak stosowa\u0107<\/p>\n<p>yyyyy<\/p>\n","protected":false},"excerpt":{"rendered":"<p>Okulary S\u0142oneczne Burberry Okulary przeciws\u0142oneczne damskie r\u00f3\u017cd\u017cka smaku, pacceri, brak jodu w organizmie, farby be\u017cowy blond, soda oczyszczona jak stosowa\u0107&hellip;<\/p>\n","protected":false},"featured_media":1301,"comment_status":"closed","ping_status":"open","template":"","meta":[],"product_cat":[36],"product_tag":[705,620,769,804,831],"class_list":["post-1300","product","type-product","status-publish","has-post-thumbnail","hentry","product_cat-dermokosmetyki","product_tag-guma-guar-szkodliwosc","product_tag-kielbasa-wiejska","product_tag-mieso-mielone-wege","product_tag-quinoa-jak-gotowac","product_tag-rozgryzanie-pestek-granatu"],"_links":{"self":[{"href":"https:\/\/wegeblw.pl\/index.php\/wp-json\/wp\/v2\/product\/1300","targetHints":{"allow":["GET"]}}],"collection":[{"href":"https:\/\/wegeblw.pl\/index.php\/wp-json\/wp\/v2\/product"}],"about":[{"href":"https:\/\/wegeblw.pl\/index.php\/wp-json\/wp\/v2\/types\/product"}],"replies":[{"embeddable":true,"href":"https:\/\/wegeblw.pl\/index.php\/wp-json\/wp\/v2\/comments?post=1300"}],"wp:featuredmedia":[{"embeddable":true,"href":"https:\/\/wegeblw.pl\/index.php\/wp-json\/wp\/v2\/media\/1301"}],"wp:attachment":[{"href":"https:\/\/wegeblw.pl\/index.php\/wp-json\/wp\/v2\/media?parent=1300"}],"wp:term":[{"taxonomy":"product_cat","embeddable":true,"href":"https:\/\/wegeblw.pl\/index.php\/wp-json\/wp\/v2\/product_cat?post=1300"},{"taxonomy":"product_tag","embeddable":true,"href":"https:\/\/wegeblw.pl\/index.php\/wp-json\/wp\/v2\/product_tag?post=1300"}],"curies":[{"name":"wp","href":"https:\/\/api.w.org\/{rel}","templated":true}]}}