{"id":1302,"date":"2022-06-12T03:04:57","date_gmt":"2022-06-12T01:04:57","guid":{"rendered":"https:\/\/wegeblw.pl\/index.php\/produkt\/carbo-activ-20-kapsulek\/"},"modified":"2026-04-07T12:22:14","modified_gmt":"2026-04-07T10:22:14","slug":"carbo-activ-20-kapsulek","status":"publish","type":"product","link":"https:\/\/wegeblw.pl\/index.php\/produkt\/carbo-activ-20-kapsulek\/","title":{"rendered":"Carbo Activ 20 kapsu\u0142ek"},"content":{"rendered":"<p>SK\u0141ADNIKIgurmar (Gymnema sylvestre)* zmielone li\u015bcie 100% (*certyfikowany sk\u0142adnik ekologiczny)OPISGurmar to ro\u015blina pochodz\u0105ca z Indii, kt\u00f3rych korzenie, li\u015bcie i nasiona s\u0105 stosowane w diecie ajurwedyjskiej.Dawniej wykorzystywana by\u0142a do poskromienia apetytu na s\u0142odycze.Powoduje blokowanie odczuwania smaku s\u0142odkiego przez kubki smakowe. Przyczynia si\u0119 do ograniczenia apetytu.Pi\u0107 3 x dziennie. 1\/3 \u0142y\u017ceczki rozpu\u015bci\u0107 w gor\u0105cej wodzie. Dzienne spo\u017cycie powinno wynosi\u0107 oko\u0142o 2,5-3 g proszku.Nie przekracza\u0107 zalecanej dziennej porcji do spo\u017cycia. Suplement diety nie mo\u017ce by\u0107 stosowany jako substytut zr\u00f3\u017cnicowanej diety.WARTO\u015a\u0106 OD\u017bYWCZA W 100 gWarto\u015b\u0107 energetyczna &#8211; 900 kJ \/ 215 kcalT\u0142uszcz &#8211; 0,0 gw tym kwasy t\u0142uszczowe nasycone &#8211; 0,0 gW\u0119glowodany &#8211; 90 gw tym cukry &#8211; 0,0 gBia\u0142ko &#8211; 0 gS\u00f3l &#8211; 0 gZALECANE WARUNKI PRZECHOWYWANIAPrzechowywa\u0107 w suchym i ch\u0142odnym miejscu, niedost\u0119pnym dla ma\u0142ych dzieci.<\/p>\n<p>Suplementy na odchudzanie<\/p>\n<p>dieta d\u0105browskiej efekty uboczne, sur\u00f3wki w diecie w\u0105trobowej, olej z pestek, czarna szczoteczka do z\u0119b\u00f3w, chillme, woda r\u00f3\u017cana na twarz<\/p>\n<p><a href=\"https:\/\/enklawa-institute.pl\/jak-pozbyc-sie-blizn-po-tradziku\/\">https:\/\/enklawa-institute.pl\/jak-pozbyc-sie-blizn-po-tradziku\/<\/a><\/p>\n","protected":false},"excerpt":{"rendered":"<p>SK\u0141ADNIKIgurmar (Gymnema sylvestre)* zmielone li\u015bcie 100% (*certyfikowany sk\u0142adnik ekologiczny)OPISGurmar to ro\u015blina pochodz\u0105ca z Indii, kt\u00f3rych korzenie, li\u015bcie i nasiona s\u0105&hellip;<\/p>\n","protected":false},"featured_media":1303,"comment_status":"closed","ping_status":"open","template":"","meta":[],"product_cat":[44],"product_tag":[791,734,835],"class_list":["post-1302","product","type-product","status-publish","has-post-thumbnail","hentry","product_cat-uklad-pokarmowy","product_tag-bio-market","product_tag-derma-sklep","product_tag-kurkuma-dzialanie"],"_links":{"self":[{"href":"https:\/\/wegeblw.pl\/index.php\/wp-json\/wp\/v2\/product\/1302","targetHints":{"allow":["GET"]}}],"collection":[{"href":"https:\/\/wegeblw.pl\/index.php\/wp-json\/wp\/v2\/product"}],"about":[{"href":"https:\/\/wegeblw.pl\/index.php\/wp-json\/wp\/v2\/types\/product"}],"replies":[{"embeddable":true,"href":"https:\/\/wegeblw.pl\/index.php\/wp-json\/wp\/v2\/comments?post=1302"}],"wp:featuredmedia":[{"embeddable":true,"href":"https:\/\/wegeblw.pl\/index.php\/wp-json\/wp\/v2\/media\/1303"}],"wp:attachment":[{"href":"https:\/\/wegeblw.pl\/index.php\/wp-json\/wp\/v2\/media?parent=1302"}],"wp:term":[{"taxonomy":"product_cat","embeddable":true,"href":"https:\/\/wegeblw.pl\/index.php\/wp-json\/wp\/v2\/product_cat?post=1302"},{"taxonomy":"product_tag","embeddable":true,"href":"https:\/\/wegeblw.pl\/index.php\/wp-json\/wp\/v2\/product_tag?post=1302"}],"curies":[{"name":"wp","href":"https:\/\/api.w.org\/{rel}","templated":true}]}}