{"id":1310,"date":"2020-12-26T01:51:07","date_gmt":"2020-12-26T00:51:07","guid":{"rendered":"https:\/\/wegeblw.pl\/index.php\/produkt\/sulphur-peeling-borowinowy-do-ciala-200-g\/"},"modified":"2026-04-07T01:20:53","modified_gmt":"2026-04-06T23:20:53","slug":"sulphur-peeling-borowinowy-do-ciala-200-g","status":"publish","type":"product","link":"https:\/\/wegeblw.pl\/index.php\/produkt\/sulphur-peeling-borowinowy-do-ciala-200-g\/","title":{"rendered":"Sulphur Peeling borowinowy do cia\u0142a 200 g"},"content":{"rendered":"<p>Opis: Zestaw zawiera: Mascara Med XL &#8211; Volume 6 ml Pharma Hyaluron dwufazowy p\u0142yn do demakija\u017cu 50 ml . Opis: Zestaw zawiera: Mascara Med XL &#8211; Volume 6 ml Pharma Hyaluron dwufazowy p\u0142yn do demakija\u017cu 50 ml . Sk\u0142adniki\/Ingredients: Mascara Med XL &#8211; Volume 6 ml Aqua, CI 77499, Cera Alba, Butylene Glycol, VP\/VA Copolymer, Stearic Acid, Glycerin, Methylpropanediol, Copernicia Cerifera Cerra, Glyceryl Stearate, Magnesium Aluminum Silicate, Panthenol, Polyquaternium-7, Sodium Hyaluronate, Hydrolyzed Keratin, Acetyl Hexapeptide-1, Biotinoyl Tripeptide-1, Helianthus Annuus Seed Oil, Caprylyl Glycol, Ethylhexylglycerin, Ascorbyl Palmitate, Tocopherol, Acetyl Tetrapeptide-3, Trifolium Pratense Flower Extract, Dimethicone, Hydroxyethylcellulose, Phenylpropanol, Dextran, Cetyl Alcohol, Pentasodium Pentetate, Potassium Sorbate, Phenoxyethanol, Citric Acid, Aminomethyl Propanol, CI 77266 (Nano). Nie zawiera paraben\u00f3w, substancji zapachowych, ani prostaglandyn. Pharma Hyaluron dwufazowy p\u0142yn do demakija\u017cu 50 ml Aqua, Isododecane, Caprilic Triglyceride, Isopropyl Palmitate, Glycerin, Sodium Chloride, Sodium Sulfate, Disodium EDTA, Potassium Sorbte, CI 14720, CI 47005. . W\u0142a\u015bciwo\u015bci produktu: Mascara Med XL &#8211; Volume 6 ml zwi\u0119ksza obj\u0119to\u015b\u0107 rz\u0119s dzi\u0119ki formule XL nadaje intensywny kolor, nie skleja rz\u0119s po ka\u017cdorazowym u\u017cyciu powoduje stopniow\u0105 pigmentacj\u0119 rz\u0119s Pharma Hyaluron dwufazowy p\u0142yn do demakija\u017cu 50 ml Delikatnie i dok\u0142adnie usuwa makija\u017c z oczu oraz od\u017cywia rz\u0119sy. . Stosowanie produktu: Mascara Med XL &#8211; Volume 6 ml Nale\u017cy stosowa\u0107 codziennie. Pharma Hyaluron dwufazowy p\u0142yn do demakija\u017cu 50 ml Przed u\u017cyciem wstrz\u0105sn\u0105\u0107. Nas\u0105czy\u0107 p\u0142ynem wacik, przy\u0142o\u017cy\u0107 do zamkni\u0119tego oka i chwil\u0119 przytrzyma\u0107, a nast\u0119pnie ruchem w d\u00f3\u0142 usun\u0105\u0107 makija\u017c. W razie potrzeby powt\u00f3rzy\u0107 ca\u0142y proces. . Uwagi: Nie stosowa\u0107 w przypadku uczulenia na kt\u00f3rykolwiek ze sk\u0142adnik\u00f3w preparatu. .<\/p>\n<p>Zestawy dla kobiet<\/p>\n<p>probiotyk joy day opinie, sklep z bio \u017cywno\u015bci\u0105, yerba mate lemon, swieze, turmeric przyprawa, kasza orkiszowa, szczypior czosnkowy, olejek go\u017adzikowy do picia, platki drozdzowe lidl, przepis na ma\u015b\u0107 z \u017cywokostu, pszenica w miodzie, mi\u00f3d spadziowy li\u015bciasty w\u0142a\u015bciwo\u015bci, skrajno\u015b\u0107, linomag dla niemowl\u0105t, abcd, kawa ziarnista 100 arabica<\/p>\n<p>yyyyy<\/p>\n","protected":false},"excerpt":{"rendered":"<p>Opis: Zestaw zawiera: Mascara Med XL &#8211; Volume 6 ml Pharma Hyaluron dwufazowy p\u0142yn do demakija\u017cu 50 ml . Opis:&hellip;<\/p>\n","protected":false},"featured_media":1311,"comment_status":"closed","ping_status":"open","template":"","meta":[],"product_cat":[27],"product_tag":[658,775,629,626,820],"class_list":["post-1310","product","type-product","status-publish","has-post-thumbnail","hentry","product_cat-nutrikosmetyki-i-leki-dermatologiczne","product_tag-beyond-meat-polska","product_tag-kwasna-smietana","product_tag-maka-z-ciecierzycy","product_tag-ogorki","product_tag-produkty-bez-laktozy-sklep"],"_links":{"self":[{"href":"https:\/\/wegeblw.pl\/index.php\/wp-json\/wp\/v2\/product\/1310","targetHints":{"allow":["GET"]}}],"collection":[{"href":"https:\/\/wegeblw.pl\/index.php\/wp-json\/wp\/v2\/product"}],"about":[{"href":"https:\/\/wegeblw.pl\/index.php\/wp-json\/wp\/v2\/types\/product"}],"replies":[{"embeddable":true,"href":"https:\/\/wegeblw.pl\/index.php\/wp-json\/wp\/v2\/comments?post=1310"}],"wp:featuredmedia":[{"embeddable":true,"href":"https:\/\/wegeblw.pl\/index.php\/wp-json\/wp\/v2\/media\/1311"}],"wp:attachment":[{"href":"https:\/\/wegeblw.pl\/index.php\/wp-json\/wp\/v2\/media?parent=1310"}],"wp:term":[{"taxonomy":"product_cat","embeddable":true,"href":"https:\/\/wegeblw.pl\/index.php\/wp-json\/wp\/v2\/product_cat?post=1310"},{"taxonomy":"product_tag","embeddable":true,"href":"https:\/\/wegeblw.pl\/index.php\/wp-json\/wp\/v2\/product_tag?post=1310"}],"curies":[{"name":"wp","href":"https:\/\/api.w.org\/{rel}","templated":true}]}}