{"id":1316,"date":"2021-08-16T06:20:30","date_gmt":"2021-08-16T04:20:30","guid":{"rendered":"https:\/\/wegeblw.pl\/index.php\/produkt\/orientana-bio-henna-hebanowa-czern-do-wlosow-poldlugich-i-krotkich-50g\/"},"modified":"2026-04-09T09:59:09","modified_gmt":"2026-04-09T07:59:09","slug":"orientana-bio-henna-hebanowa-czern-do-wlosow-poldlugich-i-krotkich-50g","status":"publish","type":"product","link":"https:\/\/wegeblw.pl\/index.php\/produkt\/orientana-bio-henna-hebanowa-czern-do-wlosow-poldlugich-i-krotkich-50g\/","title":{"rendered":"Orientana Bio Henna Hebanowa Czer\u0144 do W\u0142os\u00f3w P\u00f3\u0142d\u0142ugich i Kr\u00f3tkich 50g"},"content":{"rendered":"<p>Eva Simple Szampon do w\u0142os\u00f3w z \u0142upie\u017cem z jemio\u0142\u0105 500mlSzampon polecany do piel\u0119gnacji w\u0142os\u00f3w z tendencj\u0105 do \u0142upie\u017cu. Zawiera wyci\u0105g z jemio\u0142y o dzia\u0142aniu oczyszczaj\u0105cym i antyseptycznym. Szampon zmniejsza sk\u0142onno\u015b\u0107 do \u0142upie\u017cu oraz \u0142agodzi jego objawy. Dodatkowo chroni naturaln\u0105 flor\u0119 bakteryjn\u0105 sk\u00f3ry g\u0142owy. W\u0142osy odzyskuj\u0105 blask, \u015bwie\u017co\u015b\u0107 i zdrowy wygl\u0105d bez \u0142upie\u017cu. Pojemno\u015b\u0107: 500ml<\/p>\n<p>Szampony do w\u0142os\u00f3w<\/p>\n<p>czy li\u015bcie rzodkiewki s\u0105 jadalne, najel, kolagen beauty me, ostrovit d3 k2, sok 2 litry, vianek od\u017cywczy \u017cel myj\u0105cy do twarzy, fasola haricot, zdrowe chrupki, li\u015bcie aloesu zastosowanie<\/p>\n<p>yyyyy<\/p>\n","protected":false},"excerpt":{"rendered":"<p>Eva Simple Szampon do w\u0142os\u00f3w z \u0142upie\u017cem z jemio\u0142\u0105 500mlSzampon polecany do piel\u0119gnacji w\u0142os\u00f3w z tendencj\u0105 do \u0142upie\u017cu. Zawiera wyci\u0105g&hellip;<\/p>\n","protected":false},"featured_media":1317,"comment_status":"closed","ping_status":"open","template":"","meta":[],"product_cat":[157],"product_tag":[655,620,880,689,768,856],"class_list":["post-1316","product","type-product","status-publish","has-post-thumbnail","hentry","product_cat-farby-i-szampony-koloryzujace","product_tag-eko-warzywa","product_tag-kielbasa-wiejska","product_tag-kotlet-weganski-linda-mccartney","product_tag-maka-orkiszowa-wlasciwosci","product_tag-pasztet-z-soczewicy-z-suszonymi-pomidorami","product_tag-profilaktyka-cukrzycy"],"_links":{"self":[{"href":"https:\/\/wegeblw.pl\/index.php\/wp-json\/wp\/v2\/product\/1316","targetHints":{"allow":["GET"]}}],"collection":[{"href":"https:\/\/wegeblw.pl\/index.php\/wp-json\/wp\/v2\/product"}],"about":[{"href":"https:\/\/wegeblw.pl\/index.php\/wp-json\/wp\/v2\/types\/product"}],"replies":[{"embeddable":true,"href":"https:\/\/wegeblw.pl\/index.php\/wp-json\/wp\/v2\/comments?post=1316"}],"wp:featuredmedia":[{"embeddable":true,"href":"https:\/\/wegeblw.pl\/index.php\/wp-json\/wp\/v2\/media\/1317"}],"wp:attachment":[{"href":"https:\/\/wegeblw.pl\/index.php\/wp-json\/wp\/v2\/media?parent=1316"}],"wp:term":[{"taxonomy":"product_cat","embeddable":true,"href":"https:\/\/wegeblw.pl\/index.php\/wp-json\/wp\/v2\/product_cat?post=1316"},{"taxonomy":"product_tag","embeddable":true,"href":"https:\/\/wegeblw.pl\/index.php\/wp-json\/wp\/v2\/product_tag?post=1316"}],"curies":[{"name":"wp","href":"https:\/\/api.w.org\/{rel}","templated":true}]}}