{"id":1354,"date":"2014-02-19T08:33:21","date_gmt":"2014-02-19T07:33:21","guid":{"rendered":"https:\/\/wegeblw.pl\/index.php\/produkt\/kraina-albumow-album-na-prezent-50-zdjec-15x21-opcja-grawer-kd6850promise\/"},"modified":"2026-04-07T01:20:53","modified_gmt":"2026-04-06T23:20:53","slug":"kraina-albumow-album-na-prezent-50-zdjec-15x21-opcja-grawer-kd6850promise","status":"publish","type":"product","link":"https:\/\/wegeblw.pl\/index.php\/produkt\/kraina-albumow-album-na-prezent-50-zdjec-15x21-opcja-grawer-kd6850promise\/","title":{"rendered":"KRAINA ALBUM\u00d3W ALBUM NA PREZENT 50 ZDJ\u0118\u0106 15X21 OPCJA GRAWER KD6850PROMISE"},"content":{"rendered":"<p>Wodny roztw\u00f3r CBD KANNASTAR &#8211; 5% jest pozyskiwane z przemys\u0142owej ro\u015bliny konopi zakupionej od certyfikowanych rolnik\u00f3w z Europy. S\u0105 one w 100% naturalne i niezmiennie poddawane testom w laboratoriach innych producent\u00f3w, aby zapewni\u0107 jak najwy\u017csz\u0105 jako\u015b\u0107. Produkt zawiera CBD, czyli kannabidiol, kt\u00f3ry jest niepsychoaktywnym, naturalnym zwi\u0105zkiem ro\u015blin konopi.Wodny roztw\u00f3r CBD KANNASTAR &#8211; 5% s\u0105 dostarczane z pipet\u0105, kt\u00f3ra pozwala na podawanie niewielkich ilo\u015bci.Dzi\u0119ki wyko\u017cystaniu technologi opracowanej w laboratorium KANNASTAR &#8211; Olej CBD przekszta\u0142cili\u015bmy w roztw\u00f3r idealnie rozpuszczaj\u0105cy si\u0119 w wodzie, dzi\u0119ki czemu mo\u017cesz go doda\u0107 do szklanki wody lub ulubionego napoju.Rozpuszczenie CBD w wodzie w znacznym stopniu wp\u0142ywa na biodost\u0119pno\u015b\u0107 tego kanabinoidu, co oznacza, \u017ce pozytywne efekty dzia\u0142ania odczuwalne s\u0105 du\u017co szybciej oraz to, \u017ce organizm przyswaja du\u017co wi\u0119cej CBD ni\u017c formie zwyk\u0142ego olejku.Dawkowanie i spos\u00f3b u\u017cycia:wkropi\u0107 do szklanki z wod\u0105 lub napojemdobrze wymiesza\u0107Przechowywanie:przechowywa\u0107 produkt w ch\u0142odnym i suchym miejscu &#8211; zalecana lod\u00f3wkaDane o produkcie:rozmiar butelki: 10 mlzawiera \u017cywic\u0119 konopn\u0105 ekstrahowan\u0105 ultrazimnym etanolemprodukt bezglutenowybez dodatk\u00f3wzawarto\u015b\u0107 CBD w Mg: 500mgwaga 0,03 kgKorzy\u015bci ze stosowania CBD FullSpectrum:Uspokajaj\u0105ce &#8211; Stosowanie CBD jest znane ze swoich w\u0142a\u015bciwo\u015bci antystresowychLecznicze &#8211; ostatnie badania nad CBD udowodni\u0142y, \u017ce ma pozytywny wp\u0142yw na wspomaganie niekt\u00f3rych schorze\u0144 psychicznych oraz stan\u00f3w nowotworowychOdporno\u015bciowe &#8211; wyci\u0105gi z konopi Sativa L. zawieraj\u0105 oko\u0142o 80 r\u00f3\u017cnych kannabinoid\u00f3w, wszystkie te zwi\u0105zki pozytywnie wp\u0142ywaj\u0105 na odporno\u015b\u0107 naszego organizmu.<\/p>\n<p>Preparaty medycyny naturalnej<\/p>\n<p>anyz co to, sfd rabaty, co to jest sezam, sklep bio wroc\u0142aw, aloes jak przesadza\u0107, erytrytol tesco<\/p>\n<p>yyyyy<\/p>\n","protected":false},"excerpt":{"rendered":"<p>Wodny roztw\u00f3r CBD KANNASTAR &#8211; 5% jest pozyskiwane z przemys\u0142owej ro\u015bliny konopi zakupionej od certyfikowanych rolnik\u00f3w z Europy. S\u0105 one&hellip;<\/p>\n","protected":false},"featured_media":1355,"comment_status":"closed","ping_status":"open","template":"","meta":[],"product_cat":[159],"product_tag":[651,656,883,689,623],"class_list":["post-1354","product","type-product","status-publish","has-post-thumbnail","hentry","product_cat-albumy-na-zdjecia","product_tag-dieta-bezbialkowa","product_tag-ekologiczne-mieso","product_tag-ekologiczne-warzywa","product_tag-maka-orkiszowa-wlasciwosci","product_tag-mleko-roslinne"],"_links":{"self":[{"href":"https:\/\/wegeblw.pl\/index.php\/wp-json\/wp\/v2\/product\/1354","targetHints":{"allow":["GET"]}}],"collection":[{"href":"https:\/\/wegeblw.pl\/index.php\/wp-json\/wp\/v2\/product"}],"about":[{"href":"https:\/\/wegeblw.pl\/index.php\/wp-json\/wp\/v2\/types\/product"}],"replies":[{"embeddable":true,"href":"https:\/\/wegeblw.pl\/index.php\/wp-json\/wp\/v2\/comments?post=1354"}],"wp:featuredmedia":[{"embeddable":true,"href":"https:\/\/wegeblw.pl\/index.php\/wp-json\/wp\/v2\/media\/1355"}],"wp:attachment":[{"href":"https:\/\/wegeblw.pl\/index.php\/wp-json\/wp\/v2\/media?parent=1354"}],"wp:term":[{"taxonomy":"product_cat","embeddable":true,"href":"https:\/\/wegeblw.pl\/index.php\/wp-json\/wp\/v2\/product_cat?post=1354"},{"taxonomy":"product_tag","embeddable":true,"href":"https:\/\/wegeblw.pl\/index.php\/wp-json\/wp\/v2\/product_tag?post=1354"}],"curies":[{"name":"wp","href":"https:\/\/api.w.org\/{rel}","templated":true}]}}