{"id":1356,"date":"2016-06-30T13:11:51","date_gmt":"2016-06-30T11:11:51","guid":{"rendered":"https:\/\/wegeblw.pl\/index.php\/produkt\/kask-na-motocykl-2x-szyba-biala-i-czarna-okular\/"},"modified":"2026-04-07T11:31:19","modified_gmt":"2026-04-07T09:31:19","slug":"kask-na-motocykl-2x-szyba-biala-i-czarna-okular","status":"publish","type":"product","link":"https:\/\/wegeblw.pl\/index.php\/produkt\/kask-na-motocykl-2x-szyba-biala-i-czarna-okular\/","title":{"rendered":"Kask Na Motocykl 2X Szyba Bia\u0142a I Czarna +okular"},"content":{"rendered":"<p>Lecytyna to substancja o charakterze t\u0142uszczowym. Pod wzgl\u0119dem chemicznym chodzi o fosfolipidy zawieraj\u0105ce kwas glicerynofosforowy, kwasy t\u0142uszczowe i cholin\u0119. Lecytyna jest jednym z podstawowych sk\u0142adnik\u00f3w \u015bcian i b\u0142on wszystkich kom\u00f3rek organizm\u00f3w zwierz\u0119cych. Nazwa lecytyna pochodzi od starogreckiego s\u0142owa \u201elekithos\u201d, kt\u00f3re oznacza \u017c\u00f3\u0142tko.Lecytyna jest substancj\u0105 towarzysz\u0105c\u0105 t\u0142uszczom i kwasom t\u0142uszczowym, szczeg\u00f3lnie obficie wyst\u0119puje w \u017c\u00f3\u0142tkach jajek i kom\u00f3rkach nasion ro\u015blin. W po\u017cywieniu lecytyn\u0119 znajdziemy g\u0142\u00f3wnie w \u017c\u00f3\u0142tkach, niekt\u00f3rych wyrobach mlecznych, ponadto w du\u017cej ilo\u015bci wyst\u0119puje w ziarnach soi i innych nasionach ro\u015blin oleistych, w dro\u017cd\u017cach i kie\u0142kach zb\u00f3\u017c. Dzienne zapotrzebowanie na lecytyn\u0119 szacuje si\u0119 na 3 g. W normalnych okoliczno\u015bciach, przy zr\u00f3wnowa\u017conej diecie, nasze cia\u0142o ma do dyspozycji dostateczn\u0105 ilo\u015b\u0107 lecytyny. Je\u015bli jednak w po\u017cywieniu zabraknie choliny lub esencjalnych kwas\u00f3w t\u0142uszczowych, mog\u0105 pojawi\u0107 si\u0119 objawy niedoboru lecytyny.Materia\u0142y zawarte na stronach www.dmgmedical.eu, a w szczeg\u00f3lno\u015bci katalog, nie stanowi\u0105 oferty w rozumieniu przepis\u00f3w Kodeksu Cywilnego i maj\u0105 jedynie charakter informacyjny.Pomimo do\u0142o\u017cenia wszelkich stara\u0144, nie gwarantujemy, \u017ce publikowane dane nie zawieraj\u0105 uchybie\u0144 lub b\u0142\u0119d\u00f3w, kt\u00f3re nie mog\u0105 jednak by\u0107 podstaw\u0105 do reklamacji.Materia\u0142 przeznaczony jest dla os\u00f3b posiadaj\u0105cych kwalifikacje w zakresie medycyny, farmacji lub \u017cywienia.Zestawienia produkt\u00f3w zawarte w tym katalogu s\u0105 wy\u0142\u0105cznie propozycjami i mog\u0105 by\u0107 modyfikowane zgodnie z zaleceniami lekarza czy w\u0142asnymi do\u015bwiadczeniami.Opisy produkt\u00f3w zawarte na stronach www.dmgmedical.eu stanowi\u0105 uzupe\u0142nienie tre\u015bci etykiety ka\u017cdego z preparat\u00f3w.Zalecane dzienne spo\u017cycie1 kapsu\u0142ka 2\u00d7 dziennie.Sk\u0142adniki (2 kapsu\u0142ek):lecytyna sojowa 2.400 mg; otoczka kapsu\u0142ki: \u017celatyna; substancja utrzymuj\u0105ca wilgo\u0107: glicerol, woda.W celu szybszej orientacji w ilo\u015bci substancji aktywnych, w ekstraktach wykazane zosta\u0142y ich rzeczywiste (pierwotne) ilo\u015bci.Zawarto\u015b\u0107: 60 sfgUWAGA:  Utrzymanie prawid\u0142owego stanu zdrowia wymaga zr\u00f3\u017cnicowanego od\u017cywiania i prowadzenia zdrowego trybu \u017cycia. Suplement diety nie mo\u017ce by\u0107 stosowany jako, substytut zr\u00f3\u017cnicowanej diety. Produkt nie jest przeznaczony dla dzieci, kobiet w ci\u0105\u017cy i karmi\u0105cych. Nie nale\u017cy przekracza\u0107 zalecanej porcji do spo\u017cycia w ci\u0105gu dnia. Przechowywa\u0107 w miejscu suchym i ciemnym w spos\u00f3b niedost\u0119pny dla ma\u0142ych dzieci.Najlepiej spo\u017cy\u0107 przed: Data minimalnej trwa\u0142o\u015bci, b\u0119d\u0105ca jednocze\u015bnie numerem partii, znajduje si\u0119 w g\u00f3rnej cz\u0119\u015bci opakowania.<\/p>\n<p>Pozosta\u0142e suplementy<\/p>\n<p>jackfruit w puszce, kolendra na odchudzanie, chrupki dla niemowl\u0105t, kie\u0142kownica bio natura, sklep z \u017cywno\u015bci\u0105 bezglutenow\u0105, czy m\u0105ka owsiana ma gluten, solgar olej z wiesio\u0142ka, produkty fodmap, zdrowe \u015bniadanie<\/p>\n<p>yyyyy<\/p>\n","protected":false},"excerpt":{"rendered":"<p>Lecytyna to substancja o charakterze t\u0142uszczowym. Pod wzgl\u0119dem chemicznym chodzi o fosfolipidy zawieraj\u0105ce kwas glicerynofosforowy, kwasy t\u0142uszczowe i cholin\u0119. Lecytyna&hellip;<\/p>\n","protected":false},"featured_media":1357,"comment_status":"closed","ping_status":"open","template":"","meta":[],"product_cat":[160],"product_tag":[841,671,870],"class_list":["post-1356","product","type-product","status-publish","has-post-thumbnail","hentry","product_cat-kaski-motocyklowe","product_tag-biolab-shop","product_tag-jogurt-bez-mleka","product_tag-oliwa-z-oliwek"],"_links":{"self":[{"href":"https:\/\/wegeblw.pl\/index.php\/wp-json\/wp\/v2\/product\/1356","targetHints":{"allow":["GET"]}}],"collection":[{"href":"https:\/\/wegeblw.pl\/index.php\/wp-json\/wp\/v2\/product"}],"about":[{"href":"https:\/\/wegeblw.pl\/index.php\/wp-json\/wp\/v2\/types\/product"}],"replies":[{"embeddable":true,"href":"https:\/\/wegeblw.pl\/index.php\/wp-json\/wp\/v2\/comments?post=1356"}],"wp:featuredmedia":[{"embeddable":true,"href":"https:\/\/wegeblw.pl\/index.php\/wp-json\/wp\/v2\/media\/1357"}],"wp:attachment":[{"href":"https:\/\/wegeblw.pl\/index.php\/wp-json\/wp\/v2\/media?parent=1356"}],"wp:term":[{"taxonomy":"product_cat","embeddable":true,"href":"https:\/\/wegeblw.pl\/index.php\/wp-json\/wp\/v2\/product_cat?post=1356"},{"taxonomy":"product_tag","embeddable":true,"href":"https:\/\/wegeblw.pl\/index.php\/wp-json\/wp\/v2\/product_tag?post=1356"}],"curies":[{"name":"wp","href":"https:\/\/api.w.org\/{rel}","templated":true}]}}