{"id":1378,"date":"2024-07-03T01:33:02","date_gmt":"2024-07-02T23:33:02","guid":{"rendered":"https:\/\/wegeblw.pl\/?post_type=product&#038;p=1378"},"modified":"2026-04-07T02:57:28","modified_gmt":"2026-04-07T00:57:28","slug":"thorne-research-izolat-wspomaga-funkcjonowanie-mozgu-60kaps","status":"publish","type":"product","link":"https:\/\/wegeblw.pl\/index.php\/produkt\/thorne-research-izolat-wspomaga-funkcjonowanie-mozgu-60kaps\/","title":{"rendered":"Thorne Research Izolat Wspomaga Funkcjonowanie M\u00f3zgu 60kaps"},"content":{"rendered":"<p>Dzieci\u0119ce okulary korekcyjne Ray-Ban Junior RY 1594 3810 44 to znakomity model, kt\u00f3ry \u015bwietnie wygl\u0105da i wyr\u00f3\u017cnia si\u0119 wysok\u0105 jako\u015bci\u0105 wykonania. Te oprawki korekcyjne zapewni\u0105 nie tylko doskona\u0142e widzenie, ale tak\u017ce gwarantowany przez t\u0119 mark\u0119 styl, idealnie dopasowany do potrzeb najm\u0142odszych&#8230;.<\/p>\n<p>Okulary oprawki i szk\u0142a<\/p>\n<p>dezodorant w krysztale, jogurt naturalny, olejek eteryczny go\u017adzikowy, dieta nowaka jad\u0142ospis, sklep zdrowa \u017cywno\u015b\u0107 pozna\u0144, flaszowiec, napoj migdalowy lidl, ga\u0142ka muszkato\u0142owa do czego, je\u017c\u00f3wka wie\u015b, develey slodko kwasny, od\u017cywka do w\u0142os\u00f3w w kostce, pszeniczna, forever immublend, broku\u0142 dieta, mi\u0105\u017csz z aloesu, indeks glikemiczny winogrona, sklep 24 pl<\/p>\n<p>yyyyy<\/p>\n","protected":false},"excerpt":{"rendered":"<p>Dzieci\u0119ce okulary korekcyjne Ray-Ban Junior RY 1594 3810 44 to znakomity model, kt\u00f3ry \u015bwietnie wygl\u0105da i wyr\u00f3\u017cnia si\u0119 wysok\u0105 jako\u015bci\u0105&hellip;<\/p>\n","protected":false},"featured_media":1379,"comment_status":"closed","ping_status":"open","template":"","meta":[],"product_cat":[23],"product_tag":[791,622,776],"class_list":["post-1378","product","type-product","status-publish","has-post-thumbnail","hentry","product_cat-uklad-nerwowy-i-pamiec","product_tag-bio-market","product_tag-vege-mieso","product_tag-zamiennik-miesa"],"_links":{"self":[{"href":"https:\/\/wegeblw.pl\/index.php\/wp-json\/wp\/v2\/product\/1378","targetHints":{"allow":["GET"]}}],"collection":[{"href":"https:\/\/wegeblw.pl\/index.php\/wp-json\/wp\/v2\/product"}],"about":[{"href":"https:\/\/wegeblw.pl\/index.php\/wp-json\/wp\/v2\/types\/product"}],"replies":[{"embeddable":true,"href":"https:\/\/wegeblw.pl\/index.php\/wp-json\/wp\/v2\/comments?post=1378"}],"wp:featuredmedia":[{"embeddable":true,"href":"https:\/\/wegeblw.pl\/index.php\/wp-json\/wp\/v2\/media\/1379"}],"wp:attachment":[{"href":"https:\/\/wegeblw.pl\/index.php\/wp-json\/wp\/v2\/media?parent=1378"}],"wp:term":[{"taxonomy":"product_cat","embeddable":true,"href":"https:\/\/wegeblw.pl\/index.php\/wp-json\/wp\/v2\/product_cat?post=1378"},{"taxonomy":"product_tag","embeddable":true,"href":"https:\/\/wegeblw.pl\/index.php\/wp-json\/wp\/v2\/product_tag?post=1378"}],"curies":[{"name":"wp","href":"https:\/\/api.w.org\/{rel}","templated":true}]}}