{"id":1380,"date":"2015-04-21T13:02:05","date_gmt":"2015-04-21T11:02:05","guid":{"rendered":"https:\/\/wegeblw.pl\/index.php\/produkt\/passiflor-syrop-100ml\/"},"modified":"2026-04-07T04:34:15","modified_gmt":"2026-04-07T02:34:15","slug":"passiflor-syrop-100ml","status":"publish","type":"product","link":"https:\/\/wegeblw.pl\/index.php\/produkt\/passiflor-syrop-100ml\/","title":{"rendered":"Passiflor, syrop 100ml"},"content":{"rendered":"<p>Toryczne soczewki jednodniowe Atrea Excellence to soczewki dla u\u017cytkownik\u00f3w \u017cyj\u0105cych wpo\u015bpiechu. Dzi\u0119ki najnowocze\u015bniejszej technologii mi\u0119kki ielastyczny materia\u0142 silikonowo-hydro\u017celowy zapewnia wysok\u0105 przepuszczalno\u015b\u0107 tlenu, atym samym zdrowe noszenie soczewek kontaktowych, r\u00f3wnie\u017c, albo szczeg\u00f3lnie wdni, kiedy zaj\u0119cia si\u0119 przeci\u0105gaj\u0105.<\/p>\n<p>Soczewki kontaktowe<\/p>\n<p>herbata na odporno\u015b\u0107, zielone chili, ryz ciemny, wafle bezglutenowe, pasta z bazylii, przywrotnik ziele, woda w proszku, chleb \u017cytni pe\u0142noziarnisty, syrop r\u00f3\u017cany, par\u00f3wki na zatoki, czym zast\u0105pi\u0107 skrobi\u0119 ziemniaczan\u0105, market bydgoszcz, sklep z w\u0142oskimi produktami warszawa, ziele czystka na co pomaga<\/p>\n<p>yyyyy<\/p>\n","protected":false},"excerpt":{"rendered":"<p>Toryczne soczewki jednodniowe Atrea Excellence to soczewki dla u\u017cytkownik\u00f3w \u017cyj\u0105cych wpo\u015bpiechu. Dzi\u0119ki najnowocze\u015bniejszej technologii mi\u0119kki ielastyczny materia\u0142 silikonowo-hydro\u017celowy zapewnia wysok\u0105&hellip;<\/p>\n","protected":false},"featured_media":1381,"comment_status":"closed","ping_status":"open","template":"","meta":[],"product_cat":[127],"product_tag":[632,871,629,626],"class_list":["post-1380","product","type-product","status-publish","has-post-thumbnail","hentry","product_cat-uklad-nerwowy","product_tag-komosa-ryzowa-jak-gotowac","product_tag-kwaszonki","product_tag-maka-z-ciecierzycy","product_tag-ogorki"],"_links":{"self":[{"href":"https:\/\/wegeblw.pl\/index.php\/wp-json\/wp\/v2\/product\/1380","targetHints":{"allow":["GET"]}}],"collection":[{"href":"https:\/\/wegeblw.pl\/index.php\/wp-json\/wp\/v2\/product"}],"about":[{"href":"https:\/\/wegeblw.pl\/index.php\/wp-json\/wp\/v2\/types\/product"}],"replies":[{"embeddable":true,"href":"https:\/\/wegeblw.pl\/index.php\/wp-json\/wp\/v2\/comments?post=1380"}],"wp:featuredmedia":[{"embeddable":true,"href":"https:\/\/wegeblw.pl\/index.php\/wp-json\/wp\/v2\/media\/1381"}],"wp:attachment":[{"href":"https:\/\/wegeblw.pl\/index.php\/wp-json\/wp\/v2\/media?parent=1380"}],"wp:term":[{"taxonomy":"product_cat","embeddable":true,"href":"https:\/\/wegeblw.pl\/index.php\/wp-json\/wp\/v2\/product_cat?post=1380"},{"taxonomy":"product_tag","embeddable":true,"href":"https:\/\/wegeblw.pl\/index.php\/wp-json\/wp\/v2\/product_tag?post=1380"}],"curies":[{"name":"wp","href":"https:\/\/api.w.org\/{rel}","templated":true}]}}