{"id":1390,"date":"2024-02-07T06:20:51","date_gmt":"2024-02-07T05:20:51","guid":{"rendered":"https:\/\/wegeblw.pl\/?post_type=product&#038;p=1390"},"modified":"2026-04-07T02:52:03","modified_gmt":"2026-04-07T00:52:03","slug":"nervosol-k-35ml","status":"publish","type":"product","link":"https:\/\/wegeblw.pl\/index.php\/produkt\/nervosol-k-35ml\/","title":{"rendered":"Nervosol K 35ml"},"content":{"rendered":"<p>Homeopatyczny produkt leczniczy, kt\u00f3ry nie posiada wskaza\u0144 leczniczych. Lek ten mo\u017cna stosowa\u0107 w leczeniu r\u00f3\u017cnych chor\u00f3b. Ze wzgl\u0119du na szerokie zastosowanie do leku nie dodaje si\u0119 ulotki, ani informacji zwi\u0105zanych ze sposobem dawkowania<\/p>\n<p>Homeopatia<\/p>\n<p>herbata bia\u0142a z aloesem, kokos wiorki, gdzie trawione s\u0105 t\u0142uszcze, kurkuma, www bezpiecznasuplementacja pl, \u015brodki do zmywarki, jak ro\u015bnie any\u017c, dieta insulinowa blog, melisa na co pomaga, przek\u0105ski do filmu, szynka swojska, nasiona fasoli mung, banan lekkostrawny, zestaw do produkcji \u015bwiec, siemie lnu, babka p\u0142esznik czy mieli\u0107, violife sery, spaghetti tagliatelle, pasta warzywna na kanapki, madal, m\u0105ka pszenna cena<\/p>\n<p>yyyyy<\/p>\n","protected":false},"excerpt":{"rendered":"<p>Homeopatyczny produkt leczniczy, kt\u00f3ry nie posiada wskaza\u0144 leczniczych. Lek ten mo\u017cna stosowa\u0107 w leczeniu r\u00f3\u017cnych chor\u00f3b. Ze wzgl\u0119du na szerokie&hellip;<\/p>\n","protected":false},"featured_media":1391,"comment_status":"closed","ping_status":"open","template":"","meta":[],"product_cat":[127],"product_tag":[650,684,628,846,699],"class_list":["post-1390","product","type-product","status-publish","has-post-thumbnail","hentry","product_cat-uklad-nerwowy","product_tag-biala-kielbasa","product_tag-kurkuma-korzen","product_tag-mieso-roslinne","product_tag-sekacz","product_tag-sok-z-cytryn"],"_links":{"self":[{"href":"https:\/\/wegeblw.pl\/index.php\/wp-json\/wp\/v2\/product\/1390","targetHints":{"allow":["GET"]}}],"collection":[{"href":"https:\/\/wegeblw.pl\/index.php\/wp-json\/wp\/v2\/product"}],"about":[{"href":"https:\/\/wegeblw.pl\/index.php\/wp-json\/wp\/v2\/types\/product"}],"replies":[{"embeddable":true,"href":"https:\/\/wegeblw.pl\/index.php\/wp-json\/wp\/v2\/comments?post=1390"}],"wp:featuredmedia":[{"embeddable":true,"href":"https:\/\/wegeblw.pl\/index.php\/wp-json\/wp\/v2\/media\/1391"}],"wp:attachment":[{"href":"https:\/\/wegeblw.pl\/index.php\/wp-json\/wp\/v2\/media?parent=1390"}],"wp:term":[{"taxonomy":"product_cat","embeddable":true,"href":"https:\/\/wegeblw.pl\/index.php\/wp-json\/wp\/v2\/product_cat?post=1390"},{"taxonomy":"product_tag","embeddable":true,"href":"https:\/\/wegeblw.pl\/index.php\/wp-json\/wp\/v2\/product_tag?post=1390"}],"curies":[{"name":"wp","href":"https:\/\/api.w.org\/{rel}","templated":true}]}}