{"id":1402,"date":"2018-01-16T11:59:39","date_gmt":"2018-01-16T10:59:39","guid":{"rendered":"https:\/\/wegeblw.pl\/index.php\/produkt\/beurer-napalcowy-po-45\/"},"modified":"2026-04-09T23:58:43","modified_gmt":"2026-04-09T21:58:43","slug":"beurer-napalcowy-po-45","status":"publish","type":"product","link":"https:\/\/wegeblw.pl\/index.php\/produkt\/beurer-napalcowy-po-45\/","title":{"rendered":"Beurer napalcowy PO 45"},"content":{"rendered":"<p>CHICCO ZESTAW DO BABY HUG 4W1 TACKA + POKROWIEC WHITE<\/p>\n<p>Chicco Zestaw Do Baby Hug 4W1 Tacka + Pokrowiec WhiteZestaw do Baby Hug firmy Chicco to praktyczny produkt, kt\u00f3ry sk\u0142ada si\u0119 z tacki oraz okrycia. Elementy te wzbogac\u0105 wielofunkcyjny gad\u017cet i sprawi\u0105, \u017ce korzystanie z niego b\u0119dzie \u0142atwiejsze i wygodniejsze. Ca\u0142o\u015b\u0107 powsta\u0142a z trwa\u0142ych i bezpiecznych dla dzieci materia\u0142\u00f3w.Kiedy rodzic b\u0119dzie chcia\u0142 poda\u0107 swojej pociesze posi\u0142ek, wystarczy, \u017ce zamontuje tack\u0119. W dowolnym momencie b\u0119dzie mo\u017cna z powrotem od\u0142\u0105czy\u0107 j\u0105 od siedziska. Z kolei pokrowiec wykonany z wytrzyma\u0142ej, ale te\u017c i przyjemnej w dotyku g\u0105bki, ochroni produkt przed zabrudzeniami. Pow\u0142oka posiada r\u00f3wnie\u017c wodoodporne wyko\u0144czenie. Jej neutralna kolorystyka sprawi, \u017ce dobrze wpasuje si\u0119 do wystroju wn\u0119trza.                            <\/p>\n<p>Cechy produktu:okrycie zabezpieczy materia\u0142 le\u017caczka przed pobudzeniemtaca pozwoli na wygodne karmienie maluchaotwory na pasy w pokrowcutaca \u0142atwa do utrzymania w czysto\u015bci &#8211; wystarczy przemy\u0107 wod\u0105Zestaw oferowany przez Chicco z pewno\u015bci\u0105 przyda si\u0119 w ka\u017cdym domu. B\u0119dzie kompatybilny z Baby Hug tej samej marki. Od teraz rodzice b\u0119d\u0105 mogli jeszcze bardziej zwi\u0119kszy\u0107 funkcjonalno\u015b\u0107 krzese\u0142ka i korzysta\u0107 z niego w dowolnej chwili, wiedz\u0105c, \u017ce ich male\u0144stwo czuje si\u0119 komfortowo i bezpiecznie.Wiek dziecka: 6m +Wymiary opakowania: 58 x 37 x 9.5 cmOpakowanie stanowi element produktu.Uwaga! Cena nie obejmuje krzese\u0142ka widocznego na zdj\u0119ciach.<\/p>\n<p>Krzese\u0142ka do karmienia<\/p>\n<p>ciasto z czerwonej fasoli, mas\u0142o vege, maseczki orlen, krem z jadem \u017cmii opinie, wyrzu\u0107, zurawina suszona kcal, aloes krem, woda gazowana, gdzie kupi\u0107 erytrytol stacjonarnie, poerzga, mi\u00f3d z orzechami laskowymi i kakao, 4her probioticme opinie, co\u015b na wzmocnienie, morwa czarna &#8211; w\u0142a\u015bciwo\u015bci, olej makadamia nacomi, nap\u00f3j z wody i soku cytrynowego, insulinoopornosc co to<\/p>\n<p>yyyyy<\/p>\n","protected":false},"excerpt":{"rendered":"<p>CHICCO ZESTAW DO BABY HUG 4W1 TACKA + POKROWIEC WHITE Chicco Zestaw Do Baby Hug 4W1 Tacka + Pokrowiec WhiteZestaw&hellip;<\/p>\n","protected":false},"featured_media":1403,"comment_status":"closed","ping_status":"open","template":"","meta":[],"product_cat":[166],"product_tag":[730,814,628,726,686],"class_list":["post-1402","product","type-product","status-publish","has-post-thumbnail","hentry","product_cat-urzadzenia-do-mierzenia-pulsu-i-saturacji-krwi","product_tag-jogody","product_tag-kotlet-linda-mccartney","product_tag-mieso-roslinne","product_tag-organic","product_tag-sekacz-skad"],"_links":{"self":[{"href":"https:\/\/wegeblw.pl\/index.php\/wp-json\/wp\/v2\/product\/1402","targetHints":{"allow":["GET"]}}],"collection":[{"href":"https:\/\/wegeblw.pl\/index.php\/wp-json\/wp\/v2\/product"}],"about":[{"href":"https:\/\/wegeblw.pl\/index.php\/wp-json\/wp\/v2\/types\/product"}],"replies":[{"embeddable":true,"href":"https:\/\/wegeblw.pl\/index.php\/wp-json\/wp\/v2\/comments?post=1402"}],"wp:featuredmedia":[{"embeddable":true,"href":"https:\/\/wegeblw.pl\/index.php\/wp-json\/wp\/v2\/media\/1403"}],"wp:attachment":[{"href":"https:\/\/wegeblw.pl\/index.php\/wp-json\/wp\/v2\/media?parent=1402"}],"wp:term":[{"taxonomy":"product_cat","embeddable":true,"href":"https:\/\/wegeblw.pl\/index.php\/wp-json\/wp\/v2\/product_cat?post=1402"},{"taxonomy":"product_tag","embeddable":true,"href":"https:\/\/wegeblw.pl\/index.php\/wp-json\/wp\/v2\/product_tag?post=1402"}],"curies":[{"name":"wp","href":"https:\/\/api.w.org\/{rel}","templated":true}]}}