{"id":1414,"date":"2020-03-26T09:28:26","date_gmt":"2020-03-26T08:28:26","guid":{"rendered":"https:\/\/wegeblw.pl\/index.php\/produkt\/novaclear-urban-sunblock-krem-ochronny-dla-dzieci-spf50-125ml\/"},"modified":"2026-04-10T07:44:14","modified_gmt":"2026-04-10T05:44:14","slug":"novaclear-urban-sunblock-krem-ochronny-dla-dzieci-spf50-125ml","status":"publish","type":"product","link":"https:\/\/wegeblw.pl\/index.php\/produkt\/novaclear-urban-sunblock-krem-ochronny-dla-dzieci-spf50-125ml\/","title":{"rendered":"NovaClear Urban Sunblock Krem Ochronny dla Dzieci SPF50 125ml"},"content":{"rendered":"<p>Od\u017cywki bia\u0142kowe<\/p>\n<p>ile soli fizjologicznej do inhalacji, pesto z pomidor\u00f3w, dieta lekkostrawna &#8211; co je\u015b\u0107, majom, kasza jaglana odchudzanie efekty, pasta sezamowa tahini gdzie kupi\u0107, mleka roslinne<\/p>\n<p>yyyyy<\/p>\n","protected":false},"excerpt":{"rendered":"<p>Od\u017cywki bia\u0142kowe ile soli fizjologicznej do inhalacji, pesto z pomidor\u00f3w, dieta lekkostrawna &#8211; co je\u015b\u0107, majom, kasza jaglana odchudzanie efekty,&hellip;<\/p>\n","protected":false},"featured_media":1415,"comment_status":"closed","ping_status":"open","template":"","meta":[],"product_cat":[123],"product_tag":[621,747,744,640,630,754],"class_list":["post-1414","product","type-product","status-publish","has-post-thumbnail","hentry","product_cat-kosmetyki-dla-dzieci-i-niemowlat","product_tag-ekowital","product_tag-guma-guar-co-to","product_tag-haagen-dazs","product_tag-siemie-lniane-na-surowo","product_tag-vege-slodycze","product_tag-zamienniki-miesa"],"_links":{"self":[{"href":"https:\/\/wegeblw.pl\/index.php\/wp-json\/wp\/v2\/product\/1414","targetHints":{"allow":["GET"]}}],"collection":[{"href":"https:\/\/wegeblw.pl\/index.php\/wp-json\/wp\/v2\/product"}],"about":[{"href":"https:\/\/wegeblw.pl\/index.php\/wp-json\/wp\/v2\/types\/product"}],"replies":[{"embeddable":true,"href":"https:\/\/wegeblw.pl\/index.php\/wp-json\/wp\/v2\/comments?post=1414"}],"wp:featuredmedia":[{"embeddable":true,"href":"https:\/\/wegeblw.pl\/index.php\/wp-json\/wp\/v2\/media\/1415"}],"wp:attachment":[{"href":"https:\/\/wegeblw.pl\/index.php\/wp-json\/wp\/v2\/media?parent=1414"}],"wp:term":[{"taxonomy":"product_cat","embeddable":true,"href":"https:\/\/wegeblw.pl\/index.php\/wp-json\/wp\/v2\/product_cat?post=1414"},{"taxonomy":"product_tag","embeddable":true,"href":"https:\/\/wegeblw.pl\/index.php\/wp-json\/wp\/v2\/product_tag?post=1414"}],"curies":[{"name":"wp","href":"https:\/\/api.w.org\/{rel}","templated":true}]}}