{"id":1426,"date":"2017-01-11T10:05:57","date_gmt":"2017-01-11T09:05:57","guid":{"rendered":"https:\/\/wegeblw.pl\/index.php\/produkt\/biomus-perhydrol-30-pure-250ml-czda\/"},"modified":"2026-04-08T05:44:27","modified_gmt":"2026-04-08T03:44:27","slug":"biomus-perhydrol-30-pure-250ml-czda","status":"publish","type":"product","link":"https:\/\/wegeblw.pl\/index.php\/produkt\/biomus-perhydrol-30-pure-250ml-czda\/","title":{"rendered":"Biomus Perhydrol 30% Pure 250Ml Czda"},"content":{"rendered":"<p>Doctors Best Witamina D3 Kids Gummies 60 \u017celek zawiera w swoim sk\u0142adzie witamin\u0119 D3 w pysznej formie \u017celek owocowych, kt\u00f3ra u\u0142atwi suplementacje witaminy i sprawi \u017ce Twoje dziecko samo b\u0119dzie pami\u0119ta\u0142o o jej suplementacji. Witamina D3 jest witamin\u0105, kt\u00f3ra organizm mo\u017ce sam syntetyzowa\u0107 pod wp\u0142ywem promieni s\u0142onecznych. Niestety zazwyczaj st\u0119\u017cenie witaminy D3 jest za ma\u0142e szczeg\u00f3lnie w okresie jesienno-zimowym.Dlaczego warto wspiera\u0107 diet\u0119 dziecka Doctors Best Witamina D3 Kids Gummies 60 \u017celek?Witamina D3 wspiera zdrowie ko\u015bci, z\u0119b\u00f3w a tak\u017ce uk\u0142ad immunologiczny dziecka. Warto tak\u017ce zaznaczy\u0107, \u017ce mo\u017ce korzystnie wp\u0142ywa\u0107 na uk\u0142ad sercowo-naczyniowy czy wspiera\u0107 wch\u0142anianie wapnia. M\u00f3wi si\u0119, \u017ce witamina D3 wp\u0142ywa pozytywnie na wzrost i rozw\u00f3j m\u0142odego organizmu.Doctors Best Witamina D3 Kids Gummies 60 \u017celek ma przepyszny smak owoc\u00f3w takich jak truskawki, brzoskwinia i mango. Preparat jest godny polecenia weganom i wegetarianom. Jego sk\u0142ad jest maksymalnie prosty i czysty, nie zawiera: \u017celatyny, barwnik\u00f3w, konserwant\u00f3w czy sztucznych wype\u0142niaczy.Sk\u0142adniki:Kalorie 10W\u0119glowodany og\u00f3\u0142em 2 g 1%Cukry og\u00f3\u0142em 2 gZawiera 2 g Cukry dodane 4%Witamina D3 (jako cholekalcyferol) 25 mcg (1000 IU) 125%S\u00f3d 5 mg &lt;1%Pozosta\u0142e sk\u0142adniki:Syrop glukozowy, cukier, woda, pektyny, kwasek cytrynowy, cytrynian sodu, naturalne aromaty, na barw\u0119 ekstraktu z achiotu, sok z czarnego bzu, orzechy z drzewa kokosowego, wosk Carnauba.Spos\u00f3b u\u017cycia:1 \u017celek dziennie, nie przekracza\u0107 zalecanej dawki.Wa\u017cne informacje:Nie przekracza\u0107 zalecanej porcji do spo\u017cycia w ci\u0105gu dnia.Produkt nie mo\u017ce by\u0107 stosowany jako substytut prawid\u0142owo zr\u00f3\u017cnicowanej diety.Zr\u00f3wnowa\u017cony spos\u00f3b \u017cywienia oraz zdrowy tryb \u017cycia s\u0105 podstaw\u0105 prawid\u0142owego funkcjonowania organizmu.Kobiety w ci\u0105\u017cy, karmi\u0105ce oraz osoby maj\u0105ce zaburzenia czynno\u015bci nerek, hiperkalemi\u0119, przyjmuj\u0105ce jakiekolwiek leki stosowanie produktu powinny skonsultowa\u0107 z lekarzem.Przechowywanie:Przechowywa\u0107 w temperaturze pokojowej w spos\u00f3b niedost\u0119pny dla ma\u0142ych dzieci.Producent:Doctors Best INC.CaliforniaUSA<\/p>\n<p>Minera\u0142y i witaminy<\/p>\n<p>ma\u0142e s\u0142oiki na d\u017cem, s\u00f3l himalajska gruboziarnista, olej z czarnuszki sk\u0142ad, \u017ar\u00f3d\u0142a biotyny, nachosy, piernik wroc\u0142awski, kwas hialuronowy 5 jak stosowa\u0107, ocet jab\u0142kowy &#8212; zastosowanie, naczynie do rozpuszczania czekolady, p\u0142atki owsiane sk\u0142ad, szafir zielony, dostawy, s\u00f3l do nawil\u017cacza powietrza, warto\u015bci od\u017cywcze mango, filet z anchois, go\u0142\u0105bki z pieczarkami i ry\u017cem, sezamki sk\u0142ad, yerba mate sklep krak\u00f3w, citroen cytryna, chia na odchudzanie<\/p>\n<p>yyyyy<\/p>\n","protected":false},"excerpt":{"rendered":"<p>Doctors Best Witamina D3 Kids Gummies 60 \u017celek zawiera w swoim sk\u0142adzie witamin\u0119 D3 w pysznej formie \u017celek owocowych, kt\u00f3ra&hellip;<\/p>\n","protected":false},"featured_media":1427,"comment_status":"closed","ping_status":"open","template":"","meta":[],"product_cat":[82],"product_tag":[627,722,777,732,867],"class_list":["post-1426","product","type-product","status-publish","has-post-thumbnail","hentry","product_cat-chemia-gospodarcza","product_tag-agnieszka-cegielska-blog","product_tag-kurkuma-ile-dziennie","product_tag-mieso-wege","product_tag-produkty-bez-laktozy","product_tag-siemie-lniane-blonnik"],"_links":{"self":[{"href":"https:\/\/wegeblw.pl\/index.php\/wp-json\/wp\/v2\/product\/1426","targetHints":{"allow":["GET"]}}],"collection":[{"href":"https:\/\/wegeblw.pl\/index.php\/wp-json\/wp\/v2\/product"}],"about":[{"href":"https:\/\/wegeblw.pl\/index.php\/wp-json\/wp\/v2\/types\/product"}],"replies":[{"embeddable":true,"href":"https:\/\/wegeblw.pl\/index.php\/wp-json\/wp\/v2\/comments?post=1426"}],"wp:featuredmedia":[{"embeddable":true,"href":"https:\/\/wegeblw.pl\/index.php\/wp-json\/wp\/v2\/media\/1427"}],"wp:attachment":[{"href":"https:\/\/wegeblw.pl\/index.php\/wp-json\/wp\/v2\/media?parent=1426"}],"wp:term":[{"taxonomy":"product_cat","embeddable":true,"href":"https:\/\/wegeblw.pl\/index.php\/wp-json\/wp\/v2\/product_cat?post=1426"},{"taxonomy":"product_tag","embeddable":true,"href":"https:\/\/wegeblw.pl\/index.php\/wp-json\/wp\/v2\/product_tag?post=1426"}],"curies":[{"name":"wp","href":"https:\/\/api.w.org\/{rel}","templated":true}]}}