{"id":1460,"date":"2021-01-03T04:00:09","date_gmt":"2021-01-03T03:00:09","guid":{"rendered":"https:\/\/wegeblw.pl\/index.php\/produkt\/ziaja-eye-creams-gels-zel-pod-oczy-eyebright-15ml\/"},"modified":"2026-04-07T06:41:57","modified_gmt":"2026-04-07T04:41:57","slug":"ziaja-eye-creams-gels-zel-pod-oczy-eyebright-15ml","status":"publish","type":"product","link":"https:\/\/wegeblw.pl\/index.php\/produkt\/ziaja-eye-creams-gels-zel-pod-oczy-eyebright-15ml\/","title":{"rendered":"Ziaja Eye Creams &amp; Gels \u017cel pod oczy Eyebright 15ml"},"content":{"rendered":"<p>UrgoClean Ag jest wskazany na rany z objawami miejscowej infekcji lubz ryzykiem zaka\u017cenia, z biofilmem, z martwic\u0105 rozp\u0142ywn\u0105, a w tym w:ranach ostrych: oparzenia, rany pourazowe, rany chirurgiczne,ranach przewlek\u0142ych: odle\u017cyny, owrzodzenia ko\u0144czyn dolnych, owrzodzenia stopy cukrzycowej.CHARAKTERYSTYKAUrgoClean Ag wykazuje silne dzia\u0142anie antybiofilmowe iantybakteryjne m.in. wobec Staphylococcus aureus, MRSA, Streptococcuspyogenes i Pseudomonas aeruginosa,miejscowo zwalcza zaka\u017cenie, zmniejszaj\u0105c liczb\u0119 bakterii w ranie,UrgoClean Ag wykazuje kompleksowe dzia\u0142anie oczyszczaj\u0105ce (usuwa z rany wysi\u0119k, martwic\u0119 rozp\u0142ywn\u0105 i obumar\u0142e tkanki),usuwa z rany biofilm i zapobiega jego rekonstrukcji,mo\u017ce by\u0107 u\u017cywany w terapii kompresyjnej,pozwala na bezbolesn\u0105 i bezurazow\u0105 zmian\u0119 opatrunku, dzi\u0119ki \u017celuj\u0105cej matrycy TLC, utrzymuj\u0105cej optymalnie wilgotne \u015brodowisko,opatrunek UrgoClean Ag jest przebadany klinicznie.<\/p>\n<p>Apteczki i materia\u0142y opatrunkowe<\/p>\n<p>mas\u0142o makadamia, mas\u0142o klarowane, kasza manna na mleku kokosowym, czym zast\u0105pi\u0107 p\u0142atki owsiane, kasxa, aloes korzenie, chipsy z batatow, masc mumio, leonardyt, oczar wirginijski hydrolat<\/p>\n<p>yyyyy<\/p>\n","protected":false},"excerpt":{"rendered":"<p>UrgoClean Ag jest wskazany na rany z objawami miejscowej infekcji lubz ryzykiem zaka\u017cenia, z biofilmem, z martwic\u0105 rozp\u0142ywn\u0105, a w&hellip;<\/p>\n","protected":false},"featured_media":1461,"comment_status":"closed","ping_status":"open","template":"","meta":[],"product_cat":[63],"product_tag":[692,738,806,649,663,718],"class_list":["post-1460","product","type-product","status-publish","has-post-thumbnail","hentry","product_cat-kosmetyki-pod-oczy","product_tag-jelito-drazliwe","product_tag-mieso-bio","product_tag-mieso-ekologiczne","product_tag-organic24","product_tag-sekacz-ciasto","product_tag-zamiennik-jogurtu-naturalnego"],"_links":{"self":[{"href":"https:\/\/wegeblw.pl\/index.php\/wp-json\/wp\/v2\/product\/1460","targetHints":{"allow":["GET"]}}],"collection":[{"href":"https:\/\/wegeblw.pl\/index.php\/wp-json\/wp\/v2\/product"}],"about":[{"href":"https:\/\/wegeblw.pl\/index.php\/wp-json\/wp\/v2\/types\/product"}],"replies":[{"embeddable":true,"href":"https:\/\/wegeblw.pl\/index.php\/wp-json\/wp\/v2\/comments?post=1460"}],"wp:featuredmedia":[{"embeddable":true,"href":"https:\/\/wegeblw.pl\/index.php\/wp-json\/wp\/v2\/media\/1461"}],"wp:attachment":[{"href":"https:\/\/wegeblw.pl\/index.php\/wp-json\/wp\/v2\/media?parent=1460"}],"wp:term":[{"taxonomy":"product_cat","embeddable":true,"href":"https:\/\/wegeblw.pl\/index.php\/wp-json\/wp\/v2\/product_cat?post=1460"},{"taxonomy":"product_tag","embeddable":true,"href":"https:\/\/wegeblw.pl\/index.php\/wp-json\/wp\/v2\/product_tag?post=1460"}],"curies":[{"name":"wp","href":"https:\/\/api.w.org\/{rel}","templated":true}]}}