{"id":1488,"date":"2019-06-26T21:26:20","date_gmt":"2019-06-26T19:26:20","guid":{"rendered":"https:\/\/wegeblw.pl\/index.php\/produkt\/centra-cb500-50ah-450a-plus-p\/"},"modified":"2026-04-07T03:14:52","modified_gmt":"2026-04-07T01:14:52","slug":"centra-cb500-50ah-450a-plus-p","status":"publish","type":"product","link":"https:\/\/wegeblw.pl\/index.php\/produkt\/centra-cb500-50ah-450a-plus-p\/","title":{"rendered":"Centra CB500 50AH 450A PLUS P+"},"content":{"rendered":"<p>Omega-3 65% 60 kaps.- suplement dietyOpis: Jedna kapsu\u0142ka produktu zawiera 1000 mg oleju z ryb standaryzowanego na zawarto\u015b\u0107 minimum 65% kwas\u00f3w t\u0142uszczowych omega-3. Suplement diety Omega-3 65% uzupe\u0142nia diet\u0119 w nienasycone kwasy t\u0142uszczowe omega-3: EPA \u2013 kwas eikozapentaenowy oraz DHA \u2013 kwas dokozaheksaenowy. Kwasy t\u0142uszczowe DHA i EPA przyczyniaj\u0105 si\u0119 do prawid\u0142owego funkcjonowania m\u00f3zgu i do utrzymania prawid\u0142owego widzenia. Spo\u017cywanie kwasu dokozaheksaenowego (DHA) przez matk\u0119 wspomaga prawid\u0142owy rozw\u00f3j oczu u p\u0142odu i niemowl\u0105t karmionych piersi\u0105.Jedna kapsu\u0142ka zawiera: olej z ryb 1000 mg, w tym: EPA \u2013 kwas eikozapentaenowy 330 mg (33%), DHA \u2013 kwas dokozaheksaenowy 220 mg (22%), inne kwasy t\u0142uszczowe z rodziny omega-3 100 mg (10%)Sk\u0142adniki: Olej z ryb 1000 mg, w tym: EPA 330 mg (33%), DHA 220 mg (22%),inne kwasy t\u0142uszczowe z rodziny omega-3 100 mg (10%)ZALECANA PORCJA DO SPO\u017bYCIA W CI\u0104GU DNIA NIEZB\u0118DNA DO UZYSKANIA KORZYSTNEGO DZIA\u0141ANIA PRODUKTU: doro\u015bli 1-2 kapsu\u0142ki dziennie popijaj\u0105c wod\u0105, najlepiej podczas posi\u0142ku.Nie przekracza\u0107 zalecanej porcji do spo\u017cycia w ci\u0105gu dnia. Preparat nie mo\u017ce by\u0107 stosowany jako substytut zr\u00f3\u017cnicowanej diety. Zr\u00f3wnowa\u017cony spos\u00f3b od\u017cywiania i zdrowy tryb \u017cycia s\u0105 podstaw\u0105 prawid\u0142owego funkcjonowania organizmu.OGRANICZENIA STOSOWANIA: nadwra\u017cliwo\u015b\u0107 na kt\u00f3rykolwiek sk\u0142adnik preparatu. Osoby z zaburzeniami krzepliwo\u015bci krwi lub stosuj\u0105ce leki zmniejszaj\u0105ce krzepliwo\u015b\u0107 krwi, kobiety w ci\u0105\u017cy i matki karmi\u0105ce przyjmowanie preparatu powinny skonsultowa\u0107 z lekarzem.Wyprodukowano przez Naturell AB, Szwecja dla:USP Zdrowie Sp. z o.o.ul. Poleczki 35 02-822 Warszawa<\/p>\n<p>Uk\u0142ad kr\u0105\u017cenia i serce<\/p>\n<p>przecier warzywny, stewia co to, burgery rybne, co je\u015b\u0107 na przezi\u0119bienie, curry ostro\u015b\u0107, czy kasza j\u0119czmienna zawiera gluten, propolis a py\u0142ek pszczeli, m\u0105ka tapioka, najlepsze p\u0142yny do p\u0142ukania, czy rodzynki to suszone winogrona, jak zrobic szpinak \u015bwie\u017cy, bawe\u0142niane woreczki, posypka cukrowa, orzeszki nerkowca cena<\/p>\n<p>yyyyy<\/p>\n","protected":false},"excerpt":{"rendered":"<p>Omega-3 65% 60 kaps.- suplement dietyOpis: Jedna kapsu\u0142ka produktu zawiera 1000 mg oleju z ryb standaryzowanego na zawarto\u015b\u0107 minimum 65%&hellip;<\/p>\n","protected":false},"featured_media":1489,"comment_status":"closed","ping_status":"open","template":"","meta":[],"product_cat":[182],"product_tag":[788,816,621,657,647,760],"class_list":["post-1488","product","type-product","status-publish","has-post-thumbnail","hentry","product_cat-akumulatory","product_tag-beyond-meat-burger","product_tag-bigos-z-soczewica","product_tag-ekowital","product_tag-filet-z-indyka","product_tag-kurczak-bio","product_tag-skyr-bez-laktozy"],"_links":{"self":[{"href":"https:\/\/wegeblw.pl\/index.php\/wp-json\/wp\/v2\/product\/1488","targetHints":{"allow":["GET"]}}],"collection":[{"href":"https:\/\/wegeblw.pl\/index.php\/wp-json\/wp\/v2\/product"}],"about":[{"href":"https:\/\/wegeblw.pl\/index.php\/wp-json\/wp\/v2\/types\/product"}],"replies":[{"embeddable":true,"href":"https:\/\/wegeblw.pl\/index.php\/wp-json\/wp\/v2\/comments?post=1488"}],"wp:featuredmedia":[{"embeddable":true,"href":"https:\/\/wegeblw.pl\/index.php\/wp-json\/wp\/v2\/media\/1489"}],"wp:attachment":[{"href":"https:\/\/wegeblw.pl\/index.php\/wp-json\/wp\/v2\/media?parent=1488"}],"wp:term":[{"taxonomy":"product_cat","embeddable":true,"href":"https:\/\/wegeblw.pl\/index.php\/wp-json\/wp\/v2\/product_cat?post=1488"},{"taxonomy":"product_tag","embeddable":true,"href":"https:\/\/wegeblw.pl\/index.php\/wp-json\/wp\/v2\/product_tag?post=1488"}],"curies":[{"name":"wp","href":"https:\/\/api.w.org\/{rel}","templated":true}]}}