{"id":1508,"date":"2024-09-23T23:12:38","date_gmt":"2024-09-23T21:12:38","guid":{"rendered":"https:\/\/wegeblw.pl\/?post_type=product&#038;p=1508"},"modified":"2026-04-07T03:17:22","modified_gmt":"2026-04-07T01:17:22","slug":"k2-plyn-do-mycia-felg-i-kol-alot-5kg","status":"publish","type":"product","link":"https:\/\/wegeblw.pl\/index.php\/produkt\/k2-plyn-do-mycia-felg-i-kol-alot-5kg\/","title":{"rendered":"K2 P\u0142yn Do Mycia Felg I K\u00f3\u0142 Alot 5Kg"},"content":{"rendered":"<p>Kolejne, IX ju\u017c wydanie znakomitego podr\u0119cznika anatomii od wielu lat ciesz\u0105cego si\u0119 du\u017c\u0105 popularno\u015bci\u0105 w\u015br\u00f3d student\u00f3w uczelni medycznych. Opracowanie o charakterze kompendialnym \u2013 nie tylko przypomina najwa\u017cniejsze wiadomo\u015bci z zakresu anatomii prawid\u0142owej, lecz tak\u017ce pozwala szybko powt\u00f3rzy\u0107 i ugruntowa\u0107 t\u0119 szerok\u0105 dziedzin\u0119 wiedzy medycznej.Obecne wydanie rozszerzono o miana anatomiczne w j\u0119zyku angielskim \u2013 lingua franca wsp\u00f3\u0142czesnej medycyny.To \u015bwietne repetytorium dla ka\u017cdego, kto chce powt\u00f3rzy\u0107 i ugruntowa\u0107 swoj\u0105 wiedz\u0119 z anatomii \u2013 warto je mie\u0107 w zasi\u0119gu r\u0119ki, by w ka\u017cdej chwili s\u0142u\u017cy\u0142o pomoc\u0105.ISBN: 9788320058833Kod paskowy: 9788320058833Autorzy: Krechowiecki Adam, Czerwi\u0144ski FlorianWydanie: 9Rok wydania: 2019Kod wydawcy: 20384Liczba stron: 860Oprawa: TwardaPKWiU: 58.11.1Format: 16.5&#215;23.5cmG\u0142\u0119boko\u015b\u0107 (mm): 35Waga: 1.575J\u0119zyki: polskiGrupa towarowa: Ksi\u0105\u017cka<\/p>\n<p>Zdrowie i diety<\/p>\n<p>grisinni, gluten alergia, mi\u00f3d, rybi olej, mi\u00f3d wielokwiatowy ceny, do czego kolendra, \u0107wiczenia na podniesienie ci\u015bnienia, witamina c suplementacja, jedzenie bez glutenu, dania wegetaria\u0144skie z grilla, ciasteczka owsiane ania, tw\u00f3jcelto, w\u0142a\u015bciwo\u015bci yerba mate, na co jest dobry chrzan, kaszki dla alergik\u00f3w<\/p>\n<p>yyyyy<\/p>\n","protected":false},"excerpt":{"rendered":"<p>Kolejne, IX ju\u017c wydanie znakomitego podr\u0119cznika anatomii od wielu lat ciesz\u0105cego si\u0119 du\u017c\u0105 popularno\u015bci\u0105 w\u015br\u00f3d student\u00f3w uczelni medycznych. Opracowanie o&hellip;<\/p>\n","protected":false},"featured_media":1509,"comment_status":"closed","ping_status":"open","template":"","meta":[],"product_cat":[178],"product_tag":[759,856,699,828],"class_list":["post-1508","product","type-product","status-publish","has-post-thumbnail","hentry","product_cat-szampony-samochodowe","product_tag-kurkuma","product_tag-profilaktyka-cukrzycy","product_tag-sok-z-cytryn","product_tag-zakupy-z-dostawa-do-domu"],"_links":{"self":[{"href":"https:\/\/wegeblw.pl\/index.php\/wp-json\/wp\/v2\/product\/1508","targetHints":{"allow":["GET"]}}],"collection":[{"href":"https:\/\/wegeblw.pl\/index.php\/wp-json\/wp\/v2\/product"}],"about":[{"href":"https:\/\/wegeblw.pl\/index.php\/wp-json\/wp\/v2\/types\/product"}],"replies":[{"embeddable":true,"href":"https:\/\/wegeblw.pl\/index.php\/wp-json\/wp\/v2\/comments?post=1508"}],"wp:featuredmedia":[{"embeddable":true,"href":"https:\/\/wegeblw.pl\/index.php\/wp-json\/wp\/v2\/media\/1509"}],"wp:attachment":[{"href":"https:\/\/wegeblw.pl\/index.php\/wp-json\/wp\/v2\/media?parent=1508"}],"wp:term":[{"taxonomy":"product_cat","embeddable":true,"href":"https:\/\/wegeblw.pl\/index.php\/wp-json\/wp\/v2\/product_cat?post=1508"},{"taxonomy":"product_tag","embeddable":true,"href":"https:\/\/wegeblw.pl\/index.php\/wp-json\/wp\/v2\/product_tag?post=1508"}],"curies":[{"name":"wp","href":"https:\/\/api.w.org\/{rel}","templated":true}]}}