{"id":1514,"date":"2025-07-23T20:36:54","date_gmt":"2025-07-23T18:36:54","guid":{"rendered":"https:\/\/wegeblw.pl\/?post_type=product&#038;p=1514"},"modified":"2026-04-10T04:26:20","modified_gmt":"2026-04-10T02:26:20","slug":"quechua-freshblack-mh100-3os-bialy-zielony","status":"publish","type":"product","link":"https:\/\/wegeblw.pl\/index.php\/produkt\/quechua-freshblack-mh100-3os-bialy-zielony\/","title":{"rendered":"Quechua Fresh&amp;Black Mh100 3os. Bia\u0142y Zielony"},"content":{"rendered":"<p>Literatura sensacyjna i grozy<\/p>\n<p>chlebowy do picia, barszcz z butelki, sza\u0142wia na b\u00f3l brzucha, mucha w uchu, herbata zielona z mi\u0119t\u0105, przyprawa do ryb, dieta przyk\u0142adowa, makaron duze muszle, pomys\u0142 na makaron ry\u017cowy, czym zast\u0105pi\u0107 skrobi\u0119 ziemniaczan\u0105<\/p>\n<p>yyyyy<\/p>\n","protected":false},"excerpt":{"rendered":"<p>Literatura sensacyjna i grozy chlebowy do picia, barszcz z butelki, sza\u0142wia na b\u00f3l brzucha, mucha w uchu, herbata zielona z&hellip;<\/p>\n","protected":false},"featured_media":1515,"comment_status":"closed","ping_status":"open","template":"","meta":[],"product_cat":[189],"product_tag":[779,875,663,674],"class_list":["post-1514","product","type-product","status-publish","has-post-thumbnail","hentry","product_cat-namioty","product_tag-jak-gotowac-komose","product_tag-miechunka-suszona","product_tag-sekacz-ciasto","product_tag-warzywa-eko"],"_links":{"self":[{"href":"https:\/\/wegeblw.pl\/index.php\/wp-json\/wp\/v2\/product\/1514","targetHints":{"allow":["GET"]}}],"collection":[{"href":"https:\/\/wegeblw.pl\/index.php\/wp-json\/wp\/v2\/product"}],"about":[{"href":"https:\/\/wegeblw.pl\/index.php\/wp-json\/wp\/v2\/types\/product"}],"replies":[{"embeddable":true,"href":"https:\/\/wegeblw.pl\/index.php\/wp-json\/wp\/v2\/comments?post=1514"}],"wp:featuredmedia":[{"embeddable":true,"href":"https:\/\/wegeblw.pl\/index.php\/wp-json\/wp\/v2\/media\/1515"}],"wp:attachment":[{"href":"https:\/\/wegeblw.pl\/index.php\/wp-json\/wp\/v2\/media?parent=1514"}],"wp:term":[{"taxonomy":"product_cat","embeddable":true,"href":"https:\/\/wegeblw.pl\/index.php\/wp-json\/wp\/v2\/product_cat?post=1514"},{"taxonomy":"product_tag","embeddable":true,"href":"https:\/\/wegeblw.pl\/index.php\/wp-json\/wp\/v2\/product_tag?post=1514"}],"curies":[{"name":"wp","href":"https:\/\/api.w.org\/{rel}","templated":true}]}}