{"id":1518,"date":"2025-08-29T17:39:05","date_gmt":"2025-08-29T15:39:05","guid":{"rendered":"https:\/\/wegeblw.pl\/?post_type=product&#038;p=1518"},"modified":"2026-04-07T01:11:17","modified_gmt":"2026-04-06T23:11:17","slug":"suunto-core-black-yellow-ss050276000","status":"publish","type":"product","link":"https:\/\/wegeblw.pl\/index.php\/produkt\/suunto-core-black-yellow-ss050276000\/","title":{"rendered":"SUUNTO CORE Black Yellow (SS050276000)"},"content":{"rendered":"<p>K\u0142opoty ze snem &#8211; lawenda i wrzos &#8211; 200g Autorska mieszanka zi\u00f3\u0142 Zielarni Suwalskiej Producent: Dary Natury, Koryciny 73, 17-315 Grodziskindex: ZSU52 Sk\u0142adniki:Mierznica czarna ziele \u2013 Ballota nigraM\u0119czennica cielista ziele \u2013 Passiflora incarnataKoz\u0142ek lekarski k\u0142\u0105cze \u2013 Valeriana officinalisMelisa lekarska li\u015b\u0107 \u2013 Melissa officinalisLawenda lekarska kwiat \u2013 Lavandula angustifoliaChmiel zwyczajny szyszka \u2013 Humulus lupulusWrzos zwyczajny kwiat \u2013 Calluna vulgaris Spos\u00f3b u\u017cycia:Pi\u0107 raz dziennie szklank\u0119 naparu na noc. Ka\u017cd\u0105 porcj\u0119 wykona\u0107 z kopiastej \u0142y\u017cki sto\u0142owej zi\u00f3\u0142. Zala\u0107 wrz\u0105tkiem i parzy\u0107 pod przykryciem 10-15 min.<\/p>\n<p>Zio\u0142a i herbaty lecznicze<\/p>\n<p>pulpa \u017cytnia, co to jest woda alkaliczna, warzywa moczop\u0119dne, br\u0105zowy ry\u017c kcal, mas\u0142o orzechowe bio, czarnuszka gdzie ro\u015bnie<\/p>\n<p>yyyyy<\/p>\n","protected":false},"excerpt":{"rendered":"<p>K\u0142opoty ze snem &#8211; lawenda i wrzos &#8211; 200g Autorska mieszanka zi\u00f3\u0142 Zielarni Suwalskiej Producent: Dary Natury, Koryciny 73, 17-315&hellip;<\/p>\n","protected":false},"featured_media":1519,"comment_status":"closed","ping_status":"open","template":"","meta":[],"product_cat":[191],"product_tag":[763,768,700],"class_list":["post-1518","product","type-product","status-publish","has-post-thumbnail","hentry","product_cat-monitory-pracy-serca-pulsometry","product_tag-jak-spozywac-kurkume-leczniczo","product_tag-pasztet-z-soczewicy-z-suszonymi-pomidorami","product_tag-przepis-na-sekacza"],"_links":{"self":[{"href":"https:\/\/wegeblw.pl\/index.php\/wp-json\/wp\/v2\/product\/1518","targetHints":{"allow":["GET"]}}],"collection":[{"href":"https:\/\/wegeblw.pl\/index.php\/wp-json\/wp\/v2\/product"}],"about":[{"href":"https:\/\/wegeblw.pl\/index.php\/wp-json\/wp\/v2\/types\/product"}],"replies":[{"embeddable":true,"href":"https:\/\/wegeblw.pl\/index.php\/wp-json\/wp\/v2\/comments?post=1518"}],"wp:featuredmedia":[{"embeddable":true,"href":"https:\/\/wegeblw.pl\/index.php\/wp-json\/wp\/v2\/media\/1519"}],"wp:attachment":[{"href":"https:\/\/wegeblw.pl\/index.php\/wp-json\/wp\/v2\/media?parent=1518"}],"wp:term":[{"taxonomy":"product_cat","embeddable":true,"href":"https:\/\/wegeblw.pl\/index.php\/wp-json\/wp\/v2\/product_cat?post=1518"},{"taxonomy":"product_tag","embeddable":true,"href":"https:\/\/wegeblw.pl\/index.php\/wp-json\/wp\/v2\/product_tag?post=1518"}],"curies":[{"name":"wp","href":"https:\/\/api.w.org\/{rel}","templated":true}]}}