{"id":1522,"date":"2022-06-16T07:23:14","date_gmt":"2022-06-16T05:23:14","guid":{"rendered":"https:\/\/wegeblw.pl\/index.php\/produkt\/edelrid-ohm-przyrzad-asekuracyjny-oasis\/"},"modified":"2026-04-07T06:20:57","modified_gmt":"2026-04-07T04:20:57","slug":"edelrid-ohm-przyrzad-asekuracyjny-oasis","status":"publish","type":"product","link":"https:\/\/wegeblw.pl\/index.php\/produkt\/edelrid-ohm-przyrzad-asekuracyjny-oasis\/","title":{"rendered":"Edelrid Ohm Przyrz\u0105d Asekuracyjny Oasis"},"content":{"rendered":"<p>ZASTOSOWANIE: CEKOL ZW-04 jest zapraw\u0105 s\u0142u\u017c\u0105c\u0105 do uzupe\u0142niania ubytk\u00f3w i wyr\u00f3wnywania powierzchni \u015bcian i pod\u0142\u00f3g. CEKOL ZW-04 s\u0142u\u017cy r\u00f3wnie\u017c jako materia\u0142 do wykonywania podk\u0142adu pod\u0142ogowego. Zastosowanie zaprawy CEKOL ZW-04 jako podk\u0142ad zmniejsza zu\u017cycie zapraw klej\u0105cych i wylewek samoniweluj\u0105cych przy pracach remontowych i wyko\u0144czeniowych. Do wykonywania posadzek mo\u017cna r\u00f3wnie\u017c zastosowa\u0107 zaprawy np. CEKOL ZP-03 lub wylewk\u0119 samoniweluj\u0105c\u0105 CEKOL L-01. DANE TECHNICZNE: Zaprawa spe\u0142nia wymagania: PN-EN 13813 CT-C25-F5 Proporcje mieszanki: 4,0 do 5,0 l wody na 25 kg suchego proszku Czas zu\u017cycia zaprawy: oko\u0142o 2 godziny Czas schni\u0119cia: zale\u017cy od grubo\u015bci warstwy; przyjmuje si\u0119 wysychanie oko\u0142o 1,5 mm na grubo\u015bci warstwy na dob\u0119 Wydajno\u015b\u0107: oko\u0142o 1,8 kg\/m\u00b2 na 1 mm grubo\u015bci warstwy Minimalna grubo\u015b\u0107 warstwy: 3 mm Maksymalna grubo\u015b\u0107 warstwy: 50 mm Temperatura wykonywania prac: + 5 st.C do +25 st.C Wytrzyma\u0142o\u015b\u0107 na zginanie: \u2265 5 N\/mm2 Wytrzyma\u0142o\u015b\u0107 na \u015bciskanie: \u2265 25 N\/mm2 Reakcja na ogie\u0144: A1fl Produkt posiada: Atest PZHOPAKOWANIE: Worki papierowe: 5 kg, 25 kg PKWiU: 23.69.19.0<\/p>\n<p>Zaprawy<\/p>\n<p>keto krem, smietanka do kawy, olejek skwalan, orzechy przed snem, dieta doktor d\u0105browskiej, kakao rozpuszczalne bez cukru, 40g cukru, keto ciastka z m\u0105ki kokosowej, ks piotr pawlukiewicz, siara mleka krowiego, tr\u0105dzik domowe sposoby, kuchnia balkanska, owoce suszone bez cukru, dieta 1500 kcal dla m\u0119\u017cczyzn, maca chleb, jakie witaminy na zm\u0119czenie i senno\u015b\u0107, suszona \u017curawina w ci\u0105\u017cy<\/p>\n<p>yyyyy<\/p>\n","protected":false},"excerpt":{"rendered":"<p>ZASTOSOWANIE: CEKOL ZW-04 jest zapraw\u0105 s\u0142u\u017c\u0105c\u0105 do uzupe\u0142niania ubytk\u00f3w i wyr\u00f3wnywania powierzchni \u015bcian i pod\u0142\u00f3g. CEKOL ZW-04 s\u0142u\u017cy r\u00f3wnie\u017c jako&hellip;<\/p>\n","protected":false},"featured_media":1523,"comment_status":"closed","ping_status":"open","template":"","meta":[],"product_cat":[188],"product_tag":[857,855,709,745],"class_list":["post-1522","product","type-product","status-publish","has-post-thumbnail","hentry","product_cat-sprzet-wspinaczkowy","product_tag-jablka-ekologiczne","product_tag-kozie-mleko","product_tag-maka-orkiszowa-zastosowanie","product_tag-swieze-mleko"],"_links":{"self":[{"href":"https:\/\/wegeblw.pl\/index.php\/wp-json\/wp\/v2\/product\/1522","targetHints":{"allow":["GET"]}}],"collection":[{"href":"https:\/\/wegeblw.pl\/index.php\/wp-json\/wp\/v2\/product"}],"about":[{"href":"https:\/\/wegeblw.pl\/index.php\/wp-json\/wp\/v2\/types\/product"}],"replies":[{"embeddable":true,"href":"https:\/\/wegeblw.pl\/index.php\/wp-json\/wp\/v2\/comments?post=1522"}],"wp:featuredmedia":[{"embeddable":true,"href":"https:\/\/wegeblw.pl\/index.php\/wp-json\/wp\/v2\/media\/1523"}],"wp:attachment":[{"href":"https:\/\/wegeblw.pl\/index.php\/wp-json\/wp\/v2\/media?parent=1522"}],"wp:term":[{"taxonomy":"product_cat","embeddable":true,"href":"https:\/\/wegeblw.pl\/index.php\/wp-json\/wp\/v2\/product_cat?post=1522"},{"taxonomy":"product_tag","embeddable":true,"href":"https:\/\/wegeblw.pl\/index.php\/wp-json\/wp\/v2\/product_tag?post=1522"}],"curies":[{"name":"wp","href":"https:\/\/api.w.org\/{rel}","templated":true}]}}