{"id":1524,"date":"2025-04-20T19:37:28","date_gmt":"2025-04-20T17:37:28","guid":{"rendered":"https:\/\/wegeblw.pl\/?post_type=product&#038;p=1524"},"modified":"2026-04-07T06:41:40","modified_gmt":"2026-04-07T04:41:40","slug":"mammut-9-0-alpine-sender-dry-rope-standard-ice-sunrise-40m","status":"publish","type":"product","link":"https:\/\/wegeblw.pl\/index.php\/produkt\/mammut-9-0-alpine-sender-dry-rope-standard-ice-sunrise-40m\/","title":{"rendered":"Mammut 9.0 Alpine Sender Dry Rope Standard Ice\/Sunrise 40m"},"content":{"rendered":"<p>Tematyka dotyczy tak wa\u017cnych problem\u00f3w zdrowotnych jak: nadci\u015bnienie, mia\u017cd\u017cyca, zawa\u0142, udar, niewydolno\u015b\u0107 serca, problemy z pami\u0119ci\u0105. Znajd\u0105 tu Pa\u0144stwo porady w zakresie leczenia i profilaktyki metodami naturalnymi. W tym wydaniu mo\u017cna si\u0119 na przyk\u0142ad zapozna\u0107 z w\u0142a\u015bciwo\u015bciami leczniczymi takich ro\u015blin jak: tarczyca bajkalska, dioskoreja kaukaska, owoce kaliny, pozna\u0107 te\u017c zalety aromaterapii.<\/p>\n<p>Zdrowie i diety<\/p>\n<p>yerba cbs, 10 planeta, olejek makadamia, czarna malwa w\u0142a\u015bciwo\u015bci, mas\u0142o sezamowe tahini, oliwa z, sklep litewski, balsam kokosowy, ocet z wina, olej nierafinowany rzepakowy, tkaniny ekologiczne, cieciorka ig, oczyszczanie w\u0105troby domowe sposoby, mi\u00f3d spadziowy iglasty cena, lecytyna lek na pami\u0119\u0107, olejek konopny na co, mleko orkiszowe, jakie dzia\u0142anie ma pokrzywa, przepis chleb bezglutenowy, chlorek magnezu do picia na stawy<\/p>\n<p>yyyyy<\/p>\n","protected":false},"excerpt":{"rendered":"<p>Tematyka dotyczy tak wa\u017cnych problem\u00f3w zdrowotnych jak: nadci\u015bnienie, mia\u017cd\u017cyca, zawa\u0142, udar, niewydolno\u015b\u0107 serca, problemy z pami\u0119ci\u0105. Znajd\u0105 tu Pa\u0144stwo porady&hellip;<\/p>\n","protected":false},"featured_media":1525,"comment_status":"closed","ping_status":"open","template":"","meta":[],"product_cat":[188],"product_tag":[651,701,795,683],"class_list":["post-1524","product","type-product","status-publish","has-post-thumbnail","hentry","product_cat-sprzet-wspinaczkowy","product_tag-dieta-bezbialkowa","product_tag-produkty-klasztorne","product_tag-wino-bez-siarczanow","product_tag-ziola-regenerujace-nadnercza"],"_links":{"self":[{"href":"https:\/\/wegeblw.pl\/index.php\/wp-json\/wp\/v2\/product\/1524","targetHints":{"allow":["GET"]}}],"collection":[{"href":"https:\/\/wegeblw.pl\/index.php\/wp-json\/wp\/v2\/product"}],"about":[{"href":"https:\/\/wegeblw.pl\/index.php\/wp-json\/wp\/v2\/types\/product"}],"replies":[{"embeddable":true,"href":"https:\/\/wegeblw.pl\/index.php\/wp-json\/wp\/v2\/comments?post=1524"}],"wp:featuredmedia":[{"embeddable":true,"href":"https:\/\/wegeblw.pl\/index.php\/wp-json\/wp\/v2\/media\/1525"}],"wp:attachment":[{"href":"https:\/\/wegeblw.pl\/index.php\/wp-json\/wp\/v2\/media?parent=1524"}],"wp:term":[{"taxonomy":"product_cat","embeddable":true,"href":"https:\/\/wegeblw.pl\/index.php\/wp-json\/wp\/v2\/product_cat?post=1524"},{"taxonomy":"product_tag","embeddable":true,"href":"https:\/\/wegeblw.pl\/index.php\/wp-json\/wp\/v2\/product_tag?post=1524"}],"curies":[{"name":"wp","href":"https:\/\/api.w.org\/{rel}","templated":true}]}}