{"id":1542,"date":"2012-11-15T11:53:51","date_gmt":"2012-11-15T10:53:51","guid":{"rendered":"https:\/\/wegeblw.pl\/index.php\/produkt\/badger-outdoor-kompas-z-linijka\/"},"modified":"2026-04-12T12:24:28","modified_gmt":"2026-04-12T10:24:28","slug":"badger-outdoor-kompas-z-linijka","status":"publish","type":"product","link":"https:\/\/wegeblw.pl\/index.php\/produkt\/badger-outdoor-kompas-z-linijka\/","title":{"rendered":"Badger Outdoor Kompas Z Linijk\u0105"},"content":{"rendered":"<p>SVR Topialyse Baume Protect +  regeneruj\u0105cy balsam do sk\u00f3ry suchej i atopowej<\/p>\n<p>Kosmetyki dla dzieci i niemowl\u0105t<\/p>\n<p>ciasteczka kokosowe, kulki miodowe, zapalenie pecherza leczenie, jogurt sojowy, bu\u0142ki bezglutenowe<\/p>\n<p>yyyyy<\/p>\n","protected":false},"excerpt":{"rendered":"<p>SVR Topialyse Baume Protect + regeneruj\u0105cy balsam do sk\u00f3ry suchej i atopowej Kosmetyki dla dzieci i niemowl\u0105t ciasteczka kokosowe, kulki&hellip;<\/p>\n","protected":false},"featured_media":1543,"comment_status":"closed","ping_status":"open","template":"","meta":[],"product_cat":[196],"product_tag":[659,880,629,717,851],"class_list":["post-1542","product","type-product","status-publish","has-post-thumbnail","hentry","product_cat-kompasy","product_tag-jajka-marynowane-po-koreansku","product_tag-kotlet-weganski-linda-mccartney","product_tag-maka-z-ciecierzycy","product_tag-odzywka-onlybio","product_tag-warzywa-online"],"_links":{"self":[{"href":"https:\/\/wegeblw.pl\/index.php\/wp-json\/wp\/v2\/product\/1542","targetHints":{"allow":["GET"]}}],"collection":[{"href":"https:\/\/wegeblw.pl\/index.php\/wp-json\/wp\/v2\/product"}],"about":[{"href":"https:\/\/wegeblw.pl\/index.php\/wp-json\/wp\/v2\/types\/product"}],"replies":[{"embeddable":true,"href":"https:\/\/wegeblw.pl\/index.php\/wp-json\/wp\/v2\/comments?post=1542"}],"wp:featuredmedia":[{"embeddable":true,"href":"https:\/\/wegeblw.pl\/index.php\/wp-json\/wp\/v2\/media\/1543"}],"wp:attachment":[{"href":"https:\/\/wegeblw.pl\/index.php\/wp-json\/wp\/v2\/media?parent=1542"}],"wp:term":[{"taxonomy":"product_cat","embeddable":true,"href":"https:\/\/wegeblw.pl\/index.php\/wp-json\/wp\/v2\/product_cat?post=1542"},{"taxonomy":"product_tag","embeddable":true,"href":"https:\/\/wegeblw.pl\/index.php\/wp-json\/wp\/v2\/product_tag?post=1542"}],"curies":[{"name":"wp","href":"https:\/\/api.w.org\/{rel}","templated":true}]}}