{"id":1564,"date":"2018-06-02T03:33:52","date_gmt":"2018-06-02T01:33:52","guid":{"rendered":"https:\/\/wegeblw.pl\/index.php\/produkt\/blackdecker-pivot-pv1200av-xj\/"},"modified":"2026-04-07T06:43:28","modified_gmt":"2026-04-07T04:43:28","slug":"blackdecker-pivot-pv1200av-xj","status":"publish","type":"product","link":"https:\/\/wegeblw.pl\/index.php\/produkt\/blackdecker-pivot-pv1200av-xj\/","title":{"rendered":"Black&amp;Decker Pivot PV1200AV-XJ"},"content":{"rendered":"<p>PRECISION1 for Astigmatism 30 0,00; &#8211; 1,25; 160<\/p>\n<p>Soczewki kontaktowe<\/p>\n<p>chela-mag b6 shot, papryka chili przyprawa, sklep \u017cywno\u015b\u0107 ekologiczna, ryz dmuchany, mi\u00f3d rzepakowy &#8211; w\u0142a\u015bciwo\u015bci, skrobia a m\u0105ka ziemniaczana, kokosowy bekon, morwa bia\u0142a &#8211; uprawa w polsce, adek dr jacobs, trimetyloglicyna, nap\u00f3j sojowy alpro<\/p>\n<p>yyyyy<\/p>\n","protected":false},"excerpt":{"rendered":"<p>PRECISION1 for Astigmatism 30 0,00; &#8211; 1,25; 160 Soczewki kontaktowe chela-mag b6 shot, papryka chili przyprawa, sklep \u017cywno\u015b\u0107 ekologiczna, ryz&hellip;<\/p>\n","protected":false},"featured_media":1565,"comment_status":"closed","ping_status":"open","template":"","meta":[],"product_cat":[198],"product_tag":[778,776,713],"class_list":["post-1564","product","type-product","status-publish","has-post-thumbnail","hentry","product_cat-odkurzacze-samochodowe","product_tag-burak","product_tag-zamiennik-miesa","product_tag-zur-a-zurek"],"_links":{"self":[{"href":"https:\/\/wegeblw.pl\/index.php\/wp-json\/wp\/v2\/product\/1564","targetHints":{"allow":["GET"]}}],"collection":[{"href":"https:\/\/wegeblw.pl\/index.php\/wp-json\/wp\/v2\/product"}],"about":[{"href":"https:\/\/wegeblw.pl\/index.php\/wp-json\/wp\/v2\/types\/product"}],"replies":[{"embeddable":true,"href":"https:\/\/wegeblw.pl\/index.php\/wp-json\/wp\/v2\/comments?post=1564"}],"wp:featuredmedia":[{"embeddable":true,"href":"https:\/\/wegeblw.pl\/index.php\/wp-json\/wp\/v2\/media\/1565"}],"wp:attachment":[{"href":"https:\/\/wegeblw.pl\/index.php\/wp-json\/wp\/v2\/media?parent=1564"}],"wp:term":[{"taxonomy":"product_cat","embeddable":true,"href":"https:\/\/wegeblw.pl\/index.php\/wp-json\/wp\/v2\/product_cat?post=1564"},{"taxonomy":"product_tag","embeddable":true,"href":"https:\/\/wegeblw.pl\/index.php\/wp-json\/wp\/v2\/product_tag?post=1564"}],"curies":[{"name":"wp","href":"https:\/\/api.w.org\/{rel}","templated":true}]}}