{"id":1568,"date":"2018-10-31T14:17:13","date_gmt":"2018-10-31T13:17:13","guid":{"rendered":"https:\/\/wegeblw.pl\/index.php\/produkt\/elf-evolution-900-nf-5w40-4l\/"},"modified":"2026-04-15T06:36:43","modified_gmt":"2026-04-15T04:36:43","slug":"elf-evolution-900-nf-5w40-4l","status":"publish","type":"product","link":"https:\/\/wegeblw.pl\/index.php\/produkt\/elf-evolution-900-nf-5w40-4l\/","title":{"rendered":"Elf Evolution 900 NF 5W40 4L"},"content":{"rendered":"<p>SVR Topialyse Baume Protect +  regeneruj\u0105cy balsam do sk\u00f3ry suchej i atopowej<\/p>\n<p>Kosmetyki dla dzieci i niemowl\u0105t<\/p>\n<p>ciasteczka kokosowe, kulki miodowe, zapalenie pecherza leczenie, jogurt sojowy, bu\u0142ki bezglutenowe<\/p>\n<p><a href=\"https:\/\/kamieniarski.net\/lawki\/\">https:\/\/kamieniarski.net\/lawki\/<\/a><\/p>\n","protected":false},"excerpt":{"rendered":"<p>SVR Topialyse Baume Protect + regeneruj\u0105cy balsam do sk\u00f3ry suchej i atopowej Kosmetyki dla dzieci i niemowl\u0105t ciasteczka kokosowe, kulki&hellip;<\/p>\n","protected":false},"featured_media":1569,"comment_status":"closed","ping_status":"open","template":"","meta":[],"product_cat":[202],"product_tag":[659,715,835,839,756,828],"class_list":["post-1568","product","type-product","status-publish","has-post-thumbnail","hentry","product_cat-oleje-silnikowe","product_tag-jajka-marynowane-po-koreansku","product_tag-jak-oczyscic-krewetki","product_tag-kurkuma-dzialanie","product_tag-mleko-niepasteryzowane","product_tag-sklep-ekologiczny-warszawa","product_tag-zakupy-z-dostawa-do-domu"],"_links":{"self":[{"href":"https:\/\/wegeblw.pl\/index.php\/wp-json\/wp\/v2\/product\/1568","targetHints":{"allow":["GET"]}}],"collection":[{"href":"https:\/\/wegeblw.pl\/index.php\/wp-json\/wp\/v2\/product"}],"about":[{"href":"https:\/\/wegeblw.pl\/index.php\/wp-json\/wp\/v2\/types\/product"}],"replies":[{"embeddable":true,"href":"https:\/\/wegeblw.pl\/index.php\/wp-json\/wp\/v2\/comments?post=1568"}],"wp:featuredmedia":[{"embeddable":true,"href":"https:\/\/wegeblw.pl\/index.php\/wp-json\/wp\/v2\/media\/1569"}],"wp:attachment":[{"href":"https:\/\/wegeblw.pl\/index.php\/wp-json\/wp\/v2\/media?parent=1568"}],"wp:term":[{"taxonomy":"product_cat","embeddable":true,"href":"https:\/\/wegeblw.pl\/index.php\/wp-json\/wp\/v2\/product_cat?post=1568"},{"taxonomy":"product_tag","embeddable":true,"href":"https:\/\/wegeblw.pl\/index.php\/wp-json\/wp\/v2\/product_tag?post=1568"}],"curies":[{"name":"wp","href":"https:\/\/api.w.org\/{rel}","templated":true}]}}