{"id":1574,"date":"2021-06-21T13:25:22","date_gmt":"2021-06-21T11:25:22","guid":{"rendered":"https:\/\/wegeblw.pl\/index.php\/produkt\/volt-polska-przetwornica-napiecia-pradu-ips-3400n-12v-230v-3400w-ips3400n12v\/"},"modified":"2026-04-08T08:04:13","modified_gmt":"2026-04-08T06:04:13","slug":"volt-polska-przetwornica-napiecia-pradu-ips-3400n-12v-230v-3400w-ips3400n12v","status":"publish","type":"product","link":"https:\/\/wegeblw.pl\/index.php\/produkt\/volt-polska-przetwornica-napiecia-pradu-ips-3400n-12v-230v-3400w-ips3400n12v\/","title":{"rendered":"Volt Polska Przetwornica Napi\u0119cia Pr\u0105du Ips-3400N (12V\/230V\/3400W) (Ips3400N12V)"},"content":{"rendered":"<p>&#8211; Prosty fason.- Zapi\u0119cie na suwak.- Mi\u0119kko wy\u015bcie\u0142any model.- R\u0119kawy wyko\u0144czone \u015bci\u0105gaczem.- Dolna kraw\u0119d\u017a wyko\u0144czona \u015bci\u0105gaczem.- Model z kapturem.- G\u0142adka dzianina.- Szeroko\u015b\u0107 pod pachami: 36 cm.- D\u0142ugo\u015b\u0107 r\u0119kawa: 40 cm.- D\u0142ugo\u015b\u0107: 41 cm.- Wymiary podane dla wzrostu: 110 cm.<\/p>\n<p>Bluzy i swetry dzieci\u0119ce<\/p>\n<p>migda\u0142y ca\u0142e, b\u0142onnik jak stosowa\u0107, matuli, \u015bliwki suszone cena, zielone szparagi czy obiera\u0107, \u0142uski babki p\u0142esznik, rodzaje skrobi, najlepszy energetyk, mus kokosowy do czego, ostrza\u0142ka do no\u017cy any sharp, syrop z imbiru pasteryzowany, vermis junior, ashwaghanda, only eco p\u0142yn do prania, ile kalorii maj\u0105 wi\u015bnie, daktyle 1 kg, rokitnika, mus wisniowy, dro\u017cd\u017ce w tabletkach skutki uboczne<\/p>\n<p><a href=\"https:\/\/cudimiod.pl\/diety-cud-i-miod\/dieta-gym\">https:\/\/cudimiod.pl\/diety-cud-i-miod\/dieta-gym<\/a><\/p>\n","protected":false},"excerpt":{"rendered":"<p>&#8211; Prosty fason.- Zapi\u0119cie na suwak.- Mi\u0119kko wy\u015bcie\u0142any model.- R\u0119kawy wyko\u0144czone \u015bci\u0105gaczem.- Dolna kraw\u0119d\u017a wyko\u0144czona \u015bci\u0105gaczem.- Model z kapturem.- G\u0142adka&hellip;<\/p>\n","protected":false},"featured_media":1575,"comment_status":"closed","ping_status":"open","template":"","meta":[],"product_cat":[204],"product_tag":[629,672,728,707],"class_list":["post-1574","product","type-product","status-publish","has-post-thumbnail","hentry","product_cat-przetwornice-napiecia","product_tag-maka-z-ciecierzycy","product_tag-makaron-zero-kalorii","product_tag-roslinne-mieso","product_tag-wege-mieso"],"_links":{"self":[{"href":"https:\/\/wegeblw.pl\/index.php\/wp-json\/wp\/v2\/product\/1574","targetHints":{"allow":["GET"]}}],"collection":[{"href":"https:\/\/wegeblw.pl\/index.php\/wp-json\/wp\/v2\/product"}],"about":[{"href":"https:\/\/wegeblw.pl\/index.php\/wp-json\/wp\/v2\/types\/product"}],"replies":[{"embeddable":true,"href":"https:\/\/wegeblw.pl\/index.php\/wp-json\/wp\/v2\/comments?post=1574"}],"wp:featuredmedia":[{"embeddable":true,"href":"https:\/\/wegeblw.pl\/index.php\/wp-json\/wp\/v2\/media\/1575"}],"wp:attachment":[{"href":"https:\/\/wegeblw.pl\/index.php\/wp-json\/wp\/v2\/media?parent=1574"}],"wp:term":[{"taxonomy":"product_cat","embeddable":true,"href":"https:\/\/wegeblw.pl\/index.php\/wp-json\/wp\/v2\/product_cat?post=1574"},{"taxonomy":"product_tag","embeddable":true,"href":"https:\/\/wegeblw.pl\/index.php\/wp-json\/wp\/v2\/product_tag?post=1574"}],"curies":[{"name":"wp","href":"https:\/\/api.w.org\/{rel}","templated":true}]}}