{"id":1582,"date":"2013-01-15T23:35:17","date_gmt":"2013-01-15T22:35:17","guid":{"rendered":"https:\/\/wegeblw.pl\/index.php\/produkt\/gumowe-honda-civic-sedan-2006-2011-rigum\/"},"modified":"2026-04-08T09:20:18","modified_gmt":"2026-04-08T07:20:18","slug":"gumowe-honda-civic-sedan-2006-2011-rigum","status":"publish","type":"product","link":"https:\/\/wegeblw.pl\/index.php\/produkt\/gumowe-honda-civic-sedan-2006-2011-rigum\/","title":{"rendered":"gumowe Honda Civic Sedan (2006-2011) RIGUM"},"content":{"rendered":"<p>Oprawy okularowe Burberry<\/p>\n<p>Okulary oprawki i szk\u0142a<\/p>\n<p>syrop daktylowy indeks glikemiczny, czy mak jest zdrowy, ghee, kalendarze adwentowe s\u0142odycze<\/p>\n<p><a href=\"https:\/\/kamieniarski.net\/uslugi-kamieniarskie-bydgoszcz\/\">zak\u0142ad kamieniarski bydgoszcz<\/a><\/p>\n","protected":false},"excerpt":{"rendered":"<p>Oprawy okularowe Burberry Okulary oprawki i szk\u0142a syrop daktylowy indeks glikemiczny, czy mak jest zdrowy, ghee, kalendarze adwentowe s\u0142odycze zak\u0142ad&hellip;<\/p>\n","protected":false},"featured_media":1583,"comment_status":"closed","ping_status":"open","template":"","meta":[],"product_cat":[206],"product_tag":[670,647,798],"class_list":["post-1582","product","type-product","status-publish","has-post-thumbnail","hentry","product_cat-dywaniki-samochodowe","product_tag-czeslaw-lang-choroba","product_tag-kurczak-bio","product_tag-makaron-pelnoziarnisty"],"_links":{"self":[{"href":"https:\/\/wegeblw.pl\/index.php\/wp-json\/wp\/v2\/product\/1582","targetHints":{"allow":["GET"]}}],"collection":[{"href":"https:\/\/wegeblw.pl\/index.php\/wp-json\/wp\/v2\/product"}],"about":[{"href":"https:\/\/wegeblw.pl\/index.php\/wp-json\/wp\/v2\/types\/product"}],"replies":[{"embeddable":true,"href":"https:\/\/wegeblw.pl\/index.php\/wp-json\/wp\/v2\/comments?post=1582"}],"wp:featuredmedia":[{"embeddable":true,"href":"https:\/\/wegeblw.pl\/index.php\/wp-json\/wp\/v2\/media\/1583"}],"wp:attachment":[{"href":"https:\/\/wegeblw.pl\/index.php\/wp-json\/wp\/v2\/media?parent=1582"}],"wp:term":[{"taxonomy":"product_cat","embeddable":true,"href":"https:\/\/wegeblw.pl\/index.php\/wp-json\/wp\/v2\/product_cat?post=1582"},{"taxonomy":"product_tag","embeddable":true,"href":"https:\/\/wegeblw.pl\/index.php\/wp-json\/wp\/v2\/product_tag?post=1582"}],"curies":[{"name":"wp","href":"https:\/\/api.w.org\/{rel}","templated":true}]}}