{"id":1618,"date":"2015-12-05T09:52:49","date_gmt":"2015-12-05T08:52:49","guid":{"rendered":"https:\/\/wegeblw.pl\/index.php\/produkt\/avanquest-architect-3d-20-gold-windows-ps11871lic\/"},"modified":"2026-04-17T03:20:27","modified_gmt":"2026-04-17T01:20:27","slug":"avanquest-architect-3d-20-gold-windows-ps11871lic","status":"publish","type":"product","link":"https:\/\/wegeblw.pl\/index.php\/produkt\/avanquest-architect-3d-20-gold-windows-ps11871lic\/","title":{"rendered":"Avanquest Architect 3D 20 Gold Windows (PS11871LIC)"},"content":{"rendered":"<p>Lekki, kwiatowy zapach, kt\u00f3ry doskonale prezentuje si\u0119 na kobiecie nowoczesnej, \u015bmia\u0142ej i odwa\u017cnej. Czysty kryszta\u0142, kt\u00f3ry inspirowa\u0142 tw\u00f3rc\u00f3w tego zapachu, stanowi niezwyk\u0142\u0105 ozdob\u0119 ka\u017cdej kobiety, dodaj\u0105c jej uroku i stylu. Perfumy damskie Versace Bright Crystal s\u0105 czyste, delikatne, kobiece i bardzo luksusowe, doskona\u0142e na ka\u017cd\u0105 okazj\u0119.<\/p>\n<p>Perfumy i wody damskie<\/p>\n<p>jak poprawi\u0107 sprawno\u015b\u0107 seksualn\u0105, olejek \u017curawinowy, lakownica l\u015bni\u0105ca, glowka czosnku<\/p>\n<p>yyyyy<\/p>\n","protected":false},"excerpt":{"rendered":"<p>Lekki, kwiatowy zapach, kt\u00f3ry doskonale prezentuje si\u0119 na kobiecie nowoczesnej, \u015bmia\u0142ej i odwa\u017cnej. Czysty kryszta\u0142, kt\u00f3ry inspirowa\u0142 tw\u00f3rc\u00f3w tego zapachu,&hellip;<\/p>\n","protected":false},"featured_media":1619,"comment_status":"closed","ping_status":"open","template":"","meta":[],"product_cat":[207],"product_tag":[779,783,699],"class_list":["post-1618","product","type-product","status-publish","has-post-thumbnail","hentry","product_cat-pozostale-oprogramowanie","product_tag-jak-gotowac-komose","product_tag-majonez-vita-pol","product_tag-sok-z-cytryn"],"_links":{"self":[{"href":"https:\/\/wegeblw.pl\/index.php\/wp-json\/wp\/v2\/product\/1618","targetHints":{"allow":["GET"]}}],"collection":[{"href":"https:\/\/wegeblw.pl\/index.php\/wp-json\/wp\/v2\/product"}],"about":[{"href":"https:\/\/wegeblw.pl\/index.php\/wp-json\/wp\/v2\/types\/product"}],"replies":[{"embeddable":true,"href":"https:\/\/wegeblw.pl\/index.php\/wp-json\/wp\/v2\/comments?post=1618"}],"wp:featuredmedia":[{"embeddable":true,"href":"https:\/\/wegeblw.pl\/index.php\/wp-json\/wp\/v2\/media\/1619"}],"wp:attachment":[{"href":"https:\/\/wegeblw.pl\/index.php\/wp-json\/wp\/v2\/media?parent=1618"}],"wp:term":[{"taxonomy":"product_cat","embeddable":true,"href":"https:\/\/wegeblw.pl\/index.php\/wp-json\/wp\/v2\/product_cat?post=1618"},{"taxonomy":"product_tag","embeddable":true,"href":"https:\/\/wegeblw.pl\/index.php\/wp-json\/wp\/v2\/product_tag?post=1618"}],"curies":[{"name":"wp","href":"https:\/\/api.w.org\/{rel}","templated":true}]}}